{"id":3885,"date":"2024-02-14T14:25:56","date_gmt":"2024-02-14T14:25:56","guid":{"rendered":"https:\/\/morsobaltic.com\/produktas\/morso-ignis-ugunskura-vieta\/"},"modified":"2026-03-19T20:35:50","modified_gmt":"2026-03-19T20:35:50","slug":"morso-ignis-kamins-un-grils","status":"publish","type":"product","link":"https:\/\/morsobaltic.com\/lv\/produktas\/morso-ignis-kamins-un-grils\/","title":{"rendered":"MORS\u00d8 IGNIS kam\u012bns un grils"},"content":{"rendered":"<h4>Mors\u00f8 Ignis \u2013 stil\u012bgs \u0101ra kam\u012bns j\u016bsu m\u0101jas m\u0101j\u012bgumam<\/h4>\n<p>Mors\u00f8 Ignis ir stil\u012bga ugunskura vieta, kas rad\u012bta k\u0101 \u012bsta terases vai galven\u0101s ieejas rota. \u0160is izstr\u0101d\u0101jums apvieno funkcionalit\u0101ti un est\u0113tiku, pie\u0161\u0137irot j\u016bsu m\u0101jas videi m\u0101j\u012bgumu un zieme\u013cnieciskas grezn\u012bbas saj\u016btu. Iztur\u012bgais \u010duguna korpuss nodro\u0161ina ilgus kalpo\u0161anas gadus, un minim\u0101listisk\u0101s formas lieliski sader ar jebkuru eksterjera stilu. \u0160is \u0101ra kam\u012bns ir lieliski piem\u0113rots siltumam, ta\u010du taj\u0101 varat gatavot ar\u012b lieliskus desertus. S\u0113d\u0113\u0161ana pie ugunskura vienm\u0113r iepriecina \u0123imeni \u2013 piem\u0113ram, cepti zef\u012bri ir \u012bsta b\u0113rnu laime. T\u0101 ir vienk\u0101r\u0161a un jautra nodarbe visiem kl\u0101teso\u0161ajiem.<\/p>\n<h5>Vair\u0101k iesp\u0113ju ar papildu piederumiem<\/h5>\n<p>Izmantojiet \u0161o kam\u012bnu sav\u0101 pagalm\u0101 v\u0113l pla\u0161\u0101k. Varat papildus ieg\u0101d\u0101ties \u012bpa\u0161as aug\u0161\u0113j\u0101s restes, kas acumirkl\u012b p\u0101rv\u0113rt\u012bs ugunskura vietu praktisk\u0101 kepsnin\u0113. T\u0101d\u0101 veid\u0101 var\u0113siet gatavot sare\u017e\u0123\u012bt\u0101kus \u0113dienus zem klajas debess. \u010cuguna \u012bpa\u0161\u012bbas \u013cauj uztur\u0113t stabilu karstumu, t\u0101p\u0113c \u0113diens izcepas vienm\u0113r\u012bgi un gar\u0161\u012bgi. Tas p\u0101rv\u0113r\u0161 gatavo\u0161anu par pat\u012bkamu ritu\u0101lu svaig\u0101 gais\u0101. Mors\u00f8 Ignis ir \u012bpa\u0161i iztur\u012bga ier\u012bce ar augstu notur\u012bbu pret koroziju. \u010cuguns nebaid\u0101s no augstas temperat\u016bras ietekmes un nezaud\u0113 savu s\u0101kotn\u0113jo formu pat p\u0113c daudz\u0101m kurin\u0101\u0161anas reiz\u0113m. To ir viegli kopt un t\u012br\u012bt p\u0113c katras lieto\u0161anas. J\u016bsu vakari \u0101r\u0101 k\u013c\u016bs silti un patie\u0161\u0101m neaizmirstami.<\/p>\n<h5>Invest\u012bcija d\u0101\u0146u kvalit\u0101t\u0113 un dizain\u0101<\/h5>\n<p>Invest\u0113jiet kvalit\u0101t\u0113, ko nov\u0113rt\u0113 visa pasaule. Mors\u00f8 z\u012bmols garant\u0113 d\u0101\u0146u meistardarbu. \u0160is kam\u012bns ir rad\u012bts tiem, kuri nov\u0113rt\u0113 dabisko uguns ma\u0123iju. Baudiet malkas prask\u0161\u0137\u0113\u0161anu katru vakaru \u2013 t\u0101 ir lieliska d\u0101vana sev vai tuvajiem. Kam\u012bns nodro\u0161ina stabilit\u0101ti un dro\u0161\u012bbu j\u016bsu atp\u016btas zon\u0101, sniedzot \u012bstu zieme\u013cniecisku siltumu. \u0160\u012b ugunskura vieta kalpos jums daudzas sezonas, jo t\u0101 nebaid\u0101s no mitruma vai tie\u0161iem saules stariem. Meln\u0101 korpusa kr\u0101sa saglab\u0101jas est\u0113tiska ilgu laiku. Jums tikai j\u0101par\u016bp\u0113jas par piem\u0113rotu malku un j\u0101bauda nomierino\u0161\u0101s uguns liesmas.<\/p>\n","protected":false},"excerpt":{"rendered":"<p>Tips: Stil\u012bgs \u010duguna \u0101ra kam\u012bns un grils<br \/>\nMateri\u0101ls: Ar Senotherm kr\u0101su kl\u0101ts \u010duguns<br \/>\nIzm\u0113ri: \u00d8 45 x 32 cm<br \/>\nSvars: 18 kg<br \/>\nDegviela: Malka, ogles<br \/>\nKr\u0101sa: Melna<\/p>\n","protected":false},"featured_media":8230,"comment_status":"closed","ping_status":"closed","template":"","meta":[],"product_brand":[],"product_cat":[87],"product_tag":[],"class_list":{"0":"post-3885","1":"product","2":"type-product","3":"status-publish","4":"has-post-thumbnail","6":"product_cat-grili","8":"first","9":"instock","10":"taxable","11":"shipping-taxable","12":"purchasable","13":"product-type-simple"},"yoast_head":"<!-- This site is optimized with the Yoast SEO plugin v27.3 - https:\/\/yoast.com\/product\/yoast-seo-wordpress\/ -->\n<title>Mors\u00f8 Ignis \u2013 stil\u012bgs \u0101ra kam\u012bns j\u016bsu m\u0101jas m\u0101j\u012bgumam<\/title>\n<meta name=\"description\" content=\"\u010cuguna \u0101ra kam\u012bns Mors\u00f8 Ignis apvieno funkcionalit\u0101ti un skandin\u0101vu dizainu. Ide\u0101ls siltumam un gril\u0113\u0161anai. Iztur\u012bgs korpuss. Svars: 18 kg.\" \/>\n<meta name=\"robots\" content=\"index, follow, max-snippet:-1, max-image-preview:large, max-video-preview:-1\" \/>\n<link rel=\"canonical\" href=\"https:\/\/morsobaltic.com\/lv\/produktas\/morso-ignis-kamins-un-grils\/\" \/>\n<meta property=\"og:locale\" content=\"lv_LV\" \/>\n<meta property=\"og:type\" content=\"article\" \/>\n<meta property=\"og:title\" content=\"Mors\u00f8 Ignis \u2013 stil\u012bgs \u0101ra kam\u012bns j\u016bsu m\u0101jas m\u0101j\u012bgumam\" \/>\n<meta property=\"og:description\" content=\"\u010cuguna \u0101ra kam\u012bns Mors\u00f8 Ignis apvieno funkcionalit\u0101ti un skandin\u0101vu dizainu. Ide\u0101ls siltumam un gril\u0113\u0161anai. Iztur\u012bgs korpuss. Svars: 18 kg.\" \/>\n<meta property=\"og:url\" content=\"https:\/\/morsobaltic.com\/lv\/produktas\/morso-ignis-kamins-un-grils\/\" \/>\n<meta property=\"og:site_name\" content=\"MORSO Baltic\" \/>\n<meta property=\"article:modified_time\" content=\"2026-03-19T20:35:50+00:00\" \/>\n<meta property=\"og:image\" content=\"https:\/\/morsobaltic.com\/wp-content\/uploads\/2024\/02\/ildsted_frit_udenskygge.jpeg\" \/>\n\t<meta property=\"og:image:width\" content=\"600\" \/>\n\t<meta property=\"og:image:height\" content=\"600\" \/>\n\t<meta property=\"og:image:type\" content=\"image\/jpeg\" \/>\n<meta name=\"twitter:card\" content=\"summary_large_image\" \/>\n<meta name=\"twitter:label1\" content=\"Est. reading time\" \/>\n\t<meta name=\"twitter:data1\" content=\"1 minute\" \/>\n<script type=\"application\/ld+json\" class=\"yoast-schema-graph\">{\"@context\":\"https:\\\/\\\/schema.org\",\"@graph\":[{\"@type\":\"WebPage\",\"@id\":\"https:\\\/\\\/morsobaltic.com\\\/lv\\\/produktas\\\/morso-ignis-kamins-un-grils\\\/\",\"url\":\"https:\\\/\\\/morsobaltic.com\\\/lv\\\/produktas\\\/morso-ignis-kamins-un-grils\\\/\",\"name\":\"Mors\u00f8 Ignis \u2013 stil\u012bgs \u0101ra kam\u012bns j\u016bsu m\u0101jas m\u0101j\u012bgumam\",\"isPartOf\":{\"@id\":\"https:\\\/\\\/morsobaltic.com\\\/lv\\\/#website\"},\"primaryImageOfPage\":{\"@id\":\"https:\\\/\\\/morsobaltic.com\\\/lv\\\/produktas\\\/morso-ignis-kamins-un-grils\\\/#primaryimage\"},\"image\":{\"@id\":\"https:\\\/\\\/morsobaltic.com\\\/lv\\\/produktas\\\/morso-ignis-kamins-un-grils\\\/#primaryimage\"},\"thumbnailUrl\":\"https:\\\/\\\/morsobaltic.com\\\/wp-content\\\/uploads\\\/2024\\\/02\\\/IGNIS-1080x1080-2.png\",\"datePublished\":\"2024-02-14T14:25:56+00:00\",\"dateModified\":\"2026-03-19T20:35:50+00:00\",\"description\":\"\u010cuguna \u0101ra kam\u012bns Mors\u00f8 Ignis apvieno funkcionalit\u0101ti un skandin\u0101vu dizainu. Ide\u0101ls siltumam un gril\u0113\u0161anai. Iztur\u012bgs korpuss. Svars: 18 kg.\",\"breadcrumb\":{\"@id\":\"https:\\\/\\\/morsobaltic.com\\\/lv\\\/produktas\\\/morso-ignis-kamins-un-grils\\\/#breadcrumb\"},\"inLanguage\":\"lv-LV\",\"potentialAction\":[{\"@type\":\"ReadAction\",\"target\":[\"https:\\\/\\\/morsobaltic.com\\\/lv\\\/produktas\\\/morso-ignis-kamins-un-grils\\\/\"]}]},{\"@type\":\"ImageObject\",\"inLanguage\":\"lv-LV\",\"@id\":\"https:\\\/\\\/morsobaltic.com\\\/lv\\\/produktas\\\/morso-ignis-kamins-un-grils\\\/#primaryimage\",\"url\":\"https:\\\/\\\/morsobaltic.com\\\/wp-content\\\/uploads\\\/2024\\\/02\\\/IGNIS-1080x1080-2.png\",\"contentUrl\":\"https:\\\/\\\/morsobaltic.com\\\/wp-content\\\/uploads\\\/2024\\\/02\\\/IGNIS-1080x1080-2.png\",\"width\":1080,\"height\":1080},{\"@type\":\"BreadcrumbList\",\"@id\":\"https:\\\/\\\/morsobaltic.com\\\/lv\\\/produktas\\\/morso-ignis-kamins-un-grils\\\/#breadcrumb\",\"itemListElement\":[{\"@type\":\"ListItem\",\"position\":1,\"name\":\"Home\",\"item\":\"https:\\\/\\\/morsobaltic.com\\\/lv\\\/\"},{\"@type\":\"ListItem\",\"position\":2,\"name\":\"Veikals\",\"item\":\"https:\\\/\\\/morsobaltic.com\\\/parduotuve\\\/\"},{\"@type\":\"ListItem\",\"position\":3,\"name\":\"MORS\u00d8 IGNIS kam\u012bns un grils\"}]},{\"@type\":\"WebSite\",\"@id\":\"https:\\\/\\\/morsobaltic.com\\\/lv\\\/#website\",\"url\":\"https:\\\/\\\/morsobaltic.com\\\/lv\\\/\",\"name\":\"MORSO Baltic\",\"description\":\"\",\"alternateName\":\"MORSOBALTIC\",\"potentialAction\":[{\"@type\":\"SearchAction\",\"target\":{\"@type\":\"EntryPoint\",\"urlTemplate\":\"https:\\\/\\\/morsobaltic.com\\\/lv\\\/?s={search_term_string}\"},\"query-input\":{\"@type\":\"PropertyValueSpecification\",\"valueRequired\":true,\"valueName\":\"search_term_string\"}}],\"inLanguage\":\"lv-LV\"}]}<\/script>\n<!-- \/ Yoast SEO plugin. -->","yoast_head_json":{"title":"Mors\u00f8 Ignis \u2013 stil\u012bgs \u0101ra kam\u012bns j\u016bsu m\u0101jas m\u0101j\u012bgumam","description":"\u010cuguna \u0101ra kam\u012bns Mors\u00f8 Ignis apvieno funkcionalit\u0101ti un skandin\u0101vu dizainu. Ide\u0101ls siltumam un gril\u0113\u0161anai. Iztur\u012bgs korpuss. Svars: 18 kg.","robots":{"index":"index","follow":"follow","max-snippet":"max-snippet:-1","max-image-preview":"max-image-preview:large","max-video-preview":"max-video-preview:-1"},"canonical":"https:\/\/morsobaltic.com\/lv\/produktas\/morso-ignis-kamins-un-grils\/","og_locale":"lv_LV","og_type":"article","og_title":"Mors\u00f8 Ignis \u2013 stil\u012bgs \u0101ra kam\u012bns j\u016bsu m\u0101jas m\u0101j\u012bgumam","og_description":"\u010cuguna \u0101ra kam\u012bns Mors\u00f8 Ignis apvieno funkcionalit\u0101ti un skandin\u0101vu dizainu. Ide\u0101ls siltumam un gril\u0113\u0161anai. Iztur\u012bgs korpuss. Svars: 18 kg.","og_url":"https:\/\/morsobaltic.com\/lv\/produktas\/morso-ignis-kamins-un-grils\/","og_site_name":"MORSO Baltic","article_modified_time":"2026-03-19T20:35:50+00:00","og_image":[{"width":600,"height":600,"url":"https:\/\/morsobaltic.com\/wp-content\/uploads\/2024\/02\/ildsted_frit_udenskygge.jpeg","type":"image\/jpeg"}],"twitter_card":"summary_large_image","twitter_misc":{"Est. reading time":"1 minute"},"schema":{"@context":"https:\/\/schema.org","@graph":[{"@type":"WebPage","@id":"https:\/\/morsobaltic.com\/lv\/produktas\/morso-ignis-kamins-un-grils\/","url":"https:\/\/morsobaltic.com\/lv\/produktas\/morso-ignis-kamins-un-grils\/","name":"Mors\u00f8 Ignis \u2013 stil\u012bgs \u0101ra kam\u012bns j\u016bsu m\u0101jas m\u0101j\u012bgumam","isPartOf":{"@id":"https:\/\/morsobaltic.com\/lv\/#website"},"primaryImageOfPage":{"@id":"https:\/\/morsobaltic.com\/lv\/produktas\/morso-ignis-kamins-un-grils\/#primaryimage"},"image":{"@id":"https:\/\/morsobaltic.com\/lv\/produktas\/morso-ignis-kamins-un-grils\/#primaryimage"},"thumbnailUrl":"https:\/\/morsobaltic.com\/wp-content\/uploads\/2024\/02\/IGNIS-1080x1080-2.png","datePublished":"2024-02-14T14:25:56+00:00","dateModified":"2026-03-19T20:35:50+00:00","description":"\u010cuguna \u0101ra kam\u012bns Mors\u00f8 Ignis apvieno funkcionalit\u0101ti un skandin\u0101vu dizainu. Ide\u0101ls siltumam un gril\u0113\u0161anai. Iztur\u012bgs korpuss. Svars: 18 kg.","breadcrumb":{"@id":"https:\/\/morsobaltic.com\/lv\/produktas\/morso-ignis-kamins-un-grils\/#breadcrumb"},"inLanguage":"lv-LV","potentialAction":[{"@type":"ReadAction","target":["https:\/\/morsobaltic.com\/lv\/produktas\/morso-ignis-kamins-un-grils\/"]}]},{"@type":"ImageObject","inLanguage":"lv-LV","@id":"https:\/\/morsobaltic.com\/lv\/produktas\/morso-ignis-kamins-un-grils\/#primaryimage","url":"https:\/\/morsobaltic.com\/wp-content\/uploads\/2024\/02\/IGNIS-1080x1080-2.png","contentUrl":"https:\/\/morsobaltic.com\/wp-content\/uploads\/2024\/02\/IGNIS-1080x1080-2.png","width":1080,"height":1080},{"@type":"BreadcrumbList","@id":"https:\/\/morsobaltic.com\/lv\/produktas\/morso-ignis-kamins-un-grils\/#breadcrumb","itemListElement":[{"@type":"ListItem","position":1,"name":"Home","item":"https:\/\/morsobaltic.com\/lv\/"},{"@type":"ListItem","position":2,"name":"Veikals","item":"https:\/\/morsobaltic.com\/parduotuve\/"},{"@type":"ListItem","position":3,"name":"MORS\u00d8 IGNIS kam\u012bns un grils"}]},{"@type":"WebSite","@id":"https:\/\/morsobaltic.com\/lv\/#website","url":"https:\/\/morsobaltic.com\/lv\/","name":"MORSO Baltic","description":"","alternateName":"MORSOBALTIC","potentialAction":[{"@type":"SearchAction","target":{"@type":"EntryPoint","urlTemplate":"https:\/\/morsobaltic.com\/lv\/?s={search_term_string}"},"query-input":{"@type":"PropertyValueSpecification","valueRequired":true,"valueName":"search_term_string"}}],"inLanguage":"lv-LV"}]}},"_links":{"self":[{"href":"https:\/\/morsobaltic.com\/lv\/wp-json\/wp\/v2\/product\/3885","targetHints":{"allow":["GET"]}}],"collection":[{"href":"https:\/\/morsobaltic.com\/lv\/wp-json\/wp\/v2\/product"}],"about":[{"href":"https:\/\/morsobaltic.com\/lv\/wp-json\/wp\/v2\/types\/product"}],"replies":[{"embeddable":true,"href":"https:\/\/morsobaltic.com\/lv\/wp-json\/wp\/v2\/comments?post=3885"}],"wp:featuredmedia":[{"embeddable":true,"href":"https:\/\/morsobaltic.com\/lv\/wp-json\/wp\/v2\/media\/8230"}],"wp:attachment":[{"href":"https:\/\/morsobaltic.com\/lv\/wp-json\/wp\/v2\/media?parent=3885"}],"wp:term":[{"taxonomy":"product_brand","embeddable":true,"href":"https:\/\/morsobaltic.com\/lv\/wp-json\/wp\/v2\/product_brand?post=3885"},{"taxonomy":"product_cat","embeddable":true,"href":"https:\/\/morsobaltic.com\/lv\/wp-json\/wp\/v2\/product_cat?post=3885"},{"taxonomy":"product_tag","embeddable":true,"href":"https:\/\/morsobaltic.com\/lv\/wp-json\/wp\/v2\/product_tag?post=3885"}],"curies":[{"name":"wp","href":"https:\/\/api.w.org\/{rel}","templated":true}]}}