{"id":3888,"date":"2024-02-14T14:25:56","date_gmt":"2024-02-14T14:25:56","guid":{"rendered":"https:\/\/morsobaltic.com\/produktas\/morso-grils-71-galdam\/"},"modified":"2026-03-19T20:31:40","modified_gmt":"2026-03-19T20:31:40","slug":"morso-grils-71-table-grils","status":"publish","type":"product","link":"https:\/\/morsobaltic.com\/lv\/produktas\/morso-grils-71-table-grils\/","title":{"rendered":"MORS\u00d8 GRILL &#8217;71 TABLE grils"},"content":{"rendered":"<h4>Mors\u00f8 Grill &#8217;71 \u2013 unik\u0101la \u010duguna ier\u012bce j\u016bsu galdam<\/h4>\n<p>Mors\u00f8 Grill &#8217;71 sniedz \u012bpa\u0161u gatavo\u0161anas pieredzi. \u0160o grilu var novietot tie\u0161i uz nedego\u0161as virsmas, kas \u013cauj baud\u012bt procesu \u0161eit un tagad. Viss notiek pie viena galda \u2013 pa\u0161i cepam un turpat \u0113dam. Kop\u0101 priec\u0101jamies par pat\u012bkamo siltumu, kas rada neticamu kop\u012bbas saj\u016btu j\u016bsu teras\u0113 vai d\u0101rz\u0101. \u0160is modelis ir \u013coti augstu v\u0113rt\u0113ts savas kvalit\u0101tes d\u0113\u013c. Mors\u00f8 Grill &#8217;71 restes ir izgatavotas no iztur\u012bga emalj\u0113ta \u010duguna. Tie\u0161i \u0161is materi\u0101ls nodro\u0161ina nevainojamu cep\u0161anu katru reizi, vienm\u0113r\u012bgi sadalot karstumu vis\u0101 virsm\u0101. Tas ir uzticams r\u012bks ikvienam \u0101ra virtuves entuziastam.<\/p>\n<h5>Prec\u012bza karstuma vad\u012bba un stabilit\u0101te<\/h5>\n<p>Ogles da\u017ereiz k\u013c\u016bst p\u0101r\u0101k karstas, ta\u010du risin\u0101jums ir \u013coti vienk\u0101r\u0161s. \u0160im grilam ir \u012bpa\u0161as pagrie\u017eamas restes, kuras ir viegli pastumt mal\u0101 no uguns. T\u0101d\u0101 veid\u0101 varat acumirkl\u012b pasarg\u0101t \u0113dienu no p\u0101rkar\u0161anas, sniedzot papildu dro\u0161\u012bbu gatavo\u0161anas laik\u0101. J\u016bs vienm\u0113r pa\u0161i kontrol\u0113jat procesu. Visa konstrukcija ir \u012bpa\u0161i stabila un uzticama. \u0160is grils kalpo gadu desmitiem, pateicoties kvalitat\u012bvajam \u010duguna korpusam. T\u0101 ir kompakta, bet \u013coti jaud\u012bga ier\u012bce j\u016bsu pagalmam, kas neaiz\u0146em daudz vietas \u0101ra telp\u0101. Minim\u0101listisks dizains lieliski sader ar da\u017e\u0101d\u0101m m\u0113bel\u0113m, padarot to ne tikai par kepsnini, bet ar\u012b par stil\u012bgu eksterjera elementu.<\/p>\n<h5>Vienk\u0101r\u0161a kop\u0161ana un ilgm\u016b\u017e\u012bba<\/h5>\n<p>Restes kopt ir \u013coti viegli un t\u0101s ir rad\u012btas \u0113rtai t\u012br\u012b\u0161anai bez r\u016bp\u0113m. Iesak\u0101m p\u0113c lieto\u0161anas restes ieziest ar neitr\u0101lu e\u013c\u013cu, kas iev\u0113rojami atvieglo t\u012br\u012b\u0161anu katru n\u0101kamo reizi. \u0160\u0101da vienk\u0101r\u0161a darb\u012bba pagarina restu kalpo\u0161anas laiku. \u0160is grils nebaid\u0101s no \u0101ra apst\u0101k\u013ciem vai korozijas, saglab\u0101jot savas \u012bpa\u0161\u012bbas ilgus gadus. Invest\u0113jot \u0161aj\u0101 model\u012b, j\u016bs izv\u0113laties \u012bstu d\u0101\u0146u kvalit\u0101ti. Mors\u00f8 z\u012bmols simboliz\u0113 ilgm\u016b\u017e\u012bbu un senas trad\u012bcijas. Katra deta\u013ca \u0161eit ir rad\u012bta, dom\u0101jot par lietot\u0101ja \u0113rt\u012bb\u0101m. J\u016bsu vakari \u0101r\u0101 k\u013c\u016bs v\u0113l silt\u0101ki un gar\u0161\u012bg\u0101ki. Baudiet l\u0113nu gatavo\u0161anu un nevainojamas gar\u0161as.<\/p>\n<p><iframe title=\"YouTube videoklipu atska\u0146ot\u0101js\" src=\"https:\/\/www.youtube.com\/embed\/0FoqLmiYNfc\" width=\"560\" height=\"315\" frameborder=\"0\" allowfullscreen=\"allowfullscreen\"><\/iframe><\/p>\n","protected":false},"excerpt":{"rendered":"<p>Tips: Kompakts \u010duguna galda grils<br \/>\nMateri\u0101ls: Emalj\u0113ts \u010duguns<br \/>\nGrila restes: Emalj\u0113ts \u010duguns (no\u0146emamas, regul\u0113jams augstums)<br \/>\nIzm\u0113ri: \u00d8 33 x 31 cm<br \/>\nSvars: 12,75 kg<br \/>\nDegviela: Ogles, briketes, malka<br \/>\nKr\u0101sa: Melna<\/p>\n","protected":false},"featured_media":2363,"comment_status":"closed","ping_status":"closed","template":"","meta":[],"product_brand":[],"product_cat":[87],"product_tag":[],"class_list":{"0":"post-3888","1":"product","2":"type-product","3":"status-publish","4":"has-post-thumbnail","6":"product_cat-grili","8":"first","9":"instock","10":"taxable","11":"shipping-taxable","12":"purchasable","13":"product-type-simple"},"yoast_head":"<!-- This site is optimized with the Yoast SEO plugin v27.3 - https:\/\/yoast.com\/product\/yoast-seo-wordpress\/ -->\n<title>Mors\u00f8 Grill &#039;71 \u2013 unik\u0101la \u010duguna ier\u012bce j\u016bsu galdam<\/title>\n<meta name=\"description\" content=\"Galda grils Mors\u00f8 Grill &#039;71 sniedz izcilu gatavo\u0161anas pieredzi tie\u0161i uz galda. Emalj\u0113ts \u010duguns un regul\u0113jams augstums ide\u0101lam rezult\u0101tam. Svars: 12,75 kg.\" \/>\n<meta name=\"robots\" content=\"index, follow, max-snippet:-1, max-image-preview:large, max-video-preview:-1\" \/>\n<link rel=\"canonical\" href=\"https:\/\/morsobaltic.com\/lv\/produktas\/morso-grils-71-table-grils\/\" \/>\n<meta property=\"og:locale\" content=\"lv_LV\" \/>\n<meta property=\"og:type\" content=\"article\" \/>\n<meta property=\"og:title\" content=\"Mors\u00f8 Grill &#039;71 \u2013 unik\u0101la \u010duguna ier\u012bce j\u016bsu galdam\" \/>\n<meta property=\"og:description\" content=\"Galda grils Mors\u00f8 Grill &#039;71 sniedz izcilu gatavo\u0161anas pieredzi tie\u0161i uz galda. Emalj\u0113ts \u010duguns un regul\u0113jams augstums ide\u0101lam rezult\u0101tam. Svars: 12,75 kg.\" \/>\n<meta property=\"og:url\" content=\"https:\/\/morsobaltic.com\/lv\/produktas\/morso-grils-71-table-grils\/\" \/>\n<meta property=\"og:site_name\" content=\"MORSO Baltic\" \/>\n<meta property=\"article:modified_time\" content=\"2026-03-19T20:31:40+00:00\" \/>\n<meta property=\"og:image\" content=\"https:\/\/morsobaltic.com\/wp-content\/uploads\/2024\/02\/grill-71-table-vinkel-angle.jpeg\" \/>\n\t<meta property=\"og:image:width\" content=\"600\" \/>\n\t<meta property=\"og:image:height\" content=\"600\" \/>\n\t<meta property=\"og:image:type\" content=\"image\/jpeg\" \/>\n<meta name=\"twitter:card\" content=\"summary_large_image\" \/>\n<meta name=\"twitter:label1\" content=\"Est. reading time\" \/>\n\t<meta name=\"twitter:data1\" content=\"1 minute\" \/>\n<script type=\"application\/ld+json\" class=\"yoast-schema-graph\">{\"@context\":\"https:\\\/\\\/schema.org\",\"@graph\":[{\"@type\":\"WebPage\",\"@id\":\"https:\\\/\\\/morsobaltic.com\\\/lv\\\/produktas\\\/morso-grils-71-table-grils\\\/\",\"url\":\"https:\\\/\\\/morsobaltic.com\\\/lv\\\/produktas\\\/morso-grils-71-table-grils\\\/\",\"name\":\"Mors\u00f8 Grill '71 \u2013 unik\u0101la \u010duguna ier\u012bce j\u016bsu galdam\",\"isPartOf\":{\"@id\":\"https:\\\/\\\/morsobaltic.com\\\/lv\\\/#website\"},\"primaryImageOfPage\":{\"@id\":\"https:\\\/\\\/morsobaltic.com\\\/lv\\\/produktas\\\/morso-grils-71-table-grils\\\/#primaryimage\"},\"image\":{\"@id\":\"https:\\\/\\\/morsobaltic.com\\\/lv\\\/produktas\\\/morso-grils-71-table-grils\\\/#primaryimage\"},\"thumbnailUrl\":\"https:\\\/\\\/morsobaltic.com\\\/wp-content\\\/uploads\\\/2024\\\/02\\\/grill-71-table-vinkel-angle.jpeg\",\"datePublished\":\"2024-02-14T14:25:56+00:00\",\"dateModified\":\"2026-03-19T20:31:40+00:00\",\"description\":\"Galda grils Mors\u00f8 Grill '71 sniedz izcilu gatavo\u0161anas pieredzi tie\u0161i uz galda. Emalj\u0113ts \u010duguns un regul\u0113jams augstums ide\u0101lam rezult\u0101tam. Svars: 12,75 kg.\",\"breadcrumb\":{\"@id\":\"https:\\\/\\\/morsobaltic.com\\\/lv\\\/produktas\\\/morso-grils-71-table-grils\\\/#breadcrumb\"},\"inLanguage\":\"lv-LV\",\"potentialAction\":[{\"@type\":\"ReadAction\",\"target\":[\"https:\\\/\\\/morsobaltic.com\\\/lv\\\/produktas\\\/morso-grils-71-table-grils\\\/\"]}]},{\"@type\":\"ImageObject\",\"inLanguage\":\"lv-LV\",\"@id\":\"https:\\\/\\\/morsobaltic.com\\\/lv\\\/produktas\\\/morso-grils-71-table-grils\\\/#primaryimage\",\"url\":\"https:\\\/\\\/morsobaltic.com\\\/wp-content\\\/uploads\\\/2024\\\/02\\\/grill-71-table-vinkel-angle.jpeg\",\"contentUrl\":\"https:\\\/\\\/morsobaltic.com\\\/wp-content\\\/uploads\\\/2024\\\/02\\\/grill-71-table-vinkel-angle.jpeg\",\"width\":600,\"height\":600},{\"@type\":\"BreadcrumbList\",\"@id\":\"https:\\\/\\\/morsobaltic.com\\\/lv\\\/produktas\\\/morso-grils-71-table-grils\\\/#breadcrumb\",\"itemListElement\":[{\"@type\":\"ListItem\",\"position\":1,\"name\":\"Home\",\"item\":\"https:\\\/\\\/morsobaltic.com\\\/lv\\\/\"},{\"@type\":\"ListItem\",\"position\":2,\"name\":\"Veikals\",\"item\":\"https:\\\/\\\/morsobaltic.com\\\/parduotuve\\\/\"},{\"@type\":\"ListItem\",\"position\":3,\"name\":\"MORS\u00d8 GRILL &#8217;71 TABLE grils\"}]},{\"@type\":\"WebSite\",\"@id\":\"https:\\\/\\\/morsobaltic.com\\\/lv\\\/#website\",\"url\":\"https:\\\/\\\/morsobaltic.com\\\/lv\\\/\",\"name\":\"MORSO Baltic\",\"description\":\"\",\"alternateName\":\"MORSOBALTIC\",\"potentialAction\":[{\"@type\":\"SearchAction\",\"target\":{\"@type\":\"EntryPoint\",\"urlTemplate\":\"https:\\\/\\\/morsobaltic.com\\\/lv\\\/?s={search_term_string}\"},\"query-input\":{\"@type\":\"PropertyValueSpecification\",\"valueRequired\":true,\"valueName\":\"search_term_string\"}}],\"inLanguage\":\"lv-LV\"}]}<\/script>\n<!-- \/ Yoast SEO plugin. -->","yoast_head_json":{"title":"Mors\u00f8 Grill '71 \u2013 unik\u0101la \u010duguna ier\u012bce j\u016bsu galdam","description":"Galda grils Mors\u00f8 Grill '71 sniedz izcilu gatavo\u0161anas pieredzi tie\u0161i uz galda. Emalj\u0113ts \u010duguns un regul\u0113jams augstums ide\u0101lam rezult\u0101tam. Svars: 12,75 kg.","robots":{"index":"index","follow":"follow","max-snippet":"max-snippet:-1","max-image-preview":"max-image-preview:large","max-video-preview":"max-video-preview:-1"},"canonical":"https:\/\/morsobaltic.com\/lv\/produktas\/morso-grils-71-table-grils\/","og_locale":"lv_LV","og_type":"article","og_title":"Mors\u00f8 Grill '71 \u2013 unik\u0101la \u010duguna ier\u012bce j\u016bsu galdam","og_description":"Galda grils Mors\u00f8 Grill '71 sniedz izcilu gatavo\u0161anas pieredzi tie\u0161i uz galda. Emalj\u0113ts \u010duguns un regul\u0113jams augstums ide\u0101lam rezult\u0101tam. Svars: 12,75 kg.","og_url":"https:\/\/morsobaltic.com\/lv\/produktas\/morso-grils-71-table-grils\/","og_site_name":"MORSO Baltic","article_modified_time":"2026-03-19T20:31:40+00:00","og_image":[{"width":600,"height":600,"url":"https:\/\/morsobaltic.com\/wp-content\/uploads\/2024\/02\/grill-71-table-vinkel-angle.jpeg","type":"image\/jpeg"}],"twitter_card":"summary_large_image","twitter_misc":{"Est. reading time":"1 minute"},"schema":{"@context":"https:\/\/schema.org","@graph":[{"@type":"WebPage","@id":"https:\/\/morsobaltic.com\/lv\/produktas\/morso-grils-71-table-grils\/","url":"https:\/\/morsobaltic.com\/lv\/produktas\/morso-grils-71-table-grils\/","name":"Mors\u00f8 Grill '71 \u2013 unik\u0101la \u010duguna ier\u012bce j\u016bsu galdam","isPartOf":{"@id":"https:\/\/morsobaltic.com\/lv\/#website"},"primaryImageOfPage":{"@id":"https:\/\/morsobaltic.com\/lv\/produktas\/morso-grils-71-table-grils\/#primaryimage"},"image":{"@id":"https:\/\/morsobaltic.com\/lv\/produktas\/morso-grils-71-table-grils\/#primaryimage"},"thumbnailUrl":"https:\/\/morsobaltic.com\/wp-content\/uploads\/2024\/02\/grill-71-table-vinkel-angle.jpeg","datePublished":"2024-02-14T14:25:56+00:00","dateModified":"2026-03-19T20:31:40+00:00","description":"Galda grils Mors\u00f8 Grill '71 sniedz izcilu gatavo\u0161anas pieredzi tie\u0161i uz galda. Emalj\u0113ts \u010duguns un regul\u0113jams augstums ide\u0101lam rezult\u0101tam. Svars: 12,75 kg.","breadcrumb":{"@id":"https:\/\/morsobaltic.com\/lv\/produktas\/morso-grils-71-table-grils\/#breadcrumb"},"inLanguage":"lv-LV","potentialAction":[{"@type":"ReadAction","target":["https:\/\/morsobaltic.com\/lv\/produktas\/morso-grils-71-table-grils\/"]}]},{"@type":"ImageObject","inLanguage":"lv-LV","@id":"https:\/\/morsobaltic.com\/lv\/produktas\/morso-grils-71-table-grils\/#primaryimage","url":"https:\/\/morsobaltic.com\/wp-content\/uploads\/2024\/02\/grill-71-table-vinkel-angle.jpeg","contentUrl":"https:\/\/morsobaltic.com\/wp-content\/uploads\/2024\/02\/grill-71-table-vinkel-angle.jpeg","width":600,"height":600},{"@type":"BreadcrumbList","@id":"https:\/\/morsobaltic.com\/lv\/produktas\/morso-grils-71-table-grils\/#breadcrumb","itemListElement":[{"@type":"ListItem","position":1,"name":"Home","item":"https:\/\/morsobaltic.com\/lv\/"},{"@type":"ListItem","position":2,"name":"Veikals","item":"https:\/\/morsobaltic.com\/parduotuve\/"},{"@type":"ListItem","position":3,"name":"MORS\u00d8 GRILL &#8217;71 TABLE grils"}]},{"@type":"WebSite","@id":"https:\/\/morsobaltic.com\/lv\/#website","url":"https:\/\/morsobaltic.com\/lv\/","name":"MORSO Baltic","description":"","alternateName":"MORSOBALTIC","potentialAction":[{"@type":"SearchAction","target":{"@type":"EntryPoint","urlTemplate":"https:\/\/morsobaltic.com\/lv\/?s={search_term_string}"},"query-input":{"@type":"PropertyValueSpecification","valueRequired":true,"valueName":"search_term_string"}}],"inLanguage":"lv-LV"}]}},"_links":{"self":[{"href":"https:\/\/morsobaltic.com\/lv\/wp-json\/wp\/v2\/product\/3888","targetHints":{"allow":["GET"]}}],"collection":[{"href":"https:\/\/morsobaltic.com\/lv\/wp-json\/wp\/v2\/product"}],"about":[{"href":"https:\/\/morsobaltic.com\/lv\/wp-json\/wp\/v2\/types\/product"}],"replies":[{"embeddable":true,"href":"https:\/\/morsobaltic.com\/lv\/wp-json\/wp\/v2\/comments?post=3888"}],"wp:featuredmedia":[{"embeddable":true,"href":"https:\/\/morsobaltic.com\/lv\/wp-json\/wp\/v2\/media\/2363"}],"wp:attachment":[{"href":"https:\/\/morsobaltic.com\/lv\/wp-json\/wp\/v2\/media?parent=3888"}],"wp:term":[{"taxonomy":"product_brand","embeddable":true,"href":"https:\/\/morsobaltic.com\/lv\/wp-json\/wp\/v2\/product_brand?post=3888"},{"taxonomy":"product_cat","embeddable":true,"href":"https:\/\/morsobaltic.com\/lv\/wp-json\/wp\/v2\/product_cat?post=3888"},{"taxonomy":"product_tag","embeddable":true,"href":"https:\/\/morsobaltic.com\/lv\/wp-json\/wp\/v2\/product_tag?post=3888"}],"curies":[{"name":"wp","href":"https:\/\/api.w.org\/{rel}","templated":true}]}}