{"id":3889,"date":"2024-02-14T14:25:56","date_gmt":"2024-02-14T14:25:56","guid":{"rendered":"https:\/\/morsobaltic.com\/produktas\/morso-grill-17\/"},"modified":"2026-04-09T19:33:44","modified_gmt":"2026-04-09T19:33:44","slug":"morso-grill-17-grils","status":"publish","type":"product","link":"https:\/\/morsobaltic.com\/lv\/produktas\/morso-grill-17-grils\/","title":{"rendered":"MORSO GRILL &#8217;17 grils"},"content":{"rendered":"<h4>Mors\u00f8 Grill \u201917 \u2013 izcila universalit\u0101te j\u016bsu \u0101ra virtuvei<\/h4>\n<p>Mors\u00f8 Grill \u201917 ir izcila ier\u012bce, kas sniegs v\u0113l vair\u0101k iesp\u0113ju \u0113diena gatavo\u0161anai \u0101r\u0101 un pacels j\u016bsu kulin\u0101ro pieredzi jaun\u0101 l\u012bmen\u012b. \u0160is modelis ir rad\u012bts tiem, kuri nov\u0113rt\u0113 nevainojamu skandin\u0101vu kvalit\u0101ti un universalit\u0101ti. Visu sist\u0113mu veido ietilp\u012bga uguns b\u013coda, \u010duguna cep\u0161anas restes un \u012bpa\u0161a cep\u0161anas pl\u0101tne, kas nodro\u0161ina stabilit\u0101ti gatavo\u0161anas laik\u0101. Konstrukcijas kop\u0113jais diametrs sasniedz 60 centimetrus, kas sniedz pietiekami daudz vietas malt\u012btes pagatavo\u0161anai pat lielam draugu pulkam vai \u0123imenes sv\u0113tkiem. Ja mekl\u0113jat ier\u012bci, kas b\u016btu ne tikai funkcion\u0101la, bet ar\u012b k\u013c\u016btu par stil\u012bgu j\u016bsu terases akcentu, \u0161is grils ir ide\u0101la izv\u0113le. Tas ir ieguld\u012bjums kvalitat\u012bv\u0101 br\u012bvaj\u0101 laik\u0101 zem klajas debess jebkur\u0101 gadalaik\u0101.<\/p>\n<h5>Elast\u012bba un gatavo\u0161ana vair\u0101kos l\u012bme\u0146os<\/h5>\n<p>Viena no liel\u0101kaj\u0101m \u0161\u012b mode\u013ca priek\u0161roc\u012bb\u0101m ir t\u0101 neticam\u0101 elast\u012bba gatavo\u0161anas procesa laik\u0101. Individu\u0101li varat regul\u0113t gan restu, gan cep\u0161anas pl\u0101tnes augstumu, piel\u0101gojot tos nepiecie\u0161amajam karstumam. \u0160ie \u010duguna pusap\u013ci var tikt pagriezti uz s\u0101niem neatkar\u012bgi viens no otra, t\u0101p\u0113c \u0161is grils \u013cauj vienlaic\u012bgi gatavot \u0113dienu piln\u012bgi at\u0161\u0137ir\u012bgos l\u012bme\u0146os. Piem\u0113ram, varat cept sul\u012bgu ga\u013cu uz pl\u0101tnes \u012bpa\u0161i augst\u0101 temperat\u016br\u0101, bet taj\u0101 pa\u0161\u0101 laik\u0101 d\u0101rze\u0146us, zivi vai maizi sild\u012bt augst\u0101k eso\u0161aj\u0101 l\u012bmen\u012b. \u0160\u0101ds gatavo\u0161anas veids \u013cauj kontrol\u0113t procesu un nodro\u0161in\u0101t, ka visas sast\u0101vda\u013cas tiek pasniegtas vienlaic\u012bgi. Tas sniedz profesion\u0101la l\u012bme\u0146a kontroli pat ies\u0101c\u0113jiem gril\u0113\u0161anas entuziastiem sav\u0101 m\u0101jas vid\u0113.<\/p>\n<h5>Materi\u0101lu kvalit\u0101te un d\u016bmu arom\u0101ts<\/h5>\n<p>Mors\u00f8 Grill \u201917 ir \u013coti univers\u0101ls attiec\u012bb\u0101 uz kurin\u0101majiem materi\u0101liem, sniedzot br\u012bv\u012bbu izv\u0113l\u0113ties. Taj\u0101 varat gatavot, izmantojot tradicion\u0101l\u0101s kokogles vai briketes, bet autentiskuma cien\u012bt\u0101ji var izv\u0113l\u0113ties parastu malku. Cep\u0161ana ar malku pie\u0161\u0137ir \u0113dienam to br\u012bni\u0161\u0137\u012bgo d\u016bmu arom\u0101tu, kas ir neat\u0146emama \u0101ra gatavo\u0161anas sast\u0101vda\u013ca. Visa konstrukcija ir izgatavota no emalj\u0113ta \u010duguna, t\u0101p\u0113c karstums saglab\u0101jas ilgi un sadal\u0101s vienm\u0113r\u012bgi. Tas nodro\u0161ina, ka j\u016bsu pagatavotie steiki b\u016bs sul\u012bgi, bet d\u0101rze\u0146i saglab\u0101s savu tekst\u016bru. Emalj\u0113t\u0101 virsma papildus pasarg\u0101 met\u0101lu no korozijas un atvieglo t\u012br\u012b\u0161anu p\u0113c gatavo\u0161anas, t\u0101p\u0113c grils saglab\u0101sies est\u0113tisks un tehniski k\u0101rt\u012bgs p\u0113c daudz\u0101m sezon\u0101m.<\/p>\n<h5>Stil\u012bga ugunskura vieta j\u016bsu vakariem<\/h5>\n<p>Beidzot gatavot \u0113dienu, \u0161\u012b ier\u012bce acumirkl\u012b k\u013c\u016bst par m\u0101j\u012bgu piesaistes centru j\u016bsu d\u0101rz\u0101. Cep\u0161anas pl\u0101tne un restes tiek vienk\u0101r\u0161i pagrieztas uz s\u0101niem, bet galven\u0101 b\u013coda s\u0101k darboties k\u0101 dekorat\u012bva atv\u0113rta ugunskura vieta. \u0160\u0101ds grils nodro\u0161ina m\u0101j\u012bgu atmosf\u0113ru teras\u0113 visu vakaru, izplatot pat\u012bkamu siltumu un gaismu visiem san\u0101ku\u0161ajiem viesiem. Jums tikai j\u0101iemet vair\u0101k malkas un j\u0101bauda uguns siltums, kam\u0113r vakars iet uz beig\u0101m. Tas ir dubults ieguvums: profesion\u0101la kepsnin\u0117 un stil\u012bga ugunskura vieta vien\u0101 ier\u012bc\u0113. Minim\u0101listisks dizains lieliski sader ar modernu m\u0101jas eksterjeru, bet vienk\u0101r\u0161a kop\u0161ana garant\u0113, ka \u0161is Mors\u00f8 z\u012bmola izstr\u0101d\u0101jums priec\u0113s j\u016bs daudzus gadus.<\/p>\n<p><iframe title=\"YouTube videoklipu atska\u0146ot\u0101js\" src=\"https:\/\/www.youtube.com\/embed\/WUK_XQUG6aI\" width=\"560\" height=\"315\" frameborder=\"0\" allowfullscreen=\"allowfullscreen\"><\/iframe><\/p>\n","protected":false},"excerpt":{"rendered":"<p>Tips: Multifunkcion\u0101ls \u010duguna grils un ugunskura vieta<br \/>\nMateri\u0101ls: Emalj\u0113ts \u010duguns<br \/>\nIzm\u0113ri: 60 x 74 x 95 cm<br \/>\nSvars: 67,5 kg<br \/>\nDegviela: Malka, ogles, briketes<br \/>\nKr\u0101sa: Melna<\/p>\n","protected":false},"featured_media":6736,"comment_status":"closed","ping_status":"closed","template":"","meta":[],"product_brand":[],"product_cat":[87],"product_tag":[],"class_list":{"0":"post-3889","1":"product","2":"type-product","3":"status-publish","4":"has-post-thumbnail","6":"product_cat-grili","8":"first","9":"instock","10":"taxable","11":"shipping-taxable","12":"purchasable","13":"product-type-simple"},"yoast_head":"<!-- This site is optimized with the Yoast SEO plugin v27.4 - https:\/\/yoast.com\/product\/yoast-seo-wordpress\/ -->\n<title>Mors\u00f8 Grill \u201917 \u2013 izcila universalit\u0101te j\u016bsu \u0101ra virtuvei<\/title>\n<meta name=\"description\" content=\"\u010cuguna grils Mors\u00f8 Grill \u201917 pied\u0101v\u0101 regul\u0113jamus gatavo\u0161anas l\u012bme\u0146us un 60 cm diametru. Ide\u0101ls gril\u0113\u0161anai un dekorat\u012bvai ugunskura vietai. Svars: 67,5 kg.\" \/>\n<meta name=\"robots\" content=\"index, follow, max-snippet:-1, max-image-preview:large, max-video-preview:-1\" \/>\n<link rel=\"canonical\" href=\"https:\/\/morsobaltic.com\/lv\/produktas\/morso-grill-17-grils\/\" \/>\n<meta property=\"og:locale\" content=\"lv_LV\" \/>\n<meta property=\"og:type\" content=\"article\" \/>\n<meta property=\"og:title\" content=\"Mors\u00f8 Grill \u201917 \u2013 izcila universalit\u0101te j\u016bsu \u0101ra virtuvei\" \/>\n<meta property=\"og:description\" content=\"\u010cuguna grils Mors\u00f8 Grill \u201917 pied\u0101v\u0101 regul\u0113jamus gatavo\u0161anas l\u012bme\u0146us un 60 cm diametru. Ide\u0101ls gril\u0113\u0161anai un dekorat\u012bvai ugunskura vietai. Svars: 67,5 kg.\" \/>\n<meta property=\"og:url\" content=\"https:\/\/morsobaltic.com\/lv\/produktas\/morso-grill-17-grils\/\" \/>\n<meta property=\"og:site_name\" content=\"MORSO Baltic\" \/>\n<meta property=\"article:modified_time\" content=\"2026-04-09T19:33:44+00:00\" \/>\n<meta property=\"og:image\" content=\"https:\/\/morsobaltic.com\/wp-content\/uploads\/2024\/02\/1-2.png\" \/>\n\t<meta property=\"og:image:width\" content=\"1080\" \/>\n\t<meta property=\"og:image:height\" content=\"1080\" \/>\n\t<meta property=\"og:image:type\" content=\"image\/png\" \/>\n<meta name=\"twitter:card\" content=\"summary_large_image\" \/>\n<meta name=\"twitter:label1\" content=\"Est. reading time\" \/>\n\t<meta name=\"twitter:data1\" content=\"3 minutes\" \/>\n<script type=\"application\/ld+json\" class=\"yoast-schema-graph\">{\"@context\":\"https:\\\/\\\/schema.org\",\"@graph\":[{\"@type\":\"WebPage\",\"@id\":\"https:\\\/\\\/morsobaltic.com\\\/lv\\\/produktas\\\/morso-grill-17-grils\\\/\",\"url\":\"https:\\\/\\\/morsobaltic.com\\\/lv\\\/produktas\\\/morso-grill-17-grils\\\/\",\"name\":\"Mors\u00f8 Grill \u201917 \u2013 izcila universalit\u0101te j\u016bsu \u0101ra virtuvei\",\"isPartOf\":{\"@id\":\"https:\\\/\\\/morsobaltic.com\\\/lv\\\/#website\"},\"primaryImageOfPage\":{\"@id\":\"https:\\\/\\\/morsobaltic.com\\\/lv\\\/produktas\\\/morso-grill-17-grils\\\/#primaryimage\"},\"image\":{\"@id\":\"https:\\\/\\\/morsobaltic.com\\\/lv\\\/produktas\\\/morso-grill-17-grils\\\/#primaryimage\"},\"thumbnailUrl\":\"https:\\\/\\\/morsobaltic.com\\\/wp-content\\\/uploads\\\/2024\\\/02\\\/1-2.png\",\"datePublished\":\"2024-02-14T14:25:56+00:00\",\"dateModified\":\"2026-04-09T19:33:44+00:00\",\"description\":\"\u010cuguna grils Mors\u00f8 Grill \u201917 pied\u0101v\u0101 regul\u0113jamus gatavo\u0161anas l\u012bme\u0146us un 60 cm diametru. Ide\u0101ls gril\u0113\u0161anai un dekorat\u012bvai ugunskura vietai. Svars: 67,5 kg.\",\"breadcrumb\":{\"@id\":\"https:\\\/\\\/morsobaltic.com\\\/lv\\\/produktas\\\/morso-grill-17-grils\\\/#breadcrumb\"},\"inLanguage\":\"lv-LV\",\"potentialAction\":[{\"@type\":\"ReadAction\",\"target\":[\"https:\\\/\\\/morsobaltic.com\\\/lv\\\/produktas\\\/morso-grill-17-grils\\\/\"]}]},{\"@type\":\"ImageObject\",\"inLanguage\":\"lv-LV\",\"@id\":\"https:\\\/\\\/morsobaltic.com\\\/lv\\\/produktas\\\/morso-grill-17-grils\\\/#primaryimage\",\"url\":\"https:\\\/\\\/morsobaltic.com\\\/wp-content\\\/uploads\\\/2024\\\/02\\\/1-2.png\",\"contentUrl\":\"https:\\\/\\\/morsobaltic.com\\\/wp-content\\\/uploads\\\/2024\\\/02\\\/1-2.png\",\"width\":1080,\"height\":1080},{\"@type\":\"BreadcrumbList\",\"@id\":\"https:\\\/\\\/morsobaltic.com\\\/lv\\\/produktas\\\/morso-grill-17-grils\\\/#breadcrumb\",\"itemListElement\":[{\"@type\":\"ListItem\",\"position\":1,\"name\":\"Home\",\"item\":\"https:\\\/\\\/morsobaltic.com\\\/lv\\\/\"},{\"@type\":\"ListItem\",\"position\":2,\"name\":\"Veikals\",\"item\":\"https:\\\/\\\/morsobaltic.com\\\/parduotuve\\\/\"},{\"@type\":\"ListItem\",\"position\":3,\"name\":\"MORSO GRILL &#8217;17 grils\"}]},{\"@type\":\"WebSite\",\"@id\":\"https:\\\/\\\/morsobaltic.com\\\/lv\\\/#website\",\"url\":\"https:\\\/\\\/morsobaltic.com\\\/lv\\\/\",\"name\":\"MORSO Baltic\",\"description\":\"\",\"alternateName\":\"MORSOBALTIC\",\"potentialAction\":[{\"@type\":\"SearchAction\",\"target\":{\"@type\":\"EntryPoint\",\"urlTemplate\":\"https:\\\/\\\/morsobaltic.com\\\/lv\\\/?s={search_term_string}\"},\"query-input\":{\"@type\":\"PropertyValueSpecification\",\"valueRequired\":true,\"valueName\":\"search_term_string\"}}],\"inLanguage\":\"lv-LV\"}]}<\/script>\n<!-- \/ Yoast SEO plugin. -->","yoast_head_json":{"title":"Mors\u00f8 Grill \u201917 \u2013 izcila universalit\u0101te j\u016bsu \u0101ra virtuvei","description":"\u010cuguna grils Mors\u00f8 Grill \u201917 pied\u0101v\u0101 regul\u0113jamus gatavo\u0161anas l\u012bme\u0146us un 60 cm diametru. Ide\u0101ls gril\u0113\u0161anai un dekorat\u012bvai ugunskura vietai. Svars: 67,5 kg.","robots":{"index":"index","follow":"follow","max-snippet":"max-snippet:-1","max-image-preview":"max-image-preview:large","max-video-preview":"max-video-preview:-1"},"canonical":"https:\/\/morsobaltic.com\/lv\/produktas\/morso-grill-17-grils\/","og_locale":"lv_LV","og_type":"article","og_title":"Mors\u00f8 Grill \u201917 \u2013 izcila universalit\u0101te j\u016bsu \u0101ra virtuvei","og_description":"\u010cuguna grils Mors\u00f8 Grill \u201917 pied\u0101v\u0101 regul\u0113jamus gatavo\u0161anas l\u012bme\u0146us un 60 cm diametru. Ide\u0101ls gril\u0113\u0161anai un dekorat\u012bvai ugunskura vietai. Svars: 67,5 kg.","og_url":"https:\/\/morsobaltic.com\/lv\/produktas\/morso-grill-17-grils\/","og_site_name":"MORSO Baltic","article_modified_time":"2026-04-09T19:33:44+00:00","og_image":[{"width":1080,"height":1080,"url":"https:\/\/morsobaltic.com\/wp-content\/uploads\/2024\/02\/1-2.png","type":"image\/png"}],"twitter_card":"summary_large_image","twitter_misc":{"Est. reading time":"3 minutes"},"schema":{"@context":"https:\/\/schema.org","@graph":[{"@type":"WebPage","@id":"https:\/\/morsobaltic.com\/lv\/produktas\/morso-grill-17-grils\/","url":"https:\/\/morsobaltic.com\/lv\/produktas\/morso-grill-17-grils\/","name":"Mors\u00f8 Grill \u201917 \u2013 izcila universalit\u0101te j\u016bsu \u0101ra virtuvei","isPartOf":{"@id":"https:\/\/morsobaltic.com\/lv\/#website"},"primaryImageOfPage":{"@id":"https:\/\/morsobaltic.com\/lv\/produktas\/morso-grill-17-grils\/#primaryimage"},"image":{"@id":"https:\/\/morsobaltic.com\/lv\/produktas\/morso-grill-17-grils\/#primaryimage"},"thumbnailUrl":"https:\/\/morsobaltic.com\/wp-content\/uploads\/2024\/02\/1-2.png","datePublished":"2024-02-14T14:25:56+00:00","dateModified":"2026-04-09T19:33:44+00:00","description":"\u010cuguna grils Mors\u00f8 Grill \u201917 pied\u0101v\u0101 regul\u0113jamus gatavo\u0161anas l\u012bme\u0146us un 60 cm diametru. Ide\u0101ls gril\u0113\u0161anai un dekorat\u012bvai ugunskura vietai. Svars: 67,5 kg.","breadcrumb":{"@id":"https:\/\/morsobaltic.com\/lv\/produktas\/morso-grill-17-grils\/#breadcrumb"},"inLanguage":"lv-LV","potentialAction":[{"@type":"ReadAction","target":["https:\/\/morsobaltic.com\/lv\/produktas\/morso-grill-17-grils\/"]}]},{"@type":"ImageObject","inLanguage":"lv-LV","@id":"https:\/\/morsobaltic.com\/lv\/produktas\/morso-grill-17-grils\/#primaryimage","url":"https:\/\/morsobaltic.com\/wp-content\/uploads\/2024\/02\/1-2.png","contentUrl":"https:\/\/morsobaltic.com\/wp-content\/uploads\/2024\/02\/1-2.png","width":1080,"height":1080},{"@type":"BreadcrumbList","@id":"https:\/\/morsobaltic.com\/lv\/produktas\/morso-grill-17-grils\/#breadcrumb","itemListElement":[{"@type":"ListItem","position":1,"name":"Home","item":"https:\/\/morsobaltic.com\/lv\/"},{"@type":"ListItem","position":2,"name":"Veikals","item":"https:\/\/morsobaltic.com\/parduotuve\/"},{"@type":"ListItem","position":3,"name":"MORSO GRILL &#8217;17 grils"}]},{"@type":"WebSite","@id":"https:\/\/morsobaltic.com\/lv\/#website","url":"https:\/\/morsobaltic.com\/lv\/","name":"MORSO Baltic","description":"","alternateName":"MORSOBALTIC","potentialAction":[{"@type":"SearchAction","target":{"@type":"EntryPoint","urlTemplate":"https:\/\/morsobaltic.com\/lv\/?s={search_term_string}"},"query-input":{"@type":"PropertyValueSpecification","valueRequired":true,"valueName":"search_term_string"}}],"inLanguage":"lv-LV"}]}},"_links":{"self":[{"href":"https:\/\/morsobaltic.com\/lv\/wp-json\/wp\/v2\/product\/3889","targetHints":{"allow":["GET"]}}],"collection":[{"href":"https:\/\/morsobaltic.com\/lv\/wp-json\/wp\/v2\/product"}],"about":[{"href":"https:\/\/morsobaltic.com\/lv\/wp-json\/wp\/v2\/types\/product"}],"replies":[{"embeddable":true,"href":"https:\/\/morsobaltic.com\/lv\/wp-json\/wp\/v2\/comments?post=3889"}],"wp:featuredmedia":[{"embeddable":true,"href":"https:\/\/morsobaltic.com\/lv\/wp-json\/wp\/v2\/media\/6736"}],"wp:attachment":[{"href":"https:\/\/morsobaltic.com\/lv\/wp-json\/wp\/v2\/media?parent=3889"}],"wp:term":[{"taxonomy":"product_brand","embeddable":true,"href":"https:\/\/morsobaltic.com\/lv\/wp-json\/wp\/v2\/product_brand?post=3889"},{"taxonomy":"product_cat","embeddable":true,"href":"https:\/\/morsobaltic.com\/lv\/wp-json\/wp\/v2\/product_cat?post=3889"},{"taxonomy":"product_tag","embeddable":true,"href":"https:\/\/morsobaltic.com\/lv\/wp-json\/wp\/v2\/product_tag?post=3889"}],"curies":[{"name":"wp","href":"https:\/\/api.w.org\/{rel}","templated":true}]}}