{"id":3904,"date":"2024-02-14T14:25:56","date_gmt":"2024-02-14T14:25:56","guid":{"rendered":"https:\/\/morsobaltic.com\/produktas\/morso-forno-ara-grils\/"},"modified":"2026-04-09T19:36:58","modified_gmt":"2026-04-09T19:36:58","slug":"morso-forno-grils","status":"publish","type":"product","link":"https:\/\/morsobaltic.com\/lv\/produktas\/morso-forno-grils\/","title":{"rendered":"MORSO FORNO grils"},"content":{"rendered":"<h4>Mors\u00f8 Forno \u2013 grils, k\u016bpin\u0101tava un stil\u012bgs \u0101ra kam\u012bns<\/h4>\n<p>Mors\u00f8 Forno ir univers\u0101la ier\u012bce, kas padar\u012bs j\u016bsu dz\u012bvi \u0101r\u0101 \u0113rt\u0101ku, skaist\u0101ku un daudz interesant\u0101ku. Tas nav tikai parasts grils, bet ar\u012b unik\u0101la atv\u0113rta kr\u0101sns un kam\u012bns vien\u0101. \u0160is skandin\u0101vu \u0161edevrs \u013cauj baud\u012bt \u0113diena gatavo\u0161anu uz dz\u012bvas uguns, pie\u0161\u0137irot j\u016bsu terasei ekskluzivit\u0101ti un m\u0101j\u012bgumu. Ja mekl\u0113jat veidu, k\u0101 p\u0101rv\u0113rst savu pagalmu par \u012bstu kulin\u0101rijas telpu, Mors\u00f8 Forno \u010duguna kr\u0101sns ir lab\u0101k\u0101 izv\u0113le. \u0160\u012b kr\u0101sns ir paredz\u0113ta tiem, kuri nov\u0113rt\u0113 autentisku gar\u0161u un v\u0113las eksperiment\u0113t ar da\u017e\u0101diem gatavo\u0161anas veidiem svaig\u0101 gais\u0101. Tas ir ilgm\u016b\u017e\u012bgs ieguld\u012bjums, kas priec\u0113s j\u016bs katr\u0101 kop\u0101 san\u0101k\u0161anas reiz\u0113.<\/p>\n<h5>It\u0101\u013cu kr\u0101sns forma un kulin\u0101r\u0101s iesp\u0113jas<\/h5>\n<p>Kr\u0101sns iek\u0161\u0113j\u0101 forma ir izveidota p\u0113c tradicion\u0101l\u0101s it\u0101\u013cu akmens kr\u0101sns parauga. Pla\u0161\u0101 un zem\u0101 deg\u0161anas kamera nodro\u0161ina nevainojamu karstuma cirkul\u0101ciju, t\u0101p\u0113c \u0161eit ir pietiekami daudz vietas visda\u017e\u0101d\u0101ko \u0113dienu pagatavo\u0161anai. Neatkar\u012bgi no t\u0101, vai tas ir sul\u012bgs cepetis vai krauk\u0161\u0137\u012bga it\u0101\u013cu pica \u2013 rezult\u0101ts vienm\u0113r b\u016bs izcils. Izmantojot papildu piederumus, piem\u0113ram, \u012bpa\u0161as durvis, Mors\u00f8 Forno vien\u0101 mirkl\u012b p\u0101rv\u0113r\u0161as par efekt\u012bvu k\u016bpin\u0101tavu. Tas \u013cauj pagatavot arom\u0101tisku k\u016bpin\u0101tu lasi vai citus delikateses tie\u0161i sav\u0101 m\u0101jas vid\u0113. Pateicoties savai universalit\u0101tei, \u0161\u012b ier\u012bce aizst\u0101j vair\u0101kas da\u017e\u0101das ier\u012bces, ietaupot vietu un sniedzot maksim\u0101lu funkcionalit\u0101ti.<\/p>\n<h5>Apbalvojumus guvis dizains un \u010duguna jauda<\/h5>\n<p>Mors\u00f8 Forno modeli rad\u012bjis slavenais dizainers Klauss Rats. T\u0101 vienk\u0101r\u0161ais skandin\u0101vu stils piesaista uzman\u012bbu un k\u013c\u016bst par galveno katras terases akcentu. Minim\u0101listiskas formas lieliski sader gan ar modernu, gan klasisku m\u0101jas eksterjeru, radot luksusa saj\u016btu jebkur\u0101 \u0101ra telp\u0101. \u0160\u012b kr\u0101sni\u0146a ir izgatavota no iztur\u012bga \u010duguna, kam piem\u012bt unik\u0101las siltuma \u012bpa\u0161\u012bbas. Materi\u0101ls efekt\u012bvi uzkr\u0101j karstumu un vienm\u0113r\u012bgi to izstaro v\u0113l ilgi p\u0113c tam, kad uguns ir nodzisusi. Tas \u013cauj ne tikai gatavot \u0113dienu, bet v\u0113l\u0101k baud\u012bt siltumu, izmantojot ier\u012bci k\u0101 stil\u012bgu skandin\u0101vu \u0101ra kam\u012bnu m\u0101j\u012bgos vakaros.<\/p>\n<h5>Kop\u0161ana un ilgm\u016b\u017e\u012bbas garantija<\/h5>\n<p>\u010cuguns ir viens no uzticam\u0101kajiem materi\u0101liem \u0101ra apst\u0101k\u013ciem, ta\u010du pareiza kop\u0161ana pal\u012bdz\u0113s saglab\u0101t nevainojamu izskatu gadu desmitiem. Iesak\u0101m regul\u0101ri t\u012br\u012bt kr\u0101sns iek\u0161pusi un izmantot aizsargp\u0101rkl\u0101jus, kad ier\u012bce netiek lietota. T\u0101 pasarg\u0101siet virsmu no mitruma un nodro\u0161in\u0101siet korpusa est\u0113tiku. Mors\u00f8 Forno ir vair\u0101k nek\u0101 grils \u2013 t\u0101 ir dz\u012bvesveida da\u013ca. Tas apvieno d\u0101\u0146u trad\u012bcijas, augst\u0101k\u0101s klases in\u017eenieriju un aizrau\u0161anos ar labu \u0113dienu. \u013baujiet sev baud\u012bt kulin\u0101ro br\u012bv\u012bbu un p\u0101rv\u0113rtiet katras vakari\u0146as \u0101r\u0101 par \u012bpa\u0161u ritu\u0101lu, kas pulc\u0113s \u0123imeni un draugus pie m\u0101j\u012bgas uguns gaismas un gardu \u0113dienu arom\u0101tiem.<\/p>\n<p><iframe title=\"YouTube videoklipu atska\u0146ot\u0101js\" src=\"https:\/\/www.youtube.com\/embed\/kUNJaAA4roM\" width=\"560\" height=\"315\" frameborder=\"0\" allowfullscreen=\"allowfullscreen\"><\/iframe><\/p>\n","protected":false},"excerpt":{"rendered":"<p>Tips: Univers\u0101la \u010duguna \u0101ra kr\u0101sns un grils<br \/>\nDizainers: Klaus Rath<br \/>\nMateri\u0101ls: Divk\u0101r\u0161i p\u0101rkl\u0101ts \u010duguns un keramikas fl\u012bzes<br \/>\nIzm\u0113ri: 75 x 68,3 x 60,7 cm<br \/>\nSvars: 103 kg<br \/>\nDegviela: Malka, ogles, briketes<br \/>\nKr\u0101sa: Melna<\/p>\n","protected":false},"featured_media":2348,"comment_status":"closed","ping_status":"closed","template":"","meta":[],"product_brand":[],"product_cat":[87],"product_tag":[],"class_list":{"0":"post-3904","1":"product","2":"type-product","3":"status-publish","4":"has-post-thumbnail","6":"product_cat-grili","8":"first","9":"instock","10":"taxable","11":"shipping-taxable","12":"purchasable","13":"product-type-simple"},"yoast_head":"<!-- This site is optimized with the Yoast SEO plugin v27.3 - https:\/\/yoast.com\/product\/yoast-seo-wordpress\/ -->\n<title>Mors\u00f8 Forno \u2013 grils, k\u016bpin\u0101tava un stil\u012bgs \u0101ra kam\u012bns<\/title>\n<meta name=\"description\" content=\"\u010cuguna kr\u0101sns Mors\u00f8 Forno apvieno picas kr\u0101sni, grilu un kam\u012bnu. Skandin\u0101vu dizains un izcila siltuma akumul\u0101cija. Svars: 103 kg.\" \/>\n<meta name=\"robots\" content=\"index, follow, max-snippet:-1, max-image-preview:large, max-video-preview:-1\" \/>\n<link rel=\"canonical\" href=\"https:\/\/morsobaltic.com\/lv\/produktas\/morso-forno-grils\/\" \/>\n<meta property=\"og:locale\" content=\"lv_LV\" \/>\n<meta property=\"og:type\" content=\"article\" \/>\n<meta property=\"og:title\" content=\"Mors\u00f8 Forno \u2013 grils, k\u016bpin\u0101tava un stil\u012bgs \u0101ra kam\u012bns\" \/>\n<meta property=\"og:description\" content=\"\u010cuguna kr\u0101sns Mors\u00f8 Forno apvieno picas kr\u0101sni, grilu un kam\u012bnu. Skandin\u0101vu dizains un izcila siltuma akumul\u0101cija. Svars: 103 kg.\" \/>\n<meta property=\"og:url\" content=\"https:\/\/morsobaltic.com\/lv\/produktas\/morso-forno-grils\/\" \/>\n<meta property=\"og:site_name\" content=\"MORSO Baltic\" \/>\n<meta property=\"article:modified_time\" content=\"2026-04-09T19:36:58+00:00\" \/>\n<meta property=\"og:image\" content=\"https:\/\/morsobaltic.com\/wp-content\/uploads\/2024\/02\/fornoudeovn_1564628163s.jpeg\" \/>\n\t<meta property=\"og:image:width\" content=\"900\" \/>\n\t<meta property=\"og:image:height\" content=\"900\" \/>\n\t<meta property=\"og:image:type\" content=\"image\/jpeg\" \/>\n<meta name=\"twitter:card\" content=\"summary_large_image\" \/>\n<meta name=\"twitter:label1\" content=\"Est. reading time\" \/>\n\t<meta name=\"twitter:data1\" content=\"3 minutes\" \/>\n<script type=\"application\/ld+json\" class=\"yoast-schema-graph\">{\"@context\":\"https:\\\/\\\/schema.org\",\"@graph\":[{\"@type\":\"WebPage\",\"@id\":\"https:\\\/\\\/morsobaltic.com\\\/lv\\\/produktas\\\/morso-forno-grils\\\/\",\"url\":\"https:\\\/\\\/morsobaltic.com\\\/lv\\\/produktas\\\/morso-forno-grils\\\/\",\"name\":\"Mors\u00f8 Forno \u2013 grils, k\u016bpin\u0101tava un stil\u012bgs \u0101ra kam\u012bns\",\"isPartOf\":{\"@id\":\"https:\\\/\\\/morsobaltic.com\\\/lv\\\/#website\"},\"primaryImageOfPage\":{\"@id\":\"https:\\\/\\\/morsobaltic.com\\\/lv\\\/produktas\\\/morso-forno-grils\\\/#primaryimage\"},\"image\":{\"@id\":\"https:\\\/\\\/morsobaltic.com\\\/lv\\\/produktas\\\/morso-forno-grils\\\/#primaryimage\"},\"thumbnailUrl\":\"https:\\\/\\\/morsobaltic.com\\\/wp-content\\\/uploads\\\/2024\\\/02\\\/fornoudeovn_1564628163s.jpeg\",\"datePublished\":\"2024-02-14T14:25:56+00:00\",\"dateModified\":\"2026-04-09T19:36:58+00:00\",\"description\":\"\u010cuguna kr\u0101sns Mors\u00f8 Forno apvieno picas kr\u0101sni, grilu un kam\u012bnu. Skandin\u0101vu dizains un izcila siltuma akumul\u0101cija. Svars: 103 kg.\",\"breadcrumb\":{\"@id\":\"https:\\\/\\\/morsobaltic.com\\\/lv\\\/produktas\\\/morso-forno-grils\\\/#breadcrumb\"},\"inLanguage\":\"lv-LV\",\"potentialAction\":[{\"@type\":\"ReadAction\",\"target\":[\"https:\\\/\\\/morsobaltic.com\\\/lv\\\/produktas\\\/morso-forno-grils\\\/\"]}]},{\"@type\":\"ImageObject\",\"inLanguage\":\"lv-LV\",\"@id\":\"https:\\\/\\\/morsobaltic.com\\\/lv\\\/produktas\\\/morso-forno-grils\\\/#primaryimage\",\"url\":\"https:\\\/\\\/morsobaltic.com\\\/wp-content\\\/uploads\\\/2024\\\/02\\\/fornoudeovn_1564628163s.jpeg\",\"contentUrl\":\"https:\\\/\\\/morsobaltic.com\\\/wp-content\\\/uploads\\\/2024\\\/02\\\/fornoudeovn_1564628163s.jpeg\",\"width\":900,\"height\":900},{\"@type\":\"BreadcrumbList\",\"@id\":\"https:\\\/\\\/morsobaltic.com\\\/lv\\\/produktas\\\/morso-forno-grils\\\/#breadcrumb\",\"itemListElement\":[{\"@type\":\"ListItem\",\"position\":1,\"name\":\"Home\",\"item\":\"https:\\\/\\\/morsobaltic.com\\\/lv\\\/\"},{\"@type\":\"ListItem\",\"position\":2,\"name\":\"Veikals\",\"item\":\"https:\\\/\\\/morsobaltic.com\\\/parduotuve\\\/\"},{\"@type\":\"ListItem\",\"position\":3,\"name\":\"MORSO FORNO grils\"}]},{\"@type\":\"WebSite\",\"@id\":\"https:\\\/\\\/morsobaltic.com\\\/lv\\\/#website\",\"url\":\"https:\\\/\\\/morsobaltic.com\\\/lv\\\/\",\"name\":\"MORSO Baltic\",\"description\":\"\",\"alternateName\":\"MORSOBALTIC\",\"potentialAction\":[{\"@type\":\"SearchAction\",\"target\":{\"@type\":\"EntryPoint\",\"urlTemplate\":\"https:\\\/\\\/morsobaltic.com\\\/lv\\\/?s={search_term_string}\"},\"query-input\":{\"@type\":\"PropertyValueSpecification\",\"valueRequired\":true,\"valueName\":\"search_term_string\"}}],\"inLanguage\":\"lv-LV\"}]}<\/script>\n<!-- \/ Yoast SEO plugin. -->","yoast_head_json":{"title":"Mors\u00f8 Forno \u2013 grils, k\u016bpin\u0101tava un stil\u012bgs \u0101ra kam\u012bns","description":"\u010cuguna kr\u0101sns Mors\u00f8 Forno apvieno picas kr\u0101sni, grilu un kam\u012bnu. Skandin\u0101vu dizains un izcila siltuma akumul\u0101cija. Svars: 103 kg.","robots":{"index":"index","follow":"follow","max-snippet":"max-snippet:-1","max-image-preview":"max-image-preview:large","max-video-preview":"max-video-preview:-1"},"canonical":"https:\/\/morsobaltic.com\/lv\/produktas\/morso-forno-grils\/","og_locale":"lv_LV","og_type":"article","og_title":"Mors\u00f8 Forno \u2013 grils, k\u016bpin\u0101tava un stil\u012bgs \u0101ra kam\u012bns","og_description":"\u010cuguna kr\u0101sns Mors\u00f8 Forno apvieno picas kr\u0101sni, grilu un kam\u012bnu. Skandin\u0101vu dizains un izcila siltuma akumul\u0101cija. Svars: 103 kg.","og_url":"https:\/\/morsobaltic.com\/lv\/produktas\/morso-forno-grils\/","og_site_name":"MORSO Baltic","article_modified_time":"2026-04-09T19:36:58+00:00","og_image":[{"width":900,"height":900,"url":"https:\/\/morsobaltic.com\/wp-content\/uploads\/2024\/02\/fornoudeovn_1564628163s.jpeg","type":"image\/jpeg"}],"twitter_card":"summary_large_image","twitter_misc":{"Est. reading time":"3 minutes"},"schema":{"@context":"https:\/\/schema.org","@graph":[{"@type":"WebPage","@id":"https:\/\/morsobaltic.com\/lv\/produktas\/morso-forno-grils\/","url":"https:\/\/morsobaltic.com\/lv\/produktas\/morso-forno-grils\/","name":"Mors\u00f8 Forno \u2013 grils, k\u016bpin\u0101tava un stil\u012bgs \u0101ra kam\u012bns","isPartOf":{"@id":"https:\/\/morsobaltic.com\/lv\/#website"},"primaryImageOfPage":{"@id":"https:\/\/morsobaltic.com\/lv\/produktas\/morso-forno-grils\/#primaryimage"},"image":{"@id":"https:\/\/morsobaltic.com\/lv\/produktas\/morso-forno-grils\/#primaryimage"},"thumbnailUrl":"https:\/\/morsobaltic.com\/wp-content\/uploads\/2024\/02\/fornoudeovn_1564628163s.jpeg","datePublished":"2024-02-14T14:25:56+00:00","dateModified":"2026-04-09T19:36:58+00:00","description":"\u010cuguna kr\u0101sns Mors\u00f8 Forno apvieno picas kr\u0101sni, grilu un kam\u012bnu. Skandin\u0101vu dizains un izcila siltuma akumul\u0101cija. Svars: 103 kg.","breadcrumb":{"@id":"https:\/\/morsobaltic.com\/lv\/produktas\/morso-forno-grils\/#breadcrumb"},"inLanguage":"lv-LV","potentialAction":[{"@type":"ReadAction","target":["https:\/\/morsobaltic.com\/lv\/produktas\/morso-forno-grils\/"]}]},{"@type":"ImageObject","inLanguage":"lv-LV","@id":"https:\/\/morsobaltic.com\/lv\/produktas\/morso-forno-grils\/#primaryimage","url":"https:\/\/morsobaltic.com\/wp-content\/uploads\/2024\/02\/fornoudeovn_1564628163s.jpeg","contentUrl":"https:\/\/morsobaltic.com\/wp-content\/uploads\/2024\/02\/fornoudeovn_1564628163s.jpeg","width":900,"height":900},{"@type":"BreadcrumbList","@id":"https:\/\/morsobaltic.com\/lv\/produktas\/morso-forno-grils\/#breadcrumb","itemListElement":[{"@type":"ListItem","position":1,"name":"Home","item":"https:\/\/morsobaltic.com\/lv\/"},{"@type":"ListItem","position":2,"name":"Veikals","item":"https:\/\/morsobaltic.com\/parduotuve\/"},{"@type":"ListItem","position":3,"name":"MORSO FORNO grils"}]},{"@type":"WebSite","@id":"https:\/\/morsobaltic.com\/lv\/#website","url":"https:\/\/morsobaltic.com\/lv\/","name":"MORSO Baltic","description":"","alternateName":"MORSOBALTIC","potentialAction":[{"@type":"SearchAction","target":{"@type":"EntryPoint","urlTemplate":"https:\/\/morsobaltic.com\/lv\/?s={search_term_string}"},"query-input":{"@type":"PropertyValueSpecification","valueRequired":true,"valueName":"search_term_string"}}],"inLanguage":"lv-LV"}]}},"_links":{"self":[{"href":"https:\/\/morsobaltic.com\/lv\/wp-json\/wp\/v2\/product\/3904","targetHints":{"allow":["GET"]}}],"collection":[{"href":"https:\/\/morsobaltic.com\/lv\/wp-json\/wp\/v2\/product"}],"about":[{"href":"https:\/\/morsobaltic.com\/lv\/wp-json\/wp\/v2\/types\/product"}],"replies":[{"embeddable":true,"href":"https:\/\/morsobaltic.com\/lv\/wp-json\/wp\/v2\/comments?post=3904"}],"wp:featuredmedia":[{"embeddable":true,"href":"https:\/\/morsobaltic.com\/lv\/wp-json\/wp\/v2\/media\/2348"}],"wp:attachment":[{"href":"https:\/\/morsobaltic.com\/lv\/wp-json\/wp\/v2\/media?parent=3904"}],"wp:term":[{"taxonomy":"product_brand","embeddable":true,"href":"https:\/\/morsobaltic.com\/lv\/wp-json\/wp\/v2\/product_brand?post=3904"},{"taxonomy":"product_cat","embeddable":true,"href":"https:\/\/morsobaltic.com\/lv\/wp-json\/wp\/v2\/product_cat?post=3904"},{"taxonomy":"product_tag","embeddable":true,"href":"https:\/\/morsobaltic.com\/lv\/wp-json\/wp\/v2\/product_tag?post=3904"}],"curies":[{"name":"wp","href":"https:\/\/api.w.org\/{rel}","templated":true}]}}