{"id":4617,"date":"2025-01-26T10:25:19","date_gmt":"2025-01-26T10:25:19","guid":{"rendered":"https:\/\/morsobaltic.com\/?post_type=product&#038;p=4617"},"modified":"2026-03-18T19:05:32","modified_gmt":"2026-03-18T19:05:32","slug":"kaminkrasns-morso-7349","status":"publish","type":"product","link":"https:\/\/morsobaltic.com\/lv\/produktas\/kaminkrasns-morso-7349\/","title":{"rendered":"Kaminkr\u0101sns Morso 7349"},"content":{"rendered":"<h4>Mors\u00f8 7349 \u2013 skulptur\u0101ls pjedest\u0101la dizains un panor\u0101mas uguns<\/h4>\n<p>Mors\u00f8 7349 ir jaud\u012bga \u010duguna kr\u0101sni\u0146a, kas uzst\u0101d\u012bta uz \u012bpa\u0161i augsta pjedest\u0101la. \u0160\u012b konstrukcija pie\u0161\u0137ir kr\u0101sni\u0146ai viegluma saj\u016btu un padara to par stil\u012bgu interjera deta\u013cu. Augstais stat\u012bvs pace\u013c stiklu augstum\u0101, kas \u013cauj v\u0113l vair\u0101k baud\u012bt uguns liesmas. 7300 s\u0113rija tika izstr\u0101d\u0101ta sadarb\u012bb\u0101 ar paz\u012bstamo dizaineri Moniku Riterbandu. Modernais un pl\u016bsto\u0161ais dizains lieliski iederas daudzos m\u016bsdienu m\u0101jok\u013cos. Liel\u0101s stikla durvis sniedz iesp\u0113ju netrauc\u0113ti baud\u012bt dego\u0161as malkas liesmas. Tas nav tikai efekt\u012bvs siltuma avots, bet ar\u012b grezns m\u0101kslas darbs j\u016bsu viesistab\u0101. Katra deta\u013ca \u0161eit ir izstr\u0101d\u0101ta maksim\u0101lam vizu\u0101lam baud\u012bjumam un funkcionalit\u0101tei. Pjedest\u0101ls pace\u013c uguni lab\u0101k redzam\u0101 l\u012bmen\u012b, radot m\u0101j\u012bgu gaisotni.<\/p>\n<p>\u0160\u012b \u010duguna kr\u0101sni\u0146a darbojas p\u0113c konvekcijas principa. Tas nodro\u0161ina t\u012bru un \u013coti efekt\u012bvu malkas sadeg\u0161anu j\u016bsu m\u0101j\u0101s. Produktam ir skandin\u0101vu vides mar\u0137\u0113jums &#8220;Zieme\u013cu gulbis&#8221;. Tas apliecina atbilst\u012bbu augst\u0101kajiem ekolo\u0123ijas un ilgtsp\u0113jas standartiem. \u0160\u012bs s\u0113rijas kr\u0101sn\u012bs izmantot\u0101 deg\u0161anas tehnolo\u0123ija izmanto iepriek\u0161 uzsild\u012btu gaisu. Tas nodro\u0161ina augst\u0101ku temperat\u016bru kurtuv\u0113, t\u0101d\u0113j\u0101di tiek sadedzin\u0101tas gandr\u012bz visas izpl\u016bdes g\u0101zes. Tas ir jums izdev\u012bgs un videi draudz\u012bgs process. Augsta izmaksu efektivit\u0101te \u013cauj taup\u012bt kurin\u0101mo katru apkures sezonu. \u010cugunam piem\u012bt unik\u0101las \u012bpa\u0161\u012bbas akumul\u0113t siltumu. Materi\u0101ls ir iztur\u012bgs pret p\u0101rdeg\u0161anu un nedeform\u0113jas p\u0113c sakars\u0113\u0161anas.<\/p>\n<h5>Izcilas \u012bpa\u0161\u012bbas un moderna funkcionalit\u0101te ikdien\u0101<\/h5>\n<p>Mors\u00f8 7349 modelim ir rakstur\u012bga vienk\u0101r\u0161a un \u0113rta vad\u012bba. Speci\u0101la gaisa p\u016b\u0161anas sist\u0113ma nodro\u0161ina stiklu bez kv\u0113piem. Jums nevajadz\u0113s bie\u017ei t\u012br\u012bt durvju virsmu. Iz\u0146emam\u0101 pelnu atvilktne \u013cauj izt\u012br\u012bt kr\u0101sni\u0146u pat kurin\u0101\u0161anas laik\u0101. Tas sniedz papildu \u0113rt\u012bbas ikdienas lieto\u0161an\u0101. Nomin\u0101l\u0101 4,3 kW jauda efekt\u012bvi apsilda plat\u012bbu l\u012bdz 105 m2. A+ ener\u0123ijas klase garant\u0113 ekonomisku degvielas pat\u0113ri\u0146u. Kr\u0101sni\u0146as svars sasniedz 116 kg, un t\u0101s augstums ir 1111 mm. Malkas garums ir 33 cm, padarot lieto\u0161anu \u0113rtu. \u0160\u012b \u010duguna kr\u0101sni\u0146a ir \u012bpa\u0161i ilgtsp\u0113j\u012bgs produkts j\u016bsu \u0123imenei. Tas ir kvalit\u0101tes ieguld\u012bjums, kas priec\u0113s gadu desmitiem.<\/p>\n","protected":false},"excerpt":{"rendered":"<p>Tips: Konvekcijas \u010duguna kr\u0101sni\u0146a (augsta pjedest\u0101la modelis)<br \/>\nEner\u0123ijas klase: A+<br \/>\nNomin\u0101l\u0101 jauda: 4,3 kw | Sild\u012b\u0161anas jauda: 3-7 kw<br \/>\nApsild\u0101m\u0101 plat\u012bba: 45-105 m2<br \/>\nAugstums: 1111 mm | Platums: 440 mm | Dzi\u013cums: 384 mm<br \/>\nD\u016bmvads: 150 mm<br \/>\nSvars: 116 kg | Malkas garums: 33 cm<\/p>\n","protected":false},"featured_media":6946,"comment_status":"open","ping_status":"closed","template":"","meta":[],"product_brand":[],"product_cat":[211],"product_tag":[],"class_list":{"0":"post-4617","1":"product","2":"type-product","3":"status-publish","4":"has-post-thumbnail","6":"product_cat-kaminkrasnis","8":"first","9":"instock","10":"taxable","11":"shipping-taxable","12":"purchasable","13":"product-type-simple"},"yoast_head":"<!-- This site is optimized with the Yoast SEO plugin v27.3 - https:\/\/yoast.com\/product\/yoast-seo-wordpress\/ -->\n<title>\u010cuguna kr\u0101sni\u0146a Mors\u00f8 7349 \u2013 dizains uz augsta pjedest\u0101la<\/title>\n<meta name=\"description\" content=\"Mors\u00f8 7349 ir jaud\u012bga \u010duguna kr\u0101sni\u0146a uz augsta pjedest\u0101la. A+ ener\u0123ijas klase, Monikas Riterbandas dizains un &quot;Zieme\u013cu gulbja&quot; eko-mar\u0137\u0113jums.\" \/>\n<meta name=\"robots\" content=\"index, follow, max-snippet:-1, max-image-preview:large, max-video-preview:-1\" \/>\n<link rel=\"canonical\" href=\"https:\/\/morsobaltic.com\/lv\/produktas\/kaminkrasns-morso-7349\/\" \/>\n<meta property=\"og:locale\" content=\"lv_LV\" \/>\n<meta property=\"og:type\" content=\"article\" \/>\n<meta property=\"og:title\" content=\"\u010cuguna kr\u0101sni\u0146a Mors\u00f8 7349 \u2013 dizains uz augsta pjedest\u0101la\" \/>\n<meta property=\"og:description\" content=\"Mors\u00f8 7349 ir jaud\u012bga \u010duguna kr\u0101sni\u0146a uz augsta pjedest\u0101la. A+ ener\u0123ijas klase, Monikas Riterbandas dizains un &quot;Zieme\u013cu gulbja&quot; eko-mar\u0137\u0113jums.\" \/>\n<meta property=\"og:url\" content=\"https:\/\/morsobaltic.com\/lv\/produktas\/kaminkrasns-morso-7349\/\" \/>\n<meta property=\"og:site_name\" content=\"MORSO Baltic\" \/>\n<meta property=\"article:modified_time\" content=\"2026-03-18T19:05:32+00:00\" \/>\n<meta property=\"og:image\" content=\"https:\/\/morsobaltic.com\/wp-content\/uploads\/2025\/01\/7349_1080x1080.png\" \/>\n\t<meta property=\"og:image:width\" content=\"1080\" \/>\n\t<meta property=\"og:image:height\" content=\"1080\" \/>\n\t<meta property=\"og:image:type\" content=\"image\/png\" \/>\n<meta name=\"twitter:card\" content=\"summary_large_image\" \/>\n<meta name=\"twitter:label1\" content=\"Est. reading time\" \/>\n\t<meta name=\"twitter:data1\" content=\"1 minute\" \/>\n<script type=\"application\/ld+json\" class=\"yoast-schema-graph\">{\"@context\":\"https:\\\/\\\/schema.org\",\"@graph\":[{\"@type\":\"WebPage\",\"@id\":\"https:\\\/\\\/morsobaltic.com\\\/lv\\\/produktas\\\/kaminkrasns-morso-7349\\\/\",\"url\":\"https:\\\/\\\/morsobaltic.com\\\/lv\\\/produktas\\\/kaminkrasns-morso-7349\\\/\",\"name\":\"\u010cuguna kr\u0101sni\u0146a Mors\u00f8 7349 \u2013 dizains uz augsta pjedest\u0101la\",\"isPartOf\":{\"@id\":\"https:\\\/\\\/morsobaltic.com\\\/lv\\\/#website\"},\"primaryImageOfPage\":{\"@id\":\"https:\\\/\\\/morsobaltic.com\\\/lv\\\/produktas\\\/kaminkrasns-morso-7349\\\/#primaryimage\"},\"image\":{\"@id\":\"https:\\\/\\\/morsobaltic.com\\\/lv\\\/produktas\\\/kaminkrasns-morso-7349\\\/#primaryimage\"},\"thumbnailUrl\":\"https:\\\/\\\/morsobaltic.com\\\/wp-content\\\/uploads\\\/2025\\\/01\\\/7349_1080x1080.png\",\"datePublished\":\"2025-01-26T10:25:19+00:00\",\"dateModified\":\"2026-03-18T19:05:32+00:00\",\"description\":\"Mors\u00f8 7349 ir jaud\u012bga \u010duguna kr\u0101sni\u0146a uz augsta pjedest\u0101la. A+ ener\u0123ijas klase, Monikas Riterbandas dizains un \\\"Zieme\u013cu gulbja\\\" eko-mar\u0137\u0113jums.\",\"breadcrumb\":{\"@id\":\"https:\\\/\\\/morsobaltic.com\\\/lv\\\/produktas\\\/kaminkrasns-morso-7349\\\/#breadcrumb\"},\"inLanguage\":\"lv-LV\",\"potentialAction\":[{\"@type\":\"ReadAction\",\"target\":[\"https:\\\/\\\/morsobaltic.com\\\/lv\\\/produktas\\\/kaminkrasns-morso-7349\\\/\"]}]},{\"@type\":\"ImageObject\",\"inLanguage\":\"lv-LV\",\"@id\":\"https:\\\/\\\/morsobaltic.com\\\/lv\\\/produktas\\\/kaminkrasns-morso-7349\\\/#primaryimage\",\"url\":\"https:\\\/\\\/morsobaltic.com\\\/wp-content\\\/uploads\\\/2025\\\/01\\\/7349_1080x1080.png\",\"contentUrl\":\"https:\\\/\\\/morsobaltic.com\\\/wp-content\\\/uploads\\\/2025\\\/01\\\/7349_1080x1080.png\",\"width\":1080,\"height\":1080},{\"@type\":\"BreadcrumbList\",\"@id\":\"https:\\\/\\\/morsobaltic.com\\\/lv\\\/produktas\\\/kaminkrasns-morso-7349\\\/#breadcrumb\",\"itemListElement\":[{\"@type\":\"ListItem\",\"position\":1,\"name\":\"Home\",\"item\":\"https:\\\/\\\/morsobaltic.com\\\/lv\\\/\"},{\"@type\":\"ListItem\",\"position\":2,\"name\":\"Veikals\",\"item\":\"https:\\\/\\\/morsobaltic.com\\\/parduotuve\\\/\"},{\"@type\":\"ListItem\",\"position\":3,\"name\":\"Kaminkr\u0101sns Morso 7349\"}]},{\"@type\":\"WebSite\",\"@id\":\"https:\\\/\\\/morsobaltic.com\\\/lv\\\/#website\",\"url\":\"https:\\\/\\\/morsobaltic.com\\\/lv\\\/\",\"name\":\"MORSO Baltic\",\"description\":\"\",\"alternateName\":\"MORSOBALTIC\",\"potentialAction\":[{\"@type\":\"SearchAction\",\"target\":{\"@type\":\"EntryPoint\",\"urlTemplate\":\"https:\\\/\\\/morsobaltic.com\\\/lv\\\/?s={search_term_string}\"},\"query-input\":{\"@type\":\"PropertyValueSpecification\",\"valueRequired\":true,\"valueName\":\"search_term_string\"}}],\"inLanguage\":\"lv-LV\"}]}<\/script>\n<!-- \/ Yoast SEO plugin. -->","yoast_head_json":{"title":"\u010cuguna kr\u0101sni\u0146a Mors\u00f8 7349 \u2013 dizains uz augsta pjedest\u0101la","description":"Mors\u00f8 7349 ir jaud\u012bga \u010duguna kr\u0101sni\u0146a uz augsta pjedest\u0101la. A+ ener\u0123ijas klase, Monikas Riterbandas dizains un \"Zieme\u013cu gulbja\" eko-mar\u0137\u0113jums.","robots":{"index":"index","follow":"follow","max-snippet":"max-snippet:-1","max-image-preview":"max-image-preview:large","max-video-preview":"max-video-preview:-1"},"canonical":"https:\/\/morsobaltic.com\/lv\/produktas\/kaminkrasns-morso-7349\/","og_locale":"lv_LV","og_type":"article","og_title":"\u010cuguna kr\u0101sni\u0146a Mors\u00f8 7349 \u2013 dizains uz augsta pjedest\u0101la","og_description":"Mors\u00f8 7349 ir jaud\u012bga \u010duguna kr\u0101sni\u0146a uz augsta pjedest\u0101la. A+ ener\u0123ijas klase, Monikas Riterbandas dizains un \"Zieme\u013cu gulbja\" eko-mar\u0137\u0113jums.","og_url":"https:\/\/morsobaltic.com\/lv\/produktas\/kaminkrasns-morso-7349\/","og_site_name":"MORSO Baltic","article_modified_time":"2026-03-18T19:05:32+00:00","og_image":[{"width":1080,"height":1080,"url":"https:\/\/morsobaltic.com\/wp-content\/uploads\/2025\/01\/7349_1080x1080.png","type":"image\/png"}],"twitter_card":"summary_large_image","twitter_misc":{"Est. reading time":"1 minute"},"schema":{"@context":"https:\/\/schema.org","@graph":[{"@type":"WebPage","@id":"https:\/\/morsobaltic.com\/lv\/produktas\/kaminkrasns-morso-7349\/","url":"https:\/\/morsobaltic.com\/lv\/produktas\/kaminkrasns-morso-7349\/","name":"\u010cuguna kr\u0101sni\u0146a Mors\u00f8 7349 \u2013 dizains uz augsta pjedest\u0101la","isPartOf":{"@id":"https:\/\/morsobaltic.com\/lv\/#website"},"primaryImageOfPage":{"@id":"https:\/\/morsobaltic.com\/lv\/produktas\/kaminkrasns-morso-7349\/#primaryimage"},"image":{"@id":"https:\/\/morsobaltic.com\/lv\/produktas\/kaminkrasns-morso-7349\/#primaryimage"},"thumbnailUrl":"https:\/\/morsobaltic.com\/wp-content\/uploads\/2025\/01\/7349_1080x1080.png","datePublished":"2025-01-26T10:25:19+00:00","dateModified":"2026-03-18T19:05:32+00:00","description":"Mors\u00f8 7349 ir jaud\u012bga \u010duguna kr\u0101sni\u0146a uz augsta pjedest\u0101la. A+ ener\u0123ijas klase, Monikas Riterbandas dizains un \"Zieme\u013cu gulbja\" eko-mar\u0137\u0113jums.","breadcrumb":{"@id":"https:\/\/morsobaltic.com\/lv\/produktas\/kaminkrasns-morso-7349\/#breadcrumb"},"inLanguage":"lv-LV","potentialAction":[{"@type":"ReadAction","target":["https:\/\/morsobaltic.com\/lv\/produktas\/kaminkrasns-morso-7349\/"]}]},{"@type":"ImageObject","inLanguage":"lv-LV","@id":"https:\/\/morsobaltic.com\/lv\/produktas\/kaminkrasns-morso-7349\/#primaryimage","url":"https:\/\/morsobaltic.com\/wp-content\/uploads\/2025\/01\/7349_1080x1080.png","contentUrl":"https:\/\/morsobaltic.com\/wp-content\/uploads\/2025\/01\/7349_1080x1080.png","width":1080,"height":1080},{"@type":"BreadcrumbList","@id":"https:\/\/morsobaltic.com\/lv\/produktas\/kaminkrasns-morso-7349\/#breadcrumb","itemListElement":[{"@type":"ListItem","position":1,"name":"Home","item":"https:\/\/morsobaltic.com\/lv\/"},{"@type":"ListItem","position":2,"name":"Veikals","item":"https:\/\/morsobaltic.com\/parduotuve\/"},{"@type":"ListItem","position":3,"name":"Kaminkr\u0101sns Morso 7349"}]},{"@type":"WebSite","@id":"https:\/\/morsobaltic.com\/lv\/#website","url":"https:\/\/morsobaltic.com\/lv\/","name":"MORSO Baltic","description":"","alternateName":"MORSOBALTIC","potentialAction":[{"@type":"SearchAction","target":{"@type":"EntryPoint","urlTemplate":"https:\/\/morsobaltic.com\/lv\/?s={search_term_string}"},"query-input":{"@type":"PropertyValueSpecification","valueRequired":true,"valueName":"search_term_string"}}],"inLanguage":"lv-LV"}]}},"_links":{"self":[{"href":"https:\/\/morsobaltic.com\/lv\/wp-json\/wp\/v2\/product\/4617","targetHints":{"allow":["GET"]}}],"collection":[{"href":"https:\/\/morsobaltic.com\/lv\/wp-json\/wp\/v2\/product"}],"about":[{"href":"https:\/\/morsobaltic.com\/lv\/wp-json\/wp\/v2\/types\/product"}],"replies":[{"embeddable":true,"href":"https:\/\/morsobaltic.com\/lv\/wp-json\/wp\/v2\/comments?post=4617"}],"wp:featuredmedia":[{"embeddable":true,"href":"https:\/\/morsobaltic.com\/lv\/wp-json\/wp\/v2\/media\/6946"}],"wp:attachment":[{"href":"https:\/\/morsobaltic.com\/lv\/wp-json\/wp\/v2\/media?parent=4617"}],"wp:term":[{"taxonomy":"product_brand","embeddable":true,"href":"https:\/\/morsobaltic.com\/lv\/wp-json\/wp\/v2\/product_brand?post=4617"},{"taxonomy":"product_cat","embeddable":true,"href":"https:\/\/morsobaltic.com\/lv\/wp-json\/wp\/v2\/product_cat?post=4617"},{"taxonomy":"product_tag","embeddable":true,"href":"https:\/\/morsobaltic.com\/lv\/wp-json\/wp\/v2\/product_tag?post=4617"}],"curies":[{"name":"wp","href":"https:\/\/api.w.org\/{rel}","templated":true}]}}