{"id":4682,"date":"2025-01-29T05:53:52","date_gmt":"2025-01-29T05:53:52","guid":{"rendered":"https:\/\/morsobaltic.com\/?post_type=product&#038;p=4682"},"modified":"2026-03-18T18:46:54","modified_gmt":"2026-03-18T18:46:54","slug":"kaminkrasns-morso-7493","status":"publish","type":"product","link":"https:\/\/morsobaltic.com\/lv\/produktas\/kaminkrasns-morso-7493\/","title":{"rendered":"Kaminkr\u0101sns Morso 7493"},"content":{"rendered":"<h4>Mors\u00f8 7493 \u2013 jubilejas dizains un praktiska malkas glab\u0101tuve<\/h4>\n<p>Mors\u00f8 7493 ir unik\u0101la \u010duguna kr\u0101sni\u0146a, kas apr\u012bkota ar augstu korpusu un integr\u0113tu vietu malkas glab\u0101\u0161anai. \u0160\u012b konstrukcija \u013cauj malkas pagales uztur\u0113t k\u0101rt\u012bb\u0101 un vienm\u0113r pa rokai. 7400 s\u0113rija tika rad\u012bta, svinot Mors\u00f8 uz\u0146\u0113muma 160 gadu jubileju. \u0160is modelis reprezent\u0113 vair\u0101k nek\u0101 pusotra gadsimta kvalitat\u012bvu darbu un dizainu. Pirmo reizi tika prezent\u0113ta jaun\u0101 le\u0123end\u0101r\u0101s &#8220;v\u0101ver\u012btes&#8221; versija k\u0101 jauns dizaina variants. Visi \u0161\u012bs s\u0113rijas mode\u013ci ir apr\u012bkoti ar s\u0101nu stikliem. Tas \u013cauj baud\u012bt izcilu 180 gr\u0101du liesmas panor\u0101mu. Uguns ir lieliski redzama no jebkura istabas punkta. \u0160\u012b \u010duguna kr\u0101sni\u0146a ir izcila izv\u0113le tiem, kuri mekl\u0113 funkcion\u0101lu un est\u0113tisku apkures risin\u0101jumu.<\/p>\n<p>\u0160\u012b \u010duguna kr\u0101sni\u0146a darbojas p\u0113c konvekcijas principa. Tas nodro\u0161ina t\u012bru un \u013coti efekt\u012bvu malkas sadeg\u0161anu j\u016bsu m\u0101j\u0101s. Produktam ir skandin\u0101vu vides mar\u0137\u0113jums &#8220;Zieme\u013cu gulbis&#8221;. Tas apliecina atbilst\u012bbu augst\u0101kajiem ekolo\u0123ijas un ilgtsp\u0113jas standartiem. Deg\u0161anas tehnolo\u0123ija izmanto iepriek\u0161 uzsild\u012btu gaisu. Tas nodro\u0161ina augst\u0101ku temperat\u016bru kurtuv\u0113. T\u0101d\u0113j\u0101di tiek sadedzin\u0101tas gandr\u012bz visas izpl\u016bdes g\u0101zes. Tas ir jums izdev\u012bgs un videi draudz\u012bgs process. Augsta izmaksu efektivit\u0101te \u013cauj taup\u012bt kurin\u0101mo katru apkures sezonu. \u010cugunam piem\u012bt unik\u0101las \u012bpa\u0161\u012bbas akumul\u0113t siltumu. Materi\u0101ls ir iztur\u012bgs pret p\u0101rdeg\u0161anu un nedeform\u0113jas p\u0113c sakars\u0113\u0161anas. Ra\u017eot\u0101js \u010duguna korpusam pie\u0161\u0137ir 10 gadu garantiju.<\/p>\n<h5>Izcilas \u012bpa\u0161\u012bbas un moderna funkcionalit\u0101te ikdien\u0101<\/h5>\n<p>Mors\u00f8 7493 modelim ir rakstur\u012bgi praktiski risin\u0101jumi j\u016bsu ikdienai. Speci\u0101la gaisa p\u016b\u0161anas sist\u0113ma nodro\u0161ina stiklu bez kv\u0113piem. Jums nevajadz\u0113s bie\u017ei t\u012br\u012bt panor\u0101mas virsmas. Iz\u0146emam\u0101 pelnu atvilktne \u013cauj \u0101tri un t\u012bri apkopt kr\u0101sni\u0146u. Tas ir \u012bpa\u0161i ilgtsp\u0113j\u012bgs produkts, kas izgatavots no iztur\u012bga \u010duguna. Nomin\u0101l\u0101 4,3 kW jauda efekt\u012bvi apsilda plat\u012bbu l\u012bdz 105 m2. A+ ener\u0123ijas klase garant\u0113 ekonomisku degvielas pat\u0113ri\u0146u. Kr\u0101sni\u0146as svars sasniedz 116,5 kg, un t\u0101s augstums ir 1118 mm. Malkas garums ir 33 cm, padarot lieto\u0161anu \u0113rtu. Papildus ir iesp\u0113jams ieg\u0101d\u0101ties durti\u0146as malkas glab\u0101tuves aizv\u0113r\u0161anai. \u0160\u012b \u010duguna kr\u0101sni\u0146a katru vakaru j\u016bsu m\u0101j\u0101s rad\u012bs ma\u0123isku atmosf\u0113ru.<\/p>\n","protected":false},"excerpt":{"rendered":"<p data-path-to-node=\"49,0,0\">Tips: Konvekcijas \u010duguna kr\u0101sni\u0146a ar malkas novietni<br \/>\nEner\u0123ijas klase: A+<br \/>\nNomin\u0101l\u0101 jauda: 4,3 kw | Sild\u012b\u0161anas jauda: 3-7 kw<br \/>\nApsild\u0101m\u0101 plat\u012bba: 45-105 m2<br \/>\nAugstums: 1118 mm | Platums: 440 mm | Dzi\u013cums: 377 mm<br \/>\nD\u016bmvads: 150 mm<br \/>\nSvars: 116,5 kg | Malkas garums: 33 cm<\/p>\n","protected":false},"featured_media":6978,"comment_status":"open","ping_status":"closed","template":"","meta":[],"product_brand":[],"product_cat":[211],"product_tag":[],"class_list":{"0":"post-4682","1":"product","2":"type-product","3":"status-publish","4":"has-post-thumbnail","6":"product_cat-kaminkrasnis","8":"first","9":"instock","10":"taxable","11":"shipping-taxable","12":"purchasable","13":"product-type-simple"},"yoast_head":"<!-- This site is optimized with the Yoast SEO plugin v27.3 - https:\/\/yoast.com\/product\/yoast-seo-wordpress\/ -->\n<title>\u010cuguna kr\u0101sni\u0146a Mors\u00f8 7493 \u2013 jubilejas dizains ar malkas vietu<\/title>\n<meta name=\"description\" content=\"Mors\u00f8 7493 jaud\u012bga \u010duguna kr\u0101sni\u0146a ar malkas novietni. A+ ener\u0123ijas klase, 180\u00b0 redzam\u012bba un &quot;Zieme\u013cu gulbja&quot; eko-mar\u0137\u0113jums.\" \/>\n<meta name=\"robots\" content=\"index, follow, max-snippet:-1, max-image-preview:large, max-video-preview:-1\" \/>\n<link rel=\"canonical\" href=\"https:\/\/morsobaltic.com\/lv\/produktas\/kaminkrasns-morso-7493\/\" \/>\n<meta property=\"og:locale\" content=\"lv_LV\" \/>\n<meta property=\"og:type\" content=\"article\" \/>\n<meta property=\"og:title\" content=\"\u010cuguna kr\u0101sni\u0146a Mors\u00f8 7493 \u2013 jubilejas dizains ar malkas vietu\" \/>\n<meta property=\"og:description\" content=\"Mors\u00f8 7493 jaud\u012bga \u010duguna kr\u0101sni\u0146a ar malkas novietni. A+ ener\u0123ijas klase, 180\u00b0 redzam\u012bba un &quot;Zieme\u013cu gulbja&quot; eko-mar\u0137\u0113jums.\" \/>\n<meta property=\"og:url\" content=\"https:\/\/morsobaltic.com\/lv\/produktas\/kaminkrasns-morso-7493\/\" \/>\n<meta property=\"og:site_name\" content=\"MORSO Baltic\" \/>\n<meta property=\"article:modified_time\" content=\"2026-03-18T18:46:54+00:00\" \/>\n<meta property=\"og:image\" content=\"https:\/\/morsobaltic.com\/wp-content\/uploads\/2025\/01\/7493_1080x1080.png\" \/>\n\t<meta property=\"og:image:width\" content=\"1080\" \/>\n\t<meta property=\"og:image:height\" content=\"1080\" \/>\n\t<meta property=\"og:image:type\" content=\"image\/png\" \/>\n<meta name=\"twitter:card\" content=\"summary_large_image\" \/>\n<meta name=\"twitter:label1\" content=\"Est. reading time\" \/>\n\t<meta name=\"twitter:data1\" content=\"2 minutes\" \/>\n<script type=\"application\/ld+json\" class=\"yoast-schema-graph\">{\"@context\":\"https:\\\/\\\/schema.org\",\"@graph\":[{\"@type\":\"WebPage\",\"@id\":\"https:\\\/\\\/morsobaltic.com\\\/lv\\\/produktas\\\/kaminkrasns-morso-7493\\\/\",\"url\":\"https:\\\/\\\/morsobaltic.com\\\/lv\\\/produktas\\\/kaminkrasns-morso-7493\\\/\",\"name\":\"\u010cuguna kr\u0101sni\u0146a Mors\u00f8 7493 \u2013 jubilejas dizains ar malkas vietu\",\"isPartOf\":{\"@id\":\"https:\\\/\\\/morsobaltic.com\\\/lv\\\/#website\"},\"primaryImageOfPage\":{\"@id\":\"https:\\\/\\\/morsobaltic.com\\\/lv\\\/produktas\\\/kaminkrasns-morso-7493\\\/#primaryimage\"},\"image\":{\"@id\":\"https:\\\/\\\/morsobaltic.com\\\/lv\\\/produktas\\\/kaminkrasns-morso-7493\\\/#primaryimage\"},\"thumbnailUrl\":\"https:\\\/\\\/morsobaltic.com\\\/wp-content\\\/uploads\\\/2025\\\/01\\\/7493_1080x1080.png\",\"datePublished\":\"2025-01-29T05:53:52+00:00\",\"dateModified\":\"2026-03-18T18:46:54+00:00\",\"description\":\"Mors\u00f8 7493 jaud\u012bga \u010duguna kr\u0101sni\u0146a ar malkas novietni. A+ ener\u0123ijas klase, 180\u00b0 redzam\u012bba un \\\"Zieme\u013cu gulbja\\\" eko-mar\u0137\u0113jums.\",\"breadcrumb\":{\"@id\":\"https:\\\/\\\/morsobaltic.com\\\/lv\\\/produktas\\\/kaminkrasns-morso-7493\\\/#breadcrumb\"},\"inLanguage\":\"lv-LV\",\"potentialAction\":[{\"@type\":\"ReadAction\",\"target\":[\"https:\\\/\\\/morsobaltic.com\\\/lv\\\/produktas\\\/kaminkrasns-morso-7493\\\/\"]}]},{\"@type\":\"ImageObject\",\"inLanguage\":\"lv-LV\",\"@id\":\"https:\\\/\\\/morsobaltic.com\\\/lv\\\/produktas\\\/kaminkrasns-morso-7493\\\/#primaryimage\",\"url\":\"https:\\\/\\\/morsobaltic.com\\\/wp-content\\\/uploads\\\/2025\\\/01\\\/7493_1080x1080.png\",\"contentUrl\":\"https:\\\/\\\/morsobaltic.com\\\/wp-content\\\/uploads\\\/2025\\\/01\\\/7493_1080x1080.png\",\"width\":1080,\"height\":1080},{\"@type\":\"BreadcrumbList\",\"@id\":\"https:\\\/\\\/morsobaltic.com\\\/lv\\\/produktas\\\/kaminkrasns-morso-7493\\\/#breadcrumb\",\"itemListElement\":[{\"@type\":\"ListItem\",\"position\":1,\"name\":\"Home\",\"item\":\"https:\\\/\\\/morsobaltic.com\\\/lv\\\/\"},{\"@type\":\"ListItem\",\"position\":2,\"name\":\"Veikals\",\"item\":\"https:\\\/\\\/morsobaltic.com\\\/parduotuve\\\/\"},{\"@type\":\"ListItem\",\"position\":3,\"name\":\"Kaminkr\u0101sns Morso 7493\"}]},{\"@type\":\"WebSite\",\"@id\":\"https:\\\/\\\/morsobaltic.com\\\/lv\\\/#website\",\"url\":\"https:\\\/\\\/morsobaltic.com\\\/lv\\\/\",\"name\":\"MORSO Baltic\",\"description\":\"\",\"alternateName\":\"MORSOBALTIC\",\"potentialAction\":[{\"@type\":\"SearchAction\",\"target\":{\"@type\":\"EntryPoint\",\"urlTemplate\":\"https:\\\/\\\/morsobaltic.com\\\/lv\\\/?s={search_term_string}\"},\"query-input\":{\"@type\":\"PropertyValueSpecification\",\"valueRequired\":true,\"valueName\":\"search_term_string\"}}],\"inLanguage\":\"lv-LV\"}]}<\/script>\n<!-- \/ Yoast SEO plugin. -->","yoast_head_json":{"title":"\u010cuguna kr\u0101sni\u0146a Mors\u00f8 7493 \u2013 jubilejas dizains ar malkas vietu","description":"Mors\u00f8 7493 jaud\u012bga \u010duguna kr\u0101sni\u0146a ar malkas novietni. A+ ener\u0123ijas klase, 180\u00b0 redzam\u012bba un \"Zieme\u013cu gulbja\" eko-mar\u0137\u0113jums.","robots":{"index":"index","follow":"follow","max-snippet":"max-snippet:-1","max-image-preview":"max-image-preview:large","max-video-preview":"max-video-preview:-1"},"canonical":"https:\/\/morsobaltic.com\/lv\/produktas\/kaminkrasns-morso-7493\/","og_locale":"lv_LV","og_type":"article","og_title":"\u010cuguna kr\u0101sni\u0146a Mors\u00f8 7493 \u2013 jubilejas dizains ar malkas vietu","og_description":"Mors\u00f8 7493 jaud\u012bga \u010duguna kr\u0101sni\u0146a ar malkas novietni. A+ ener\u0123ijas klase, 180\u00b0 redzam\u012bba un \"Zieme\u013cu gulbja\" eko-mar\u0137\u0113jums.","og_url":"https:\/\/morsobaltic.com\/lv\/produktas\/kaminkrasns-morso-7493\/","og_site_name":"MORSO Baltic","article_modified_time":"2026-03-18T18:46:54+00:00","og_image":[{"width":1080,"height":1080,"url":"https:\/\/morsobaltic.com\/wp-content\/uploads\/2025\/01\/7493_1080x1080.png","type":"image\/png"}],"twitter_card":"summary_large_image","twitter_misc":{"Est. reading time":"2 minutes"},"schema":{"@context":"https:\/\/schema.org","@graph":[{"@type":"WebPage","@id":"https:\/\/morsobaltic.com\/lv\/produktas\/kaminkrasns-morso-7493\/","url":"https:\/\/morsobaltic.com\/lv\/produktas\/kaminkrasns-morso-7493\/","name":"\u010cuguna kr\u0101sni\u0146a Mors\u00f8 7493 \u2013 jubilejas dizains ar malkas vietu","isPartOf":{"@id":"https:\/\/morsobaltic.com\/lv\/#website"},"primaryImageOfPage":{"@id":"https:\/\/morsobaltic.com\/lv\/produktas\/kaminkrasns-morso-7493\/#primaryimage"},"image":{"@id":"https:\/\/morsobaltic.com\/lv\/produktas\/kaminkrasns-morso-7493\/#primaryimage"},"thumbnailUrl":"https:\/\/morsobaltic.com\/wp-content\/uploads\/2025\/01\/7493_1080x1080.png","datePublished":"2025-01-29T05:53:52+00:00","dateModified":"2026-03-18T18:46:54+00:00","description":"Mors\u00f8 7493 jaud\u012bga \u010duguna kr\u0101sni\u0146a ar malkas novietni. A+ ener\u0123ijas klase, 180\u00b0 redzam\u012bba un \"Zieme\u013cu gulbja\" eko-mar\u0137\u0113jums.","breadcrumb":{"@id":"https:\/\/morsobaltic.com\/lv\/produktas\/kaminkrasns-morso-7493\/#breadcrumb"},"inLanguage":"lv-LV","potentialAction":[{"@type":"ReadAction","target":["https:\/\/morsobaltic.com\/lv\/produktas\/kaminkrasns-morso-7493\/"]}]},{"@type":"ImageObject","inLanguage":"lv-LV","@id":"https:\/\/morsobaltic.com\/lv\/produktas\/kaminkrasns-morso-7493\/#primaryimage","url":"https:\/\/morsobaltic.com\/wp-content\/uploads\/2025\/01\/7493_1080x1080.png","contentUrl":"https:\/\/morsobaltic.com\/wp-content\/uploads\/2025\/01\/7493_1080x1080.png","width":1080,"height":1080},{"@type":"BreadcrumbList","@id":"https:\/\/morsobaltic.com\/lv\/produktas\/kaminkrasns-morso-7493\/#breadcrumb","itemListElement":[{"@type":"ListItem","position":1,"name":"Home","item":"https:\/\/morsobaltic.com\/lv\/"},{"@type":"ListItem","position":2,"name":"Veikals","item":"https:\/\/morsobaltic.com\/parduotuve\/"},{"@type":"ListItem","position":3,"name":"Kaminkr\u0101sns Morso 7493"}]},{"@type":"WebSite","@id":"https:\/\/morsobaltic.com\/lv\/#website","url":"https:\/\/morsobaltic.com\/lv\/","name":"MORSO Baltic","description":"","alternateName":"MORSOBALTIC","potentialAction":[{"@type":"SearchAction","target":{"@type":"EntryPoint","urlTemplate":"https:\/\/morsobaltic.com\/lv\/?s={search_term_string}"},"query-input":{"@type":"PropertyValueSpecification","valueRequired":true,"valueName":"search_term_string"}}],"inLanguage":"lv-LV"}]}},"_links":{"self":[{"href":"https:\/\/morsobaltic.com\/lv\/wp-json\/wp\/v2\/product\/4682","targetHints":{"allow":["GET"]}}],"collection":[{"href":"https:\/\/morsobaltic.com\/lv\/wp-json\/wp\/v2\/product"}],"about":[{"href":"https:\/\/morsobaltic.com\/lv\/wp-json\/wp\/v2\/types\/product"}],"replies":[{"embeddable":true,"href":"https:\/\/morsobaltic.com\/lv\/wp-json\/wp\/v2\/comments?post=4682"}],"wp:featuredmedia":[{"embeddable":true,"href":"https:\/\/morsobaltic.com\/lv\/wp-json\/wp\/v2\/media\/6978"}],"wp:attachment":[{"href":"https:\/\/morsobaltic.com\/lv\/wp-json\/wp\/v2\/media?parent=4682"}],"wp:term":[{"taxonomy":"product_brand","embeddable":true,"href":"https:\/\/morsobaltic.com\/lv\/wp-json\/wp\/v2\/product_brand?post=4682"},{"taxonomy":"product_cat","embeddable":true,"href":"https:\/\/morsobaltic.com\/lv\/wp-json\/wp\/v2\/product_cat?post=4682"},{"taxonomy":"product_tag","embeddable":true,"href":"https:\/\/morsobaltic.com\/lv\/wp-json\/wp\/v2\/product_tag?post=4682"}],"curies":[{"name":"wp","href":"https:\/\/api.w.org\/{rel}","templated":true}]}}