{"id":5329,"date":"2025-03-10T22:28:31","date_gmt":"2025-03-10T22:28:31","guid":{"rendered":"https:\/\/morsobaltic.com\/?post_type=product&#038;p=5329"},"modified":"2026-03-19T20:48:27","modified_gmt":"2026-03-19T20:48:27","slug":"lapsta-un-mopa-kopija","status":"publish","type":"product","link":"https:\/\/morsobaltic.com\/lv\/produktas\/lapsta-un-mopa-kopija\/","title":{"rendered":"Koksnes mitruma m\u0113r\u012bt\u0101js"},"content":{"rendered":"<h4>Mors\u00f8 koksnes mitruma m\u0113r\u012bt\u0101js \u2013 efekt\u012bvai un dro\u0161ai kurin\u0101\u0161anai<\/h4>\n<p>Mors\u00f8 kr\u0101\u0161\u0146u aksesu\u0101ri ir \u012bsta nez\u016bdo\u0161a klasika. \u0160is z\u012bmols pied\u0101v\u0101 ilgm\u016b\u017e\u012bgus produktus j\u016bsu m\u0101j\u0101m, un viens no svar\u012bg\u0101kajiem instrumentiem ir koksnes mitruma m\u0113r\u012bt\u0101js. \u0160\u012b ier\u012bce nodro\u0161ina efekt\u012bvu apkures procesu. Izmantojot pareizi sagatavotu malku, j\u016bs saudz\u0113jat savu vesel\u012bbu un katru dienu sniedzat ieguld\u012bjumu dabas aizsardz\u012bb\u0101. Kvalitat\u012bvs mitruma m\u0113r\u012bt\u0101js pal\u012bdz izvair\u012bties no kurin\u0101\u0161anas k\u013c\u016bd\u0101m. P\u0101r\u0101k mitra malka deg slikti, izdala maz siltuma un veicina kv\u0113pu uzkr\u0101\u0161anos skurste\u0146os. Mors\u00f8 ier\u012bce \u013cauj prec\u012bzi noteikt koksnes st\u0101vokli. Ide\u0101lam malkas mitrumam j\u0101b\u016bt maz\u0101kam par 20 procentiem, un \u0161\u012b ier\u012bce sniedz rezult\u0101tus acumirkl\u012b.<\/p>\n<h5>Funkcion\u0101ls dizains un vienk\u0101r\u0161a lieto\u0161ana<\/h5>\n<p>Dizains \u0161eit ir lieliski saska\u0146ots ar funkcionalit\u0101ti. Ier\u012bce ir kompakta un \u0113rta, to var glab\u0101t tie\u0161i blakus malkas \u0161\u0137\u016bnim. M\u0113r\u012bt\u0101ju ir \u012bpa\u0161i vienk\u0101r\u0161i lietot bez speci\u0101l\u0101m iema\u0146\u0101m: vienk\u0101r\u0161i ieduriet adati\u0146as malkas virsm\u0101, un ekr\u0101n\u0101 uzreiz redz\u0113siet prec\u012bzus mitruma r\u0101d\u012bjumus. Tas ir \u0101trs veids, k\u0101 p\u0101rbaud\u012bt kurin\u0101m\u0101 kvalit\u0101ti pirms lieto\u0161anas. \u0160is mitruma m\u0113r\u012bt\u0101js ir izgatavots no iztur\u012bgiem materi\u0101liem un kalpos jums daudzus gadus. Ier\u012bce nodro\u0161ina vienm\u0113r\u012bgu j\u016bsu kr\u0101sns darb\u012bbu, padarot to par mazu, bet v\u0113rt\u012bgu invest\u012bciju komfort\u0101. Sausa koksne garant\u0113 t\u012br\u0101ku deg\u0161anas procesu, t\u0101p\u0113c j\u016bsu kr\u0101sns stikls saglab\u0101sies dzidrs daudz ilg\u0101k, ietaupot laiku t\u012br\u012b\u0161anai.<\/p>\n<h5>K\u0101p\u0113c v\u0113rts izv\u0113l\u0113ties Mors\u00f8 aksesu\u0101rus?<\/h5>\n<p>Ra\u017eot\u0101js lieliski izprot malkas kr\u0101\u0161\u0146u darb\u012bbas principus. Katrs aksesu\u0101rs papildina apkures ier\u012bci, un mitruma m\u0113r\u012bt\u0101js ir nepiecie\u0161ams maksim\u0101lai kurin\u0101m\u0101 efektivit\u0101tei. Taupiet savu naudu, izmantojot tikai sausu malku, kas deg karst\u0101k un efekt\u012bv\u0101k. J\u016bsu m\u0101j\u0101s vienm\u0113r vald\u012bs m\u0101j\u012bgs un pat\u012bkams mikroklimats. Baudiet m\u0101j\u012bgu siltumu bez jebk\u0101d\u0101m r\u016bp\u0113m. Mors\u00f8 garant\u0113 augst\u0101ko meistardarbu un kvalit\u0101ti. \u0160is instruments ir piem\u0113rots visu veidu malkas koksnei un ir neaizst\u0101jams pal\u012bgs ikvienam kr\u0101sns \u012bpa\u0161niekam. Sagatavojieties apkures sezonai atbild\u012bgi un profesion\u0101li.<\/p>\n","protected":false},"excerpt":{"rendered":"<p>Tips: Elektroniskais mitruma m\u0113r\u012bt\u0101js<br \/>\nM\u0113r\u0137is: Malkas mitruma l\u012bme\u0146a noteik\u0161anai<br \/>\nIeteicamais mitrums: Ne vair\u0101k par 18\u201320%<br \/>\nKr\u0101sa: Melna\/Pel\u0113ka<\/p>\n","protected":false},"featured_media":5345,"comment_status":"closed","ping_status":"closed","template":"","meta":[],"product_brand":[],"product_cat":[223,130,134,191],"product_tag":[],"class_list":{"0":"post-5329","1":"product","2":"type-product","3":"status-publish","4":"has-post-thumbnail","6":"product_cat-citi","7":"product_cat-grilu-piederumi","8":"product_cat-kaminkrasnis-piederumi","9":"product_cat-uzturesana","11":"first","12":"instock","13":"taxable","14":"shipping-taxable","15":"purchasable","16":"product-type-simple"},"yoast_head":"<!-- This site is optimized with the Yoast SEO plugin v27.3 - https:\/\/yoast.com\/product\/yoast-seo-wordpress\/ -->\n<title>Koksnes mitruma m\u0113r\u012bt\u0101js Mors\u00f8 \u2013 efekt\u012bvai un dro\u0161ai kurin\u0101\u0161anai<\/title>\n<meta name=\"description\" content=\"Mors\u00f8 koksnes mitruma m\u0113r\u012bt\u0101js pal\u012bdz noteikt malkas sausumu (zem 20%). Efekt\u012bva apkure, t\u012br\u0101ks skurstenis un maz\u0101k kv\u0113pu. Kompakts un prec\u012bzs instruments.\" \/>\n<meta name=\"robots\" content=\"index, follow, max-snippet:-1, max-image-preview:large, max-video-preview:-1\" \/>\n<link rel=\"canonical\" href=\"https:\/\/morsobaltic.com\/lv\/produktas\/lapsta-un-mopa-kopija\/\" \/>\n<meta property=\"og:locale\" content=\"lv_LV\" \/>\n<meta property=\"og:type\" content=\"article\" \/>\n<meta property=\"og:title\" content=\"Koksnes mitruma m\u0113r\u012bt\u0101js Mors\u00f8 \u2013 efekt\u012bvai un dro\u0161ai kurin\u0101\u0161anai\" \/>\n<meta property=\"og:description\" content=\"Mors\u00f8 koksnes mitruma m\u0113r\u012bt\u0101js pal\u012bdz noteikt malkas sausumu (zem 20%). Efekt\u012bva apkure, t\u012br\u0101ks skurstenis un maz\u0101k kv\u0113pu. Kompakts un prec\u012bzs instruments.\" \/>\n<meta property=\"og:url\" content=\"https:\/\/morsobaltic.com\/lv\/produktas\/lapsta-un-mopa-kopija\/\" \/>\n<meta property=\"og:site_name\" content=\"MORSO Baltic\" \/>\n<meta property=\"article:modified_time\" content=\"2026-03-19T20:48:27+00:00\" \/>\n<meta property=\"og:image\" content=\"https:\/\/morsobaltic.com\/wp-content\/uploads\/2025\/03\/dregmes-matuokilis.jpg\" \/>\n\t<meta property=\"og:image:width\" content=\"2126\" \/>\n\t<meta property=\"og:image:height\" content=\"2054\" \/>\n\t<meta property=\"og:image:type\" content=\"image\/jpeg\" \/>\n<meta name=\"twitter:card\" content=\"summary_large_image\" \/>\n<meta name=\"twitter:label1\" content=\"Est. reading time\" \/>\n\t<meta name=\"twitter:data1\" content=\"1 minute\" \/>\n<script type=\"application\/ld+json\" class=\"yoast-schema-graph\">{\"@context\":\"https:\\\/\\\/schema.org\",\"@graph\":[{\"@type\":\"WebPage\",\"@id\":\"https:\\\/\\\/morsobaltic.com\\\/lv\\\/produktas\\\/lapsta-un-mopa-kopija\\\/\",\"url\":\"https:\\\/\\\/morsobaltic.com\\\/lv\\\/produktas\\\/lapsta-un-mopa-kopija\\\/\",\"name\":\"Koksnes mitruma m\u0113r\u012bt\u0101js Mors\u00f8 \u2013 efekt\u012bvai un dro\u0161ai kurin\u0101\u0161anai\",\"isPartOf\":{\"@id\":\"https:\\\/\\\/morsobaltic.com\\\/lv\\\/#website\"},\"primaryImageOfPage\":{\"@id\":\"https:\\\/\\\/morsobaltic.com\\\/lv\\\/produktas\\\/lapsta-un-mopa-kopija\\\/#primaryimage\"},\"image\":{\"@id\":\"https:\\\/\\\/morsobaltic.com\\\/lv\\\/produktas\\\/lapsta-un-mopa-kopija\\\/#primaryimage\"},\"thumbnailUrl\":\"https:\\\/\\\/morsobaltic.com\\\/wp-content\\\/uploads\\\/2025\\\/03\\\/dregmes-matuokilis.jpg\",\"datePublished\":\"2025-03-10T22:28:31+00:00\",\"dateModified\":\"2026-03-19T20:48:27+00:00\",\"description\":\"Mors\u00f8 koksnes mitruma m\u0113r\u012bt\u0101js pal\u012bdz noteikt malkas sausumu (zem 20%). Efekt\u012bva apkure, t\u012br\u0101ks skurstenis un maz\u0101k kv\u0113pu. Kompakts un prec\u012bzs instruments.\",\"breadcrumb\":{\"@id\":\"https:\\\/\\\/morsobaltic.com\\\/lv\\\/produktas\\\/lapsta-un-mopa-kopija\\\/#breadcrumb\"},\"inLanguage\":\"lv-LV\",\"potentialAction\":[{\"@type\":\"ReadAction\",\"target\":[\"https:\\\/\\\/morsobaltic.com\\\/lv\\\/produktas\\\/lapsta-un-mopa-kopija\\\/\"]}]},{\"@type\":\"ImageObject\",\"inLanguage\":\"lv-LV\",\"@id\":\"https:\\\/\\\/morsobaltic.com\\\/lv\\\/produktas\\\/lapsta-un-mopa-kopija\\\/#primaryimage\",\"url\":\"https:\\\/\\\/morsobaltic.com\\\/wp-content\\\/uploads\\\/2025\\\/03\\\/dregmes-matuokilis.jpg\",\"contentUrl\":\"https:\\\/\\\/morsobaltic.com\\\/wp-content\\\/uploads\\\/2025\\\/03\\\/dregmes-matuokilis.jpg\",\"width\":2126,\"height\":2054},{\"@type\":\"BreadcrumbList\",\"@id\":\"https:\\\/\\\/morsobaltic.com\\\/lv\\\/produktas\\\/lapsta-un-mopa-kopija\\\/#breadcrumb\",\"itemListElement\":[{\"@type\":\"ListItem\",\"position\":1,\"name\":\"Home\",\"item\":\"https:\\\/\\\/morsobaltic.com\\\/lv\\\/\"},{\"@type\":\"ListItem\",\"position\":2,\"name\":\"Veikals\",\"item\":\"https:\\\/\\\/morsobaltic.com\\\/parduotuve\\\/\"},{\"@type\":\"ListItem\",\"position\":3,\"name\":\"Koksnes mitruma m\u0113r\u012bt\u0101js\"}]},{\"@type\":\"WebSite\",\"@id\":\"https:\\\/\\\/morsobaltic.com\\\/lv\\\/#website\",\"url\":\"https:\\\/\\\/morsobaltic.com\\\/lv\\\/\",\"name\":\"MORSO Baltic\",\"description\":\"\",\"alternateName\":\"MORSOBALTIC\",\"potentialAction\":[{\"@type\":\"SearchAction\",\"target\":{\"@type\":\"EntryPoint\",\"urlTemplate\":\"https:\\\/\\\/morsobaltic.com\\\/lv\\\/?s={search_term_string}\"},\"query-input\":{\"@type\":\"PropertyValueSpecification\",\"valueRequired\":true,\"valueName\":\"search_term_string\"}}],\"inLanguage\":\"lv-LV\"}]}<\/script>\n<!-- \/ Yoast SEO plugin. -->","yoast_head_json":{"title":"Koksnes mitruma m\u0113r\u012bt\u0101js Mors\u00f8 \u2013 efekt\u012bvai un dro\u0161ai kurin\u0101\u0161anai","description":"Mors\u00f8 koksnes mitruma m\u0113r\u012bt\u0101js pal\u012bdz noteikt malkas sausumu (zem 20%). Efekt\u012bva apkure, t\u012br\u0101ks skurstenis un maz\u0101k kv\u0113pu. Kompakts un prec\u012bzs instruments.","robots":{"index":"index","follow":"follow","max-snippet":"max-snippet:-1","max-image-preview":"max-image-preview:large","max-video-preview":"max-video-preview:-1"},"canonical":"https:\/\/morsobaltic.com\/lv\/produktas\/lapsta-un-mopa-kopija\/","og_locale":"lv_LV","og_type":"article","og_title":"Koksnes mitruma m\u0113r\u012bt\u0101js Mors\u00f8 \u2013 efekt\u012bvai un dro\u0161ai kurin\u0101\u0161anai","og_description":"Mors\u00f8 koksnes mitruma m\u0113r\u012bt\u0101js pal\u012bdz noteikt malkas sausumu (zem 20%). Efekt\u012bva apkure, t\u012br\u0101ks skurstenis un maz\u0101k kv\u0113pu. Kompakts un prec\u012bzs instruments.","og_url":"https:\/\/morsobaltic.com\/lv\/produktas\/lapsta-un-mopa-kopija\/","og_site_name":"MORSO Baltic","article_modified_time":"2026-03-19T20:48:27+00:00","og_image":[{"width":2126,"height":2054,"url":"https:\/\/morsobaltic.com\/wp-content\/uploads\/2025\/03\/dregmes-matuokilis.jpg","type":"image\/jpeg"}],"twitter_card":"summary_large_image","twitter_misc":{"Est. reading time":"1 minute"},"schema":{"@context":"https:\/\/schema.org","@graph":[{"@type":"WebPage","@id":"https:\/\/morsobaltic.com\/lv\/produktas\/lapsta-un-mopa-kopija\/","url":"https:\/\/morsobaltic.com\/lv\/produktas\/lapsta-un-mopa-kopija\/","name":"Koksnes mitruma m\u0113r\u012bt\u0101js Mors\u00f8 \u2013 efekt\u012bvai un dro\u0161ai kurin\u0101\u0161anai","isPartOf":{"@id":"https:\/\/morsobaltic.com\/lv\/#website"},"primaryImageOfPage":{"@id":"https:\/\/morsobaltic.com\/lv\/produktas\/lapsta-un-mopa-kopija\/#primaryimage"},"image":{"@id":"https:\/\/morsobaltic.com\/lv\/produktas\/lapsta-un-mopa-kopija\/#primaryimage"},"thumbnailUrl":"https:\/\/morsobaltic.com\/wp-content\/uploads\/2025\/03\/dregmes-matuokilis.jpg","datePublished":"2025-03-10T22:28:31+00:00","dateModified":"2026-03-19T20:48:27+00:00","description":"Mors\u00f8 koksnes mitruma m\u0113r\u012bt\u0101js pal\u012bdz noteikt malkas sausumu (zem 20%). Efekt\u012bva apkure, t\u012br\u0101ks skurstenis un maz\u0101k kv\u0113pu. Kompakts un prec\u012bzs instruments.","breadcrumb":{"@id":"https:\/\/morsobaltic.com\/lv\/produktas\/lapsta-un-mopa-kopija\/#breadcrumb"},"inLanguage":"lv-LV","potentialAction":[{"@type":"ReadAction","target":["https:\/\/morsobaltic.com\/lv\/produktas\/lapsta-un-mopa-kopija\/"]}]},{"@type":"ImageObject","inLanguage":"lv-LV","@id":"https:\/\/morsobaltic.com\/lv\/produktas\/lapsta-un-mopa-kopija\/#primaryimage","url":"https:\/\/morsobaltic.com\/wp-content\/uploads\/2025\/03\/dregmes-matuokilis.jpg","contentUrl":"https:\/\/morsobaltic.com\/wp-content\/uploads\/2025\/03\/dregmes-matuokilis.jpg","width":2126,"height":2054},{"@type":"BreadcrumbList","@id":"https:\/\/morsobaltic.com\/lv\/produktas\/lapsta-un-mopa-kopija\/#breadcrumb","itemListElement":[{"@type":"ListItem","position":1,"name":"Home","item":"https:\/\/morsobaltic.com\/lv\/"},{"@type":"ListItem","position":2,"name":"Veikals","item":"https:\/\/morsobaltic.com\/parduotuve\/"},{"@type":"ListItem","position":3,"name":"Koksnes mitruma m\u0113r\u012bt\u0101js"}]},{"@type":"WebSite","@id":"https:\/\/morsobaltic.com\/lv\/#website","url":"https:\/\/morsobaltic.com\/lv\/","name":"MORSO Baltic","description":"","alternateName":"MORSOBALTIC","potentialAction":[{"@type":"SearchAction","target":{"@type":"EntryPoint","urlTemplate":"https:\/\/morsobaltic.com\/lv\/?s={search_term_string}"},"query-input":{"@type":"PropertyValueSpecification","valueRequired":true,"valueName":"search_term_string"}}],"inLanguage":"lv-LV"}]}},"_links":{"self":[{"href":"https:\/\/morsobaltic.com\/lv\/wp-json\/wp\/v2\/product\/5329","targetHints":{"allow":["GET"]}}],"collection":[{"href":"https:\/\/morsobaltic.com\/lv\/wp-json\/wp\/v2\/product"}],"about":[{"href":"https:\/\/morsobaltic.com\/lv\/wp-json\/wp\/v2\/types\/product"}],"replies":[{"embeddable":true,"href":"https:\/\/morsobaltic.com\/lv\/wp-json\/wp\/v2\/comments?post=5329"}],"wp:featuredmedia":[{"embeddable":true,"href":"https:\/\/morsobaltic.com\/lv\/wp-json\/wp\/v2\/media\/5345"}],"wp:attachment":[{"href":"https:\/\/morsobaltic.com\/lv\/wp-json\/wp\/v2\/media?parent=5329"}],"wp:term":[{"taxonomy":"product_brand","embeddable":true,"href":"https:\/\/morsobaltic.com\/lv\/wp-json\/wp\/v2\/product_brand?post=5329"},{"taxonomy":"product_cat","embeddable":true,"href":"https:\/\/morsobaltic.com\/lv\/wp-json\/wp\/v2\/product_cat?post=5329"},{"taxonomy":"product_tag","embeddable":true,"href":"https:\/\/morsobaltic.com\/lv\/wp-json\/wp\/v2\/product_tag?post=5329"}],"curies":[{"name":"wp","href":"https:\/\/api.w.org\/{rel}","templated":true}]}}