{"id":6296,"date":"2025-08-05T06:47:44","date_gmt":"2025-08-05T06:47:44","guid":{"rendered":"https:\/\/morsobaltic.com\/?post_type=product&#038;p=6296"},"modified":"2026-04-08T17:58:47","modified_gmt":"2026-04-08T17:58:47","slug":"luksusa-forno-pakete-2","status":"publish","type":"product","link":"https:\/\/morsobaltic.com\/lv\/produktas\/luksusa-forno-pakete-2\/","title":{"rendered":"LUKSUSA FORNO PAKETE 2"},"content":{"rendered":"<h4>Mors\u00f8 Forno Deluxe Package 2 \u2013 augst\u0101k\u0101s klases \u0101ra virtuves komplekts gard\u0113\u017eiem<\/h4>\n<p>Mors\u00f8 Forno Deluxe Package 2 ir augst\u0101k\u0101s klases \u0101ra virtuves komplekts, kas rad\u012bts \u012bstiem gard\u0113\u017eiem, kuri nov\u0113rt\u0113 kvalit\u0101ti un stilu. \u0160\u012b komplekta sirds ir le\u0123end\u0101r\u0101 ar malku kurin\u0101m\u0101 \u010duguna kr\u0101sns ar unik\u0101lu skandin\u0101vu dizainu. \u0160\u012b kr\u0101sns ne tikai rot\u0101 j\u016bsu terasi, bet ar\u012b sniedz neierobe\u017eotas iesp\u0113jas gatavo\u0161anai \u0101r\u0101 jebkur\u0101 gadalaik\u0101. \u0160is rinkinys ir sukomplektuotas t\u0101, lai j\u016bs var\u0113tu nekav\u0113joties s\u0101kt rad\u012bt kulin\u0101rijas \u0161edevrus sav\u0101 pagalm\u0101. Ja mekl\u0113jat veidus, k\u0101 pa\u012fvairinti savu br\u012bvo laiku dab\u0101, \u0161is krosnies paketas sniegs visu nepiecie\u0161amo profesion\u0101la rezult\u0101ta sasnieg\u0161anai. Tas ir ieguld\u012bjums jaukum\u0101 un neaizmirstam\u0101s gar\u0161\u0101s, kas pulc\u0113s j\u016bsu m\u012b\u013cos pie kop\u012bga galda.<\/p>\n<h5>Komplekt\u0101cija un kompakta funkcionalit\u0101te<\/h5>\n<p data-start=\"0\" data-end=\"375\">\u0160is kr\u0101sns komplekts ietver ne tikai pa\u0161u kr\u0101sni, bet ar\u012b funkcion\u0101lu \u201eSmall\u201c mode\u013ca galdu. Galds nodro\u0161ina stabilu pamatu kr\u0101snij un neaiz\u0146em daudz vietas, t\u0101p\u0113c tas ir lieliski piem\u0113rots maz\u0101k\u0101m teras\u0113m. Komplekt\u0101 atrad\u012bsiet ar\u012b visus nepiecie\u0161amos piederumus: Tuscan grilu, pelnu skr\u0101pi un \u012bpa\u0161as kr\u0101sns durvis, kas papla\u0161ina gatavo\u0161anas iesp\u0113jas.<\/p>\n<p data-start=\"377\" data-end=\"712\" data-is-last-node=\"\" data-is-only-node=\"\">Durvis ir \u012bpa\u0161i svar\u012bgas, jo t\u0101s p\u0101rv\u0113r\u0161 ier\u012bci efekt\u012bv\u0101 k\u016bpin\u0101tav\u0101 vai \u013cauj l\u0113ni gatavot \u0113dienu zem\u0101k\u0101 temperat\u016br\u0101. \u0160\u012b kr\u0101sns k\u013c\u016bst par univers\u0101lu risin\u0101jumu, kas vienlaikus aizst\u0101j grilu, picas kr\u0101sni un k\u016bpin\u0101tavu. Viss ir rad\u012bts t\u0101, lai gatavo\u0161anas process b\u016btu pl\u016bsto\u0161s, vienk\u0101r\u0161s un sniegtu patiesu baud\u012bjumu ikvienam lietot\u0101jam.<\/p>\n<h5>Gatavo\u0161anas ritu\u0101ls un \u010duguna \u012bpa\u0161\u012bbas<\/h5>\n<p>Gatavo\u0161ana ar Mors\u00f8 Forno ir \u012bpa\u0161s ritu\u0101ls, ko nov\u0113rt\u0113 \u0113diena entuziasti. Iztur\u012bgais \u010duguna korpuss lieliski akumul\u0113 siltumu un vienm\u0113r\u012bgi to izstaro cep\u0161anas zon\u0101. Tas nodro\u0161ina, ka j\u016bsu picai vienm\u0113r b\u016bs krauk\u0161\u0137\u012bga pamatne, bet liel\u0101ki cepe\u0161i saglab\u0101sies sul\u012bgi un arom\u0101tiski. T\u0101 ir \u012bpa\u0161\u012bba, ar ko izce\u013cas tikai auk\u0161\u010diausios kokyb\u0117s \u010duguna izstr\u0101d\u0101jumi. \u0160\u012b kr\u0101sns \u013cauj sasniegt \u013coti augstu temperat\u016bru, kas ir nepiecie\u0161ama, lai izceptu \u012bstu it\u0101\u013cu picu tikai da\u017eu min\u016b\u0161u laik\u0101. T\u0101pat komplekt\u0101 eso\u0161\u0101 ugunskura vieta pal\u012bdz efekt\u012bvi atdal\u012bt malku no cep\u0161anas zonas, nodro\u0161inot t\u012br\u012bbu un \u0113rt\u012bbas. J\u016bsu \u0101ra telpa k\u013c\u016bs par galveno piesaistes centru visiem draugiem un \u0123imenes locek\u013ciem.<\/p>\n<p><iframe title=\"YouTube videoklipu atska\u0146ot\u0101js\" src=\"https:\/\/www.youtube.com\/embed\/kUNJaAA4roM\" width=\"560\" height=\"315\" frameborder=\"0\" allowfullscreen=\"allowfullscreen\"><\/iframe><\/p>\n","protected":false},"excerpt":{"rendered":"<p>Ja v\u0113laties izveidot savu komplektu, l\u016bdzu, sazinieties ar mums, rakstot uz<br \/>\ntel. +370 61864458<br \/>\nmorso@morsobaltic.com<\/p>\n<p>Kr\u0101sns materi\u0101ls: divk\u0101rt emalj\u0113ts \u010duguns<br data-start=\"384\" data-end=\"387\" \/>Galda materi\u0101ls: pulverkr\u0101sots t\u0113rauds<br data-start=\"425\" data-end=\"428\" \/>Galda izm\u0113ri: 80 cm x 60 cm x 60 cm (ar rite\u0146iem)<br data-start=\"477\" data-end=\"480\" \/>Kurin\u0101mais: malka vai ogles<br data-start=\"507\" data-end=\"510\" \/>Komplekt\u0101 iek\u013cauts: Forno kr\u0101sns, Terra \u0101ra galds, Tuscan grils, kr\u0101sns durvis, kr\u0101sns d\u016bmvads un aizsargp\u0101rkl\u0101js.<\/p>\n","protected":false},"featured_media":8347,"comment_status":"closed","ping_status":"closed","template":"","meta":[],"product_brand":[],"product_cat":[87],"product_tag":[],"class_list":{"0":"post-6296","1":"product","2":"type-product","3":"status-publish","4":"has-post-thumbnail","6":"product_cat-grili","8":"first","9":"instock","10":"taxable","11":"shipping-taxable","12":"purchasable","13":"product-type-simple"},"yoast_head":"<!-- This site is optimized with the Yoast SEO plugin v27.5 - https:\/\/yoast.com\/product\/yoast-seo-wordpress\/ -->\n<title>\u0100ra virtuves komplekts Mors\u00f8 Forno Deluxe Package 2 - MORSO Baltic<\/title>\n<meta name=\"description\" content=\"\u0160is \u0101ra virtuves komplekts Mors\u00f8 Forno Deluxe Package 2 ietver kr\u0101sni, kompaktu galdu un r\u012bkus. Lieliski piem\u0113rots pic\u0101m un k\u016bpin\u0101\u0161anai.\" \/>\n<meta name=\"robots\" content=\"index, follow, max-snippet:-1, max-image-preview:large, max-video-preview:-1\" \/>\n<link rel=\"canonical\" href=\"https:\/\/morsobaltic.com\/lv\/produktas\/luksusa-forno-pakete-2\/\" \/>\n<meta property=\"og:locale\" content=\"lv_LV\" \/>\n<meta property=\"og:type\" content=\"article\" \/>\n<meta property=\"og:title\" content=\"\u0100ra virtuves komplekts Mors\u00f8 Forno Deluxe Package 2 - MORSO Baltic\" \/>\n<meta property=\"og:description\" content=\"\u0160is \u0101ra virtuves komplekts Mors\u00f8 Forno Deluxe Package 2 ietver kr\u0101sni, kompaktu galdu un r\u012bkus. Lieliski piem\u0113rots pic\u0101m un k\u016bpin\u0101\u0161anai.\" \/>\n<meta property=\"og:url\" content=\"https:\/\/morsobaltic.com\/lv\/produktas\/luksusa-forno-pakete-2\/\" \/>\n<meta property=\"og:site_name\" content=\"MORSO Baltic\" \/>\n<meta property=\"article:modified_time\" content=\"2026-04-08T17:58:47+00:00\" \/>\n<meta property=\"og:image\" content=\"https:\/\/morsobaltic.com\/wp-content\/uploads\/2025\/08\/1.png\" \/>\n\t<meta property=\"og:image:width\" content=\"1254\" \/>\n\t<meta property=\"og:image:height\" content=\"1254\" \/>\n\t<meta property=\"og:image:type\" content=\"image\/png\" \/>\n<meta name=\"twitter:card\" content=\"summary_large_image\" \/>\n<meta name=\"twitter:label1\" content=\"Est. reading time\" \/>\n\t<meta name=\"twitter:data1\" content=\"2 minutes\" \/>\n<script type=\"application\/ld+json\" class=\"yoast-schema-graph\">{\"@context\":\"https:\\\/\\\/schema.org\",\"@graph\":[{\"@type\":\"WebPage\",\"@id\":\"https:\\\/\\\/morsobaltic.com\\\/lv\\\/produktas\\\/luksusa-forno-pakete-2\\\/\",\"url\":\"https:\\\/\\\/morsobaltic.com\\\/lv\\\/produktas\\\/luksusa-forno-pakete-2\\\/\",\"name\":\"\u0100ra virtuves komplekts Mors\u00f8 Forno Deluxe Package 2 - MORSO Baltic\",\"isPartOf\":{\"@id\":\"https:\\\/\\\/morsobaltic.com\\\/lv\\\/#website\"},\"primaryImageOfPage\":{\"@id\":\"https:\\\/\\\/morsobaltic.com\\\/lv\\\/produktas\\\/luksusa-forno-pakete-2\\\/#primaryimage\"},\"image\":{\"@id\":\"https:\\\/\\\/morsobaltic.com\\\/lv\\\/produktas\\\/luksusa-forno-pakete-2\\\/#primaryimage\"},\"thumbnailUrl\":\"https:\\\/\\\/morsobaltic.com\\\/wp-content\\\/uploads\\\/2025\\\/08\\\/1.png\",\"datePublished\":\"2025-08-05T06:47:44+00:00\",\"dateModified\":\"2026-04-08T17:58:47+00:00\",\"description\":\"\u0160is \u0101ra virtuves komplekts Mors\u00f8 Forno Deluxe Package 2 ietver kr\u0101sni, kompaktu galdu un r\u012bkus. Lieliski piem\u0113rots pic\u0101m un k\u016bpin\u0101\u0161anai.\",\"breadcrumb\":{\"@id\":\"https:\\\/\\\/morsobaltic.com\\\/lv\\\/produktas\\\/luksusa-forno-pakete-2\\\/#breadcrumb\"},\"inLanguage\":\"lv-LV\",\"potentialAction\":[{\"@type\":\"ReadAction\",\"target\":[\"https:\\\/\\\/morsobaltic.com\\\/lv\\\/produktas\\\/luksusa-forno-pakete-2\\\/\"]}]},{\"@type\":\"ImageObject\",\"inLanguage\":\"lv-LV\",\"@id\":\"https:\\\/\\\/morsobaltic.com\\\/lv\\\/produktas\\\/luksusa-forno-pakete-2\\\/#primaryimage\",\"url\":\"https:\\\/\\\/morsobaltic.com\\\/wp-content\\\/uploads\\\/2025\\\/08\\\/1.png\",\"contentUrl\":\"https:\\\/\\\/morsobaltic.com\\\/wp-content\\\/uploads\\\/2025\\\/08\\\/1.png\",\"width\":1254,\"height\":1254},{\"@type\":\"BreadcrumbList\",\"@id\":\"https:\\\/\\\/morsobaltic.com\\\/lv\\\/produktas\\\/luksusa-forno-pakete-2\\\/#breadcrumb\",\"itemListElement\":[{\"@type\":\"ListItem\",\"position\":1,\"name\":\"Home\",\"item\":\"https:\\\/\\\/morsobaltic.com\\\/lv\\\/\"},{\"@type\":\"ListItem\",\"position\":2,\"name\":\"Veikals\",\"item\":\"https:\\\/\\\/morsobaltic.com\\\/parduotuve\\\/\"},{\"@type\":\"ListItem\",\"position\":3,\"name\":\"LUKSUSA FORNO PAKETE 2\"}]},{\"@type\":\"WebSite\",\"@id\":\"https:\\\/\\\/morsobaltic.com\\\/lv\\\/#website\",\"url\":\"https:\\\/\\\/morsobaltic.com\\\/lv\\\/\",\"name\":\"MORSO Baltic\",\"description\":\"\",\"alternateName\":\"MORSOBALTIC\",\"potentialAction\":[{\"@type\":\"SearchAction\",\"target\":{\"@type\":\"EntryPoint\",\"urlTemplate\":\"https:\\\/\\\/morsobaltic.com\\\/lv\\\/?s={search_term_string}\"},\"query-input\":{\"@type\":\"PropertyValueSpecification\",\"valueRequired\":true,\"valueName\":\"search_term_string\"}}],\"inLanguage\":\"lv-LV\"}]}<\/script>\n<!-- \/ Yoast SEO plugin. -->","yoast_head_json":{"title":"\u0100ra virtuves komplekts Mors\u00f8 Forno Deluxe Package 2 - MORSO Baltic","description":"\u0160is \u0101ra virtuves komplekts Mors\u00f8 Forno Deluxe Package 2 ietver kr\u0101sni, kompaktu galdu un r\u012bkus. Lieliski piem\u0113rots pic\u0101m un k\u016bpin\u0101\u0161anai.","robots":{"index":"index","follow":"follow","max-snippet":"max-snippet:-1","max-image-preview":"max-image-preview:large","max-video-preview":"max-video-preview:-1"},"canonical":"https:\/\/morsobaltic.com\/lv\/produktas\/luksusa-forno-pakete-2\/","og_locale":"lv_LV","og_type":"article","og_title":"\u0100ra virtuves komplekts Mors\u00f8 Forno Deluxe Package 2 - MORSO Baltic","og_description":"\u0160is \u0101ra virtuves komplekts Mors\u00f8 Forno Deluxe Package 2 ietver kr\u0101sni, kompaktu galdu un r\u012bkus. Lieliski piem\u0113rots pic\u0101m un k\u016bpin\u0101\u0161anai.","og_url":"https:\/\/morsobaltic.com\/lv\/produktas\/luksusa-forno-pakete-2\/","og_site_name":"MORSO Baltic","article_modified_time":"2026-04-08T17:58:47+00:00","og_image":[{"width":1254,"height":1254,"url":"https:\/\/morsobaltic.com\/wp-content\/uploads\/2025\/08\/1.png","type":"image\/png"}],"twitter_card":"summary_large_image","twitter_misc":{"Est. reading time":"2 minutes"},"schema":{"@context":"https:\/\/schema.org","@graph":[{"@type":"WebPage","@id":"https:\/\/morsobaltic.com\/lv\/produktas\/luksusa-forno-pakete-2\/","url":"https:\/\/morsobaltic.com\/lv\/produktas\/luksusa-forno-pakete-2\/","name":"\u0100ra virtuves komplekts Mors\u00f8 Forno Deluxe Package 2 - MORSO Baltic","isPartOf":{"@id":"https:\/\/morsobaltic.com\/lv\/#website"},"primaryImageOfPage":{"@id":"https:\/\/morsobaltic.com\/lv\/produktas\/luksusa-forno-pakete-2\/#primaryimage"},"image":{"@id":"https:\/\/morsobaltic.com\/lv\/produktas\/luksusa-forno-pakete-2\/#primaryimage"},"thumbnailUrl":"https:\/\/morsobaltic.com\/wp-content\/uploads\/2025\/08\/1.png","datePublished":"2025-08-05T06:47:44+00:00","dateModified":"2026-04-08T17:58:47+00:00","description":"\u0160is \u0101ra virtuves komplekts Mors\u00f8 Forno Deluxe Package 2 ietver kr\u0101sni, kompaktu galdu un r\u012bkus. Lieliski piem\u0113rots pic\u0101m un k\u016bpin\u0101\u0161anai.","breadcrumb":{"@id":"https:\/\/morsobaltic.com\/lv\/produktas\/luksusa-forno-pakete-2\/#breadcrumb"},"inLanguage":"lv-LV","potentialAction":[{"@type":"ReadAction","target":["https:\/\/morsobaltic.com\/lv\/produktas\/luksusa-forno-pakete-2\/"]}]},{"@type":"ImageObject","inLanguage":"lv-LV","@id":"https:\/\/morsobaltic.com\/lv\/produktas\/luksusa-forno-pakete-2\/#primaryimage","url":"https:\/\/morsobaltic.com\/wp-content\/uploads\/2025\/08\/1.png","contentUrl":"https:\/\/morsobaltic.com\/wp-content\/uploads\/2025\/08\/1.png","width":1254,"height":1254},{"@type":"BreadcrumbList","@id":"https:\/\/morsobaltic.com\/lv\/produktas\/luksusa-forno-pakete-2\/#breadcrumb","itemListElement":[{"@type":"ListItem","position":1,"name":"Home","item":"https:\/\/morsobaltic.com\/lv\/"},{"@type":"ListItem","position":2,"name":"Veikals","item":"https:\/\/morsobaltic.com\/parduotuve\/"},{"@type":"ListItem","position":3,"name":"LUKSUSA FORNO PAKETE 2"}]},{"@type":"WebSite","@id":"https:\/\/morsobaltic.com\/lv\/#website","url":"https:\/\/morsobaltic.com\/lv\/","name":"MORSO Baltic","description":"","alternateName":"MORSOBALTIC","potentialAction":[{"@type":"SearchAction","target":{"@type":"EntryPoint","urlTemplate":"https:\/\/morsobaltic.com\/lv\/?s={search_term_string}"},"query-input":{"@type":"PropertyValueSpecification","valueRequired":true,"valueName":"search_term_string"}}],"inLanguage":"lv-LV"}]}},"_links":{"self":[{"href":"https:\/\/morsobaltic.com\/lv\/wp-json\/wp\/v2\/product\/6296","targetHints":{"allow":["GET"]}}],"collection":[{"href":"https:\/\/morsobaltic.com\/lv\/wp-json\/wp\/v2\/product"}],"about":[{"href":"https:\/\/morsobaltic.com\/lv\/wp-json\/wp\/v2\/types\/product"}],"replies":[{"embeddable":true,"href":"https:\/\/morsobaltic.com\/lv\/wp-json\/wp\/v2\/comments?post=6296"}],"wp:featuredmedia":[{"embeddable":true,"href":"https:\/\/morsobaltic.com\/lv\/wp-json\/wp\/v2\/media\/8347"}],"wp:attachment":[{"href":"https:\/\/morsobaltic.com\/lv\/wp-json\/wp\/v2\/media?parent=6296"}],"wp:term":[{"taxonomy":"product_brand","embeddable":true,"href":"https:\/\/morsobaltic.com\/lv\/wp-json\/wp\/v2\/product_brand?post=6296"},{"taxonomy":"product_cat","embeddable":true,"href":"https:\/\/morsobaltic.com\/lv\/wp-json\/wp\/v2\/product_cat?post=6296"},{"taxonomy":"product_tag","embeddable":true,"href":"https:\/\/morsobaltic.com\/lv\/wp-json\/wp\/v2\/product_tag?post=6296"}],"curies":[{"name":"wp","href":"https:\/\/api.w.org\/{rel}","templated":true}]}}