{"id":6653,"date":"2025-12-02T04:06:08","date_gmt":"2025-12-02T04:06:08","guid":{"rendered":"https:\/\/morsobaltic.com\/?post_type=product&#038;p=6653"},"modified":"2026-03-17T20:56:33","modified_gmt":"2026-03-17T20:56:33","slug":"krasns-morso-1010-bio-kopija-kopija","status":"publish","type":"product","link":"https:\/\/morsobaltic.com\/lv\/produktas\/krasns-morso-1010-bio-kopija-kopija\/","title":{"rendered":"Kr\u0101sns Morso \u00d84 BIO"},"content":{"rendered":"<h4>Mors\u00f8 \u00d84 Bio \u2013 moderna bioetanola kr\u0101sni\u0146a j\u016bsu m\u0101jas m\u0101j\u012bgumam<\/h4>\n<p>Mors\u00f8 \u00d84 bioetanola kr\u0101sni\u0146a ir viens no pirmajiem mode\u013ciem piln\u012bgi jaunaj\u0101 Mors\u00f8 s\u0113rij\u0101. \u0160\u012b t\u0113rauda kr\u0101sni\u0146a tiek kurin\u0101ta ar bioetanolu, pied\u0101v\u0101jot m\u016bsdien\u012bgu \u0161ild\u012b\u0161anas veidu. Ra\u017eot\u0101js pied\u0101v\u0101 elast\u012bgu un bezd\u016bmu risin\u0101jumu j\u016bsu m\u0101j\u0101m, kas apvieno izsmalcin\u0101tu dizainu, m\u0101j\u012bgumu un mobilit\u0101ti. T\u0101 ir lieliska izv\u0113le tiem, kas nov\u0113rt\u0113 skandin\u0101vu est\u0113tiku un funkcionalit\u0101ti.<\/p>\n<p>Viena no liel\u0101kaj\u0101m \u0161\u012bs kr\u0101sni\u0146as priek\u0161roc\u012bb\u0101m ir t\u0101, ka tai nav nepiecie\u0161ams d\u016bmvads. \u0160\u012b iemesla d\u0113\u013c ier\u012bci varat br\u012bvi p\u0101rvietot no vienas istabas uz otru. T\u0101 ir piem\u0113rota gan past\u0101v\u012bgajam m\u0101joklim, gan vasarn\u012bcai \u2013 siltums un m\u0101j\u012bga atmosf\u0113ra b\u016bs tur, kur taj\u0101 br\u012bd\u012b v\u0113laties atrasties j\u016bs. Mobil\u0101 konstrukcija \u013cauj viegli main\u012bt interjera iek\u0101rtojumu bez jebk\u0101diem papildu mont\u0101\u017eas darbiem.<\/p>\n<h5>Efekt\u012bva apsilde un taup\u012bga degvielas izmanto\u0161ana<\/h5>\n<p>Visas Mors\u00f8 Bio s\u0113rijas kr\u0101snis izce\u013cas ar apbr\u012bnojamu efektivit\u0101ti. Mode\u013ca \u00d84 Bio deg\u0161anas laiks sasniedz pat 5 stundas, un \u0161\u0101dam rezult\u0101tam pietiek ar tikai 1,5 litriem bioetanola. Degvielas pat\u0113ri\u0146\u0161 ir \u013coti zems \u2013 vid\u0113ji 0,3 litri stund\u0101. Tas ir ekonomisks veids, k\u0101 izveidot papildu siltuma avotu sav\u0101 atp\u016btas zon\u0101, neuztraucoties par malkas sagatavo\u0161anu vai pelnu t\u012br\u012b\u0161anu.<\/p>\n<p>Mors\u00f8 garant\u0113 augst\u0101ko kvalit\u0101ti un dro\u0161\u012bbu. T\u0113rauda korpuss ir iztur\u012bgs un ilgi kalpojo\u0161s. Minim\u0101listiskais dizains viegli sader ar da\u017e\u0101da stila m\u0113bel\u0113m, padarot to par ieguld\u012bjumu kvalitat\u012bv\u0101 laik\u0101 kop\u0101 ar \u0123imeni pie dz\u012bvas uguns. Izbaudiet gaismu un siltumu bez d\u016bmu smakas vai kv\u0113piem \u2013 \u0161\u012b kr\u0101sni\u0146a rada izsmalcin\u0101tu atmosf\u0113ru tie\u0161i j\u016bsu viesistab\u0101.<\/p>\n","protected":false},"excerpt":{"rendered":"<p data-path-to-node=\"23,0,0\">Tips: Br\u012bvi st\u0101vo\u0161a bioetanola kr\u0101sni\u0146a<br \/>\nMateri\u0101ls: T\u0113rauds<br \/>\nDegvielas tvertne: 1,5 litri<br \/>\nDeg\u0161anas laiks: L\u012bdz 5 stund\u0101m<br \/>\nDegvielas pat\u0113ri\u0146\u0161: apm\u0113ram 0,3 l\/h<br \/>\n<span style=\"letter-spacing: 0px;\">Izm\u0113ri (A\u00d7P\u00d7D):<\/span><span style=\"letter-spacing: 0px;\"> 78,5 \u00d7 40 \u00d7 33,5 cm<br \/>\n<\/span><span style=\"letter-spacing: 0px;\">\u012apa\u0161\u012bbas:<\/span><span style=\"letter-spacing: 0px;\"> Nav nepiecie\u0161ams d\u016bmvads, p\u0101rvietojama, bez d\u016bmiem<\/span><\/p>\n","protected":false},"featured_media":6657,"comment_status":"open","ping_status":"closed","template":"","meta":[],"product_brand":[],"product_cat":[239],"product_tag":[],"class_list":{"0":"post-6653","1":"product","2":"type-product","3":"status-publish","4":"has-post-thumbnail","6":"product_cat-bioetanola-kamini","8":"first","9":"instock","10":"taxable","11":"shipping-taxable","12":"purchasable","13":"product-type-simple"},"yoast_head":"<!-- This site is optimized with the Yoast SEO plugin v27.3 - https:\/\/yoast.com\/product\/yoast-seo-wordpress\/ -->\n<title>Mors\u00f8 \u00d84 Bio \u2013 moderna bioetanola kr\u0101sni\u0146a j\u016bsu m\u0101j\u0101m<\/title>\n<meta name=\"description\" content=\"Mors\u00f8 \u00d84 Bio t\u0113rauda bioetanola kr\u0101sni\u0146a bez d\u016bmvada. Mobils, ekolo\u0123isks un elegants skandin\u0101vu dizaina risin\u0101jums j\u016bsu interjeram.\" \/>\n<meta name=\"robots\" content=\"index, follow, max-snippet:-1, max-image-preview:large, max-video-preview:-1\" \/>\n<link rel=\"canonical\" href=\"https:\/\/morsobaltic.com\/lv\/produktas\/krasns-morso-1010-bio-kopija-kopija\/\" \/>\n<meta property=\"og:locale\" content=\"lv_LV\" \/>\n<meta property=\"og:type\" content=\"article\" \/>\n<meta property=\"og:title\" content=\"Mors\u00f8 \u00d84 Bio \u2013 moderna bioetanola kr\u0101sni\u0146a j\u016bsu m\u0101j\u0101m\" \/>\n<meta property=\"og:description\" content=\"Mors\u00f8 \u00d84 Bio t\u0113rauda bioetanola kr\u0101sni\u0146a bez d\u016bmvada. Mobils, ekolo\u0123isks un elegants skandin\u0101vu dizaina risin\u0101jums j\u016bsu interjeram.\" \/>\n<meta property=\"og:url\" content=\"https:\/\/morsobaltic.com\/lv\/produktas\/krasns-morso-1010-bio-kopija-kopija\/\" \/>\n<meta property=\"og:site_name\" content=\"MORSO Baltic\" \/>\n<meta property=\"article:modified_time\" content=\"2026-03-17T20:56:33+00:00\" \/>\n<meta property=\"og:image\" content=\"https:\/\/morsobaltic.com\/wp-content\/uploads\/2025\/12\/canva_Bio-04.png\" \/>\n\t<meta property=\"og:image:width\" content=\"1080\" \/>\n\t<meta property=\"og:image:height\" content=\"1080\" \/>\n\t<meta property=\"og:image:type\" content=\"image\/png\" \/>\n<meta name=\"twitter:card\" content=\"summary_large_image\" \/>\n<meta name=\"twitter:label1\" content=\"Est. reading time\" \/>\n\t<meta name=\"twitter:data1\" content=\"2 minutes\" \/>\n<script type=\"application\/ld+json\" class=\"yoast-schema-graph\">{\"@context\":\"https:\\\/\\\/schema.org\",\"@graph\":[{\"@type\":\"WebPage\",\"@id\":\"https:\\\/\\\/morsobaltic.com\\\/lv\\\/produktas\\\/krasns-morso-1010-bio-kopija-kopija\\\/\",\"url\":\"https:\\\/\\\/morsobaltic.com\\\/lv\\\/produktas\\\/krasns-morso-1010-bio-kopija-kopija\\\/\",\"name\":\"Mors\u00f8 \u00d84 Bio \u2013 moderna bioetanola kr\u0101sni\u0146a j\u016bsu m\u0101j\u0101m\",\"isPartOf\":{\"@id\":\"https:\\\/\\\/morsobaltic.com\\\/lv\\\/#website\"},\"primaryImageOfPage\":{\"@id\":\"https:\\\/\\\/morsobaltic.com\\\/lv\\\/produktas\\\/krasns-morso-1010-bio-kopija-kopija\\\/#primaryimage\"},\"image\":{\"@id\":\"https:\\\/\\\/morsobaltic.com\\\/lv\\\/produktas\\\/krasns-morso-1010-bio-kopija-kopija\\\/#primaryimage\"},\"thumbnailUrl\":\"https:\\\/\\\/morsobaltic.com\\\/wp-content\\\/uploads\\\/2025\\\/12\\\/canva_Bio-04.png\",\"datePublished\":\"2025-12-02T04:06:08+00:00\",\"dateModified\":\"2026-03-17T20:56:33+00:00\",\"description\":\"Mors\u00f8 \u00d84 Bio t\u0113rauda bioetanola kr\u0101sni\u0146a bez d\u016bmvada. Mobils, ekolo\u0123isks un elegants skandin\u0101vu dizaina risin\u0101jums j\u016bsu interjeram.\",\"breadcrumb\":{\"@id\":\"https:\\\/\\\/morsobaltic.com\\\/lv\\\/produktas\\\/krasns-morso-1010-bio-kopija-kopija\\\/#breadcrumb\"},\"inLanguage\":\"lv-LV\",\"potentialAction\":[{\"@type\":\"ReadAction\",\"target\":[\"https:\\\/\\\/morsobaltic.com\\\/lv\\\/produktas\\\/krasns-morso-1010-bio-kopija-kopija\\\/\"]}]},{\"@type\":\"ImageObject\",\"inLanguage\":\"lv-LV\",\"@id\":\"https:\\\/\\\/morsobaltic.com\\\/lv\\\/produktas\\\/krasns-morso-1010-bio-kopija-kopija\\\/#primaryimage\",\"url\":\"https:\\\/\\\/morsobaltic.com\\\/wp-content\\\/uploads\\\/2025\\\/12\\\/canva_Bio-04.png\",\"contentUrl\":\"https:\\\/\\\/morsobaltic.com\\\/wp-content\\\/uploads\\\/2025\\\/12\\\/canva_Bio-04.png\",\"width\":1080,\"height\":1080},{\"@type\":\"BreadcrumbList\",\"@id\":\"https:\\\/\\\/morsobaltic.com\\\/lv\\\/produktas\\\/krasns-morso-1010-bio-kopija-kopija\\\/#breadcrumb\",\"itemListElement\":[{\"@type\":\"ListItem\",\"position\":1,\"name\":\"Home\",\"item\":\"https:\\\/\\\/morsobaltic.com\\\/lv\\\/\"},{\"@type\":\"ListItem\",\"position\":2,\"name\":\"Veikals\",\"item\":\"https:\\\/\\\/morsobaltic.com\\\/parduotuve\\\/\"},{\"@type\":\"ListItem\",\"position\":3,\"name\":\"Kr\u0101sns Morso \u00d84 BIO\"}]},{\"@type\":\"WebSite\",\"@id\":\"https:\\\/\\\/morsobaltic.com\\\/lv\\\/#website\",\"url\":\"https:\\\/\\\/morsobaltic.com\\\/lv\\\/\",\"name\":\"MORSO Baltic\",\"description\":\"\",\"alternateName\":\"MORSOBALTIC\",\"potentialAction\":[{\"@type\":\"SearchAction\",\"target\":{\"@type\":\"EntryPoint\",\"urlTemplate\":\"https:\\\/\\\/morsobaltic.com\\\/lv\\\/?s={search_term_string}\"},\"query-input\":{\"@type\":\"PropertyValueSpecification\",\"valueRequired\":true,\"valueName\":\"search_term_string\"}}],\"inLanguage\":\"lv-LV\"}]}<\/script>\n<!-- \/ Yoast SEO plugin. -->","yoast_head_json":{"title":"Mors\u00f8 \u00d84 Bio \u2013 moderna bioetanola kr\u0101sni\u0146a j\u016bsu m\u0101j\u0101m","description":"Mors\u00f8 \u00d84 Bio t\u0113rauda bioetanola kr\u0101sni\u0146a bez d\u016bmvada. Mobils, ekolo\u0123isks un elegants skandin\u0101vu dizaina risin\u0101jums j\u016bsu interjeram.","robots":{"index":"index","follow":"follow","max-snippet":"max-snippet:-1","max-image-preview":"max-image-preview:large","max-video-preview":"max-video-preview:-1"},"canonical":"https:\/\/morsobaltic.com\/lv\/produktas\/krasns-morso-1010-bio-kopija-kopija\/","og_locale":"lv_LV","og_type":"article","og_title":"Mors\u00f8 \u00d84 Bio \u2013 moderna bioetanola kr\u0101sni\u0146a j\u016bsu m\u0101j\u0101m","og_description":"Mors\u00f8 \u00d84 Bio t\u0113rauda bioetanola kr\u0101sni\u0146a bez d\u016bmvada. Mobils, ekolo\u0123isks un elegants skandin\u0101vu dizaina risin\u0101jums j\u016bsu interjeram.","og_url":"https:\/\/morsobaltic.com\/lv\/produktas\/krasns-morso-1010-bio-kopija-kopija\/","og_site_name":"MORSO Baltic","article_modified_time":"2026-03-17T20:56:33+00:00","og_image":[{"width":1080,"height":1080,"url":"https:\/\/morsobaltic.com\/wp-content\/uploads\/2025\/12\/canva_Bio-04.png","type":"image\/png"}],"twitter_card":"summary_large_image","twitter_misc":{"Est. reading time":"2 minutes"},"schema":{"@context":"https:\/\/schema.org","@graph":[{"@type":"WebPage","@id":"https:\/\/morsobaltic.com\/lv\/produktas\/krasns-morso-1010-bio-kopija-kopija\/","url":"https:\/\/morsobaltic.com\/lv\/produktas\/krasns-morso-1010-bio-kopija-kopija\/","name":"Mors\u00f8 \u00d84 Bio \u2013 moderna bioetanola kr\u0101sni\u0146a j\u016bsu m\u0101j\u0101m","isPartOf":{"@id":"https:\/\/morsobaltic.com\/lv\/#website"},"primaryImageOfPage":{"@id":"https:\/\/morsobaltic.com\/lv\/produktas\/krasns-morso-1010-bio-kopija-kopija\/#primaryimage"},"image":{"@id":"https:\/\/morsobaltic.com\/lv\/produktas\/krasns-morso-1010-bio-kopija-kopija\/#primaryimage"},"thumbnailUrl":"https:\/\/morsobaltic.com\/wp-content\/uploads\/2025\/12\/canva_Bio-04.png","datePublished":"2025-12-02T04:06:08+00:00","dateModified":"2026-03-17T20:56:33+00:00","description":"Mors\u00f8 \u00d84 Bio t\u0113rauda bioetanola kr\u0101sni\u0146a bez d\u016bmvada. Mobils, ekolo\u0123isks un elegants skandin\u0101vu dizaina risin\u0101jums j\u016bsu interjeram.","breadcrumb":{"@id":"https:\/\/morsobaltic.com\/lv\/produktas\/krasns-morso-1010-bio-kopija-kopija\/#breadcrumb"},"inLanguage":"lv-LV","potentialAction":[{"@type":"ReadAction","target":["https:\/\/morsobaltic.com\/lv\/produktas\/krasns-morso-1010-bio-kopija-kopija\/"]}]},{"@type":"ImageObject","inLanguage":"lv-LV","@id":"https:\/\/morsobaltic.com\/lv\/produktas\/krasns-morso-1010-bio-kopija-kopija\/#primaryimage","url":"https:\/\/morsobaltic.com\/wp-content\/uploads\/2025\/12\/canva_Bio-04.png","contentUrl":"https:\/\/morsobaltic.com\/wp-content\/uploads\/2025\/12\/canva_Bio-04.png","width":1080,"height":1080},{"@type":"BreadcrumbList","@id":"https:\/\/morsobaltic.com\/lv\/produktas\/krasns-morso-1010-bio-kopija-kopija\/#breadcrumb","itemListElement":[{"@type":"ListItem","position":1,"name":"Home","item":"https:\/\/morsobaltic.com\/lv\/"},{"@type":"ListItem","position":2,"name":"Veikals","item":"https:\/\/morsobaltic.com\/parduotuve\/"},{"@type":"ListItem","position":3,"name":"Kr\u0101sns Morso \u00d84 BIO"}]},{"@type":"WebSite","@id":"https:\/\/morsobaltic.com\/lv\/#website","url":"https:\/\/morsobaltic.com\/lv\/","name":"MORSO Baltic","description":"","alternateName":"MORSOBALTIC","potentialAction":[{"@type":"SearchAction","target":{"@type":"EntryPoint","urlTemplate":"https:\/\/morsobaltic.com\/lv\/?s={search_term_string}"},"query-input":{"@type":"PropertyValueSpecification","valueRequired":true,"valueName":"search_term_string"}}],"inLanguage":"lv-LV"}]}},"_links":{"self":[{"href":"https:\/\/morsobaltic.com\/lv\/wp-json\/wp\/v2\/product\/6653","targetHints":{"allow":["GET"]}}],"collection":[{"href":"https:\/\/morsobaltic.com\/lv\/wp-json\/wp\/v2\/product"}],"about":[{"href":"https:\/\/morsobaltic.com\/lv\/wp-json\/wp\/v2\/types\/product"}],"replies":[{"embeddable":true,"href":"https:\/\/morsobaltic.com\/lv\/wp-json\/wp\/v2\/comments?post=6653"}],"wp:featuredmedia":[{"embeddable":true,"href":"https:\/\/morsobaltic.com\/lv\/wp-json\/wp\/v2\/media\/6657"}],"wp:attachment":[{"href":"https:\/\/morsobaltic.com\/lv\/wp-json\/wp\/v2\/media?parent=6653"}],"wp:term":[{"taxonomy":"product_brand","embeddable":true,"href":"https:\/\/morsobaltic.com\/lv\/wp-json\/wp\/v2\/product_brand?post=6653"},{"taxonomy":"product_cat","embeddable":true,"href":"https:\/\/morsobaltic.com\/lv\/wp-json\/wp\/v2\/product_cat?post=6653"},{"taxonomy":"product_tag","embeddable":true,"href":"https:\/\/morsobaltic.com\/lv\/wp-json\/wp\/v2\/product_tag?post=6653"}],"curies":[{"name":"wp","href":"https:\/\/api.w.org\/{rel}","templated":true}]}}