{"id":8374,"date":"2026-04-08T14:19:52","date_gmt":"2026-04-08T14:19:52","guid":{"rendered":"https:\/\/morsobaltic.com\/?post_type=product&#038;p=8374"},"modified":"2026-04-14T20:13:13","modified_gmt":"2026-04-14T20:13:13","slug":"morso-picu-akmens-forno-el-medio","status":"publish","type":"product","link":"https:\/\/morsobaltic.com\/lv\/produktas\/morso-picu-akmens-forno-el-medio\/","title":{"rendered":"Mors\u00f8 picu akmens &#8211; Forno EL Medio"},"content":{"rendered":"<h4>Mors\u00f8 picu akmens \u2013 autentiska gar\u0161a Forno EL Medio kr\u0101snij<\/h4>\n<p>Mors\u00f8 picu akmens ir rad\u012bts \u012bstiem it\u0101\u013cu virtuves cien\u012bt\u0101jiem. \u0160is piederums \u013cauj sasniegt profesion\u0101lus cep\u0161anas rezult\u0101tus m\u0101jas apst\u0101k\u013cos. Izmantojot \u0161o akmeni kr\u0101sn\u012b, varat prec\u012bzi vad\u012bt cep\u0161anas procesu. Tas pal\u012bdz pareizi sadal\u012bt aug\u0161\u0113jo un apak\u0161\u0113jo karstumu. Tas nodro\u0161ina, ka picas pamatne tiks izcepta perfekti. J\u016bs var\u0113siet baud\u012bt gan krauk\u0161\u0137\u012bgu Neapoles picu, gan puf\u012bg\u0101kus m\u012bklas izstr\u0101d\u0101jumus. Katram picas veidam ir nepiecie\u0161ama specifiska temperat\u016bra, ko \u0161is akmens pal\u012bdz uztur\u0113t.<\/p>\n<p>\u012astai picai j\u0101b\u016bt ceptai uz tradicion\u0101las akmens virsmas. \u0160is picu akmens pie\u0161\u0137ir autentisku un \u012bpa\u0161i krauk\u0161\u0137\u012bgu garozi\u0146u. Tas ir izgatavots no kordier\u012bta, kam piem\u012bt lieliskas \u012bpa\u0161\u012bbas. \u0160is materi\u0101ls ir ide\u0101li piem\u0113rots ne tikai pic\u0101m, bet ar\u012b pl\u0101ce\u0146iem. Uz t\u0101 varat gatavot krauk\u0161\u0137\u012bgas brusketas vai tradicion\u0101los v\u0101cu &#8220;flammkuchen&#8221;. Akmens \u0101tri uzkarst un vienm\u0113r\u012bgi nodod siltumu m\u012bklai. Tas ir neaizst\u0101jams r\u012bks vislab\u0101kajai cep\u0161anas kvalit\u0101tei.<\/p>\n<h5>Iztur\u012bgs kordier\u012bts un vienk\u0101r\u0161a apkope<\/h5>\n<p>Kordier\u012bts tiek augsti v\u0113rt\u0113ts t\u0101 iztur\u012bbas pret liel\u0101m temperat\u016bras sv\u0101rst\u012bb\u0101m d\u0113\u013c. \u0160is materi\u0101ls garant\u0113 izstr\u0101d\u0101juma ilgu kalpo\u0161anas laiku un stabilit\u0101ti. Picu akmens ir piel\u0101gots tie\u0161i Forno EL Medio modelim. Tas ir pietiekami plats, lai uz t\u0101 ietilptu liel\u0101ka diametra cepumi. Lai gan akmens ir iztur\u012bgs, tam ir optim\u0101ls svars \u0113rtai lieto\u0161anai. P\u0113c cep\u0161anas virsmu not\u012br\u012bt ir vienk\u0101r\u0161i un \u0101tri. Izbaudiet skandin\u0101vu dizainu un profesion\u0101lu funkcionalit\u0101ti sav\u0101 virtuv\u0113.<\/p>\n","protected":false},"excerpt":{"rendered":"<p>Tips: Picas cep\u0161anas akmens<br \/>\nMateri\u0101ls: Kordier\u012bts<br \/>\nPlatums: 480 mm<br \/>\nAugstums: 13 mm<br \/>\nSvars: 2,61 kg<\/p>\n","protected":false},"featured_media":8406,"comment_status":"closed","ping_status":"closed","template":"","meta":[],"product_brand":[],"product_cat":[130],"product_tag":[],"class_list":{"0":"post-8374","1":"product","2":"type-product","3":"status-publish","4":"has-post-thumbnail","6":"product_cat-grilu-piederumi","8":"first","9":"instock","10":"taxable","11":"shipping-taxable","12":"purchasable","13":"product-type-simple"},"yoast_head":"<!-- This site is optimized with the Yoast SEO plugin v27.5 - https:\/\/yoast.com\/product\/yoast-seo-wordpress\/ -->\n<title>Picu akmens Mors\u00f8 Forno EL Medio \u2013 MORSO Baltic<\/title>\n<meta name=\"description\" content=\"Kordier\u012bta picu akmens Mors\u00f8 Forno EL Medio kr\u0101snij. Nodro\u0161ina autentisku gar\u0161u un krauk\u0161\u0137\u012bgu garozi\u0146u pic\u0101m, brusket\u0101m vai pl\u0101ce\u0146iem.\" \/>\n<meta name=\"robots\" content=\"index, follow, max-snippet:-1, max-image-preview:large, max-video-preview:-1\" \/>\n<link rel=\"canonical\" href=\"https:\/\/morsobaltic.com\/lv\/produktas\/morso-picu-akmens-forno-el-medio\/\" \/>\n<meta property=\"og:locale\" content=\"lv_LV\" \/>\n<meta property=\"og:type\" content=\"article\" \/>\n<meta property=\"og:title\" content=\"Picu akmens Mors\u00f8 Forno EL Medio \u2013 MORSO Baltic\" \/>\n<meta property=\"og:description\" content=\"Kordier\u012bta picu akmens Mors\u00f8 Forno EL Medio kr\u0101snij. Nodro\u0161ina autentisku gar\u0161u un krauk\u0161\u0137\u012bgu garozi\u0146u pic\u0101m, brusket\u0101m vai pl\u0101ce\u0146iem.\" \/>\n<meta property=\"og:url\" content=\"https:\/\/morsobaltic.com\/lv\/produktas\/morso-picu-akmens-forno-el-medio\/\" \/>\n<meta property=\"og:site_name\" content=\"MORSO Baltic\" \/>\n<meta property=\"article:modified_time\" content=\"2026-04-14T20:13:13+00:00\" \/>\n<meta property=\"og:image\" content=\"https:\/\/morsobaltic.com\/wp-content\/uploads\/2026\/04\/3.png\" \/>\n\t<meta property=\"og:image:width\" content=\"1080\" \/>\n\t<meta property=\"og:image:height\" content=\"1080\" \/>\n\t<meta property=\"og:image:type\" content=\"image\/png\" \/>\n<meta name=\"twitter:card\" content=\"summary_large_image\" \/>\n<meta name=\"twitter:label1\" content=\"Est. reading time\" \/>\n\t<meta name=\"twitter:data1\" content=\"3 minutes\" \/>\n<script type=\"application\/ld+json\" class=\"yoast-schema-graph\">{\"@context\":\"https:\\\/\\\/schema.org\",\"@graph\":[{\"@type\":\"WebPage\",\"@id\":\"https:\\\/\\\/morsobaltic.com\\\/lv\\\/produktas\\\/morso-picu-akmens-forno-el-medio\\\/\",\"url\":\"https:\\\/\\\/morsobaltic.com\\\/lv\\\/produktas\\\/morso-picu-akmens-forno-el-medio\\\/\",\"name\":\"Picu akmens Mors\u00f8 Forno EL Medio \u2013 MORSO Baltic\",\"isPartOf\":{\"@id\":\"https:\\\/\\\/morsobaltic.com\\\/lv\\\/#website\"},\"primaryImageOfPage\":{\"@id\":\"https:\\\/\\\/morsobaltic.com\\\/lv\\\/produktas\\\/morso-picu-akmens-forno-el-medio\\\/#primaryimage\"},\"image\":{\"@id\":\"https:\\\/\\\/morsobaltic.com\\\/lv\\\/produktas\\\/morso-picu-akmens-forno-el-medio\\\/#primaryimage\"},\"thumbnailUrl\":\"https:\\\/\\\/morsobaltic.com\\\/wp-content\\\/uploads\\\/2026\\\/04\\\/3.png\",\"datePublished\":\"2026-04-08T14:19:52+00:00\",\"dateModified\":\"2026-04-14T20:13:13+00:00\",\"description\":\"Kordier\u012bta picu akmens Mors\u00f8 Forno EL Medio kr\u0101snij. Nodro\u0161ina autentisku gar\u0161u un krauk\u0161\u0137\u012bgu garozi\u0146u pic\u0101m, brusket\u0101m vai pl\u0101ce\u0146iem.\",\"breadcrumb\":{\"@id\":\"https:\\\/\\\/morsobaltic.com\\\/lv\\\/produktas\\\/morso-picu-akmens-forno-el-medio\\\/#breadcrumb\"},\"inLanguage\":\"lv-LV\",\"potentialAction\":[{\"@type\":\"ReadAction\",\"target\":[\"https:\\\/\\\/morsobaltic.com\\\/lv\\\/produktas\\\/morso-picu-akmens-forno-el-medio\\\/\"]}]},{\"@type\":\"ImageObject\",\"inLanguage\":\"lv-LV\",\"@id\":\"https:\\\/\\\/morsobaltic.com\\\/lv\\\/produktas\\\/morso-picu-akmens-forno-el-medio\\\/#primaryimage\",\"url\":\"https:\\\/\\\/morsobaltic.com\\\/wp-content\\\/uploads\\\/2026\\\/04\\\/3.png\",\"contentUrl\":\"https:\\\/\\\/morsobaltic.com\\\/wp-content\\\/uploads\\\/2026\\\/04\\\/3.png\",\"width\":1080,\"height\":1080},{\"@type\":\"BreadcrumbList\",\"@id\":\"https:\\\/\\\/morsobaltic.com\\\/lv\\\/produktas\\\/morso-picu-akmens-forno-el-medio\\\/#breadcrumb\",\"itemListElement\":[{\"@type\":\"ListItem\",\"position\":1,\"name\":\"Home\",\"item\":\"https:\\\/\\\/morsobaltic.com\\\/lv\\\/\"},{\"@type\":\"ListItem\",\"position\":2,\"name\":\"Veikals\",\"item\":\"https:\\\/\\\/morsobaltic.com\\\/parduotuve\\\/\"},{\"@type\":\"ListItem\",\"position\":3,\"name\":\"Mors\u00f8 picu akmens &#8211; Forno EL Medio\"}]},{\"@type\":\"WebSite\",\"@id\":\"https:\\\/\\\/morsobaltic.com\\\/lv\\\/#website\",\"url\":\"https:\\\/\\\/morsobaltic.com\\\/lv\\\/\",\"name\":\"MORSO Baltic\",\"description\":\"\",\"alternateName\":\"MORSOBALTIC\",\"potentialAction\":[{\"@type\":\"SearchAction\",\"target\":{\"@type\":\"EntryPoint\",\"urlTemplate\":\"https:\\\/\\\/morsobaltic.com\\\/lv\\\/?s={search_term_string}\"},\"query-input\":{\"@type\":\"PropertyValueSpecification\",\"valueRequired\":true,\"valueName\":\"search_term_string\"}}],\"inLanguage\":\"lv-LV\"}]}<\/script>\n<!-- \/ Yoast SEO plugin. -->","yoast_head_json":{"title":"Picu akmens Mors\u00f8 Forno EL Medio \u2013 MORSO Baltic","description":"Kordier\u012bta picu akmens Mors\u00f8 Forno EL Medio kr\u0101snij. Nodro\u0161ina autentisku gar\u0161u un krauk\u0161\u0137\u012bgu garozi\u0146u pic\u0101m, brusket\u0101m vai pl\u0101ce\u0146iem.","robots":{"index":"index","follow":"follow","max-snippet":"max-snippet:-1","max-image-preview":"max-image-preview:large","max-video-preview":"max-video-preview:-1"},"canonical":"https:\/\/morsobaltic.com\/lv\/produktas\/morso-picu-akmens-forno-el-medio\/","og_locale":"lv_LV","og_type":"article","og_title":"Picu akmens Mors\u00f8 Forno EL Medio \u2013 MORSO Baltic","og_description":"Kordier\u012bta picu akmens Mors\u00f8 Forno EL Medio kr\u0101snij. Nodro\u0161ina autentisku gar\u0161u un krauk\u0161\u0137\u012bgu garozi\u0146u pic\u0101m, brusket\u0101m vai pl\u0101ce\u0146iem.","og_url":"https:\/\/morsobaltic.com\/lv\/produktas\/morso-picu-akmens-forno-el-medio\/","og_site_name":"MORSO Baltic","article_modified_time":"2026-04-14T20:13:13+00:00","og_image":[{"width":1080,"height":1080,"url":"https:\/\/morsobaltic.com\/wp-content\/uploads\/2026\/04\/3.png","type":"image\/png"}],"twitter_card":"summary_large_image","twitter_misc":{"Est. reading time":"3 minutes"},"schema":{"@context":"https:\/\/schema.org","@graph":[{"@type":"WebPage","@id":"https:\/\/morsobaltic.com\/lv\/produktas\/morso-picu-akmens-forno-el-medio\/","url":"https:\/\/morsobaltic.com\/lv\/produktas\/morso-picu-akmens-forno-el-medio\/","name":"Picu akmens Mors\u00f8 Forno EL Medio \u2013 MORSO Baltic","isPartOf":{"@id":"https:\/\/morsobaltic.com\/lv\/#website"},"primaryImageOfPage":{"@id":"https:\/\/morsobaltic.com\/lv\/produktas\/morso-picu-akmens-forno-el-medio\/#primaryimage"},"image":{"@id":"https:\/\/morsobaltic.com\/lv\/produktas\/morso-picu-akmens-forno-el-medio\/#primaryimage"},"thumbnailUrl":"https:\/\/morsobaltic.com\/wp-content\/uploads\/2026\/04\/3.png","datePublished":"2026-04-08T14:19:52+00:00","dateModified":"2026-04-14T20:13:13+00:00","description":"Kordier\u012bta picu akmens Mors\u00f8 Forno EL Medio kr\u0101snij. Nodro\u0161ina autentisku gar\u0161u un krauk\u0161\u0137\u012bgu garozi\u0146u pic\u0101m, brusket\u0101m vai pl\u0101ce\u0146iem.","breadcrumb":{"@id":"https:\/\/morsobaltic.com\/lv\/produktas\/morso-picu-akmens-forno-el-medio\/#breadcrumb"},"inLanguage":"lv-LV","potentialAction":[{"@type":"ReadAction","target":["https:\/\/morsobaltic.com\/lv\/produktas\/morso-picu-akmens-forno-el-medio\/"]}]},{"@type":"ImageObject","inLanguage":"lv-LV","@id":"https:\/\/morsobaltic.com\/lv\/produktas\/morso-picu-akmens-forno-el-medio\/#primaryimage","url":"https:\/\/morsobaltic.com\/wp-content\/uploads\/2026\/04\/3.png","contentUrl":"https:\/\/morsobaltic.com\/wp-content\/uploads\/2026\/04\/3.png","width":1080,"height":1080},{"@type":"BreadcrumbList","@id":"https:\/\/morsobaltic.com\/lv\/produktas\/morso-picu-akmens-forno-el-medio\/#breadcrumb","itemListElement":[{"@type":"ListItem","position":1,"name":"Home","item":"https:\/\/morsobaltic.com\/lv\/"},{"@type":"ListItem","position":2,"name":"Veikals","item":"https:\/\/morsobaltic.com\/parduotuve\/"},{"@type":"ListItem","position":3,"name":"Mors\u00f8 picu akmens &#8211; Forno EL Medio"}]},{"@type":"WebSite","@id":"https:\/\/morsobaltic.com\/lv\/#website","url":"https:\/\/morsobaltic.com\/lv\/","name":"MORSO Baltic","description":"","alternateName":"MORSOBALTIC","potentialAction":[{"@type":"SearchAction","target":{"@type":"EntryPoint","urlTemplate":"https:\/\/morsobaltic.com\/lv\/?s={search_term_string}"},"query-input":{"@type":"PropertyValueSpecification","valueRequired":true,"valueName":"search_term_string"}}],"inLanguage":"lv-LV"}]}},"_links":{"self":[{"href":"https:\/\/morsobaltic.com\/lv\/wp-json\/wp\/v2\/product\/8374","targetHints":{"allow":["GET"]}}],"collection":[{"href":"https:\/\/morsobaltic.com\/lv\/wp-json\/wp\/v2\/product"}],"about":[{"href":"https:\/\/morsobaltic.com\/lv\/wp-json\/wp\/v2\/types\/product"}],"replies":[{"embeddable":true,"href":"https:\/\/morsobaltic.com\/lv\/wp-json\/wp\/v2\/comments?post=8374"}],"wp:featuredmedia":[{"embeddable":true,"href":"https:\/\/morsobaltic.com\/lv\/wp-json\/wp\/v2\/media\/8406"}],"wp:attachment":[{"href":"https:\/\/morsobaltic.com\/lv\/wp-json\/wp\/v2\/media?parent=8374"}],"wp:term":[{"taxonomy":"product_brand","embeddable":true,"href":"https:\/\/morsobaltic.com\/lv\/wp-json\/wp\/v2\/product_brand?post=8374"},{"taxonomy":"product_cat","embeddable":true,"href":"https:\/\/morsobaltic.com\/lv\/wp-json\/wp\/v2\/product_cat?post=8374"},{"taxonomy":"product_tag","embeddable":true,"href":"https:\/\/morsobaltic.com\/lv\/wp-json\/wp\/v2\/product_tag?post=8374"}],"curies":[{"name":"wp","href":"https:\/\/api.w.org\/{rel}","templated":true}]}}