{"id":8521,"date":"2026-04-15T19:50:32","date_gmt":"2026-04-15T19:50:32","guid":{"rendered":"https:\/\/morsobaltic.com\/produktas\/morso-7443-krosnele-su-malkine\/"},"modified":"2026-04-15T19:53:44","modified_gmt":"2026-04-15T19:53:44","slug":"morso-7443-krasns-ar-malkas-nodalijumu","status":"publish","type":"product","link":"https:\/\/morsobaltic.com\/lv\/produktas\/morso-7443-krasns-ar-malkas-nodalijumu\/","title":{"rendered":"Mors\u00f8 7443 \u2013 kr\u0101sns ar malkas nodal\u012bjumu"},"content":{"rendered":"<h4>Mors\u00f8 7443 kr\u0101sns \u2013 elegance un 180 gr\u0101du skats<\/h4>\n<p>\u0160is elegantais modelis ar malkas nodal\u012bjumu ir izstr\u0101d\u0101ts, atz\u012bm\u0113jot uz\u0146\u0113muma Mors\u00f8 160 gadu jubileju. T\u0101 ir viena no m\u016bsu maz\u0101kaj\u0101m kr\u0101sn\u012bm, kas savas kompaktuma d\u0113\u013c lieliski iederas maz\u0101k\u0101s telp\u0101s. Pirmo reizi uz \u0161\u012b korpusa ir redzams atjaunotais tradicion\u0101lais v\u0101veres simbols, kas apz\u012bm\u0113 ilgu meistarkvalit\u0101tes v\u0113sturi. T\u0101pat k\u0101 visi 7400 s\u0113rijas mode\u013ci, ar\u012b \u0161\u012b kr\u0101sns ir apr\u012bkota ar papildu s\u0101nu stikliem. Tas nodro\u0161ina izcilu uguns panor\u0101mu, kas redzama no vis\u0101m pus\u0113m.<\/p>\n<p>Ietilp\u012bgais malkas nodal\u012bjums ir ne tikai praktiska vieta kurin\u0101m\u0101 glab\u0101\u0161anai, bet ar\u012b kalpo k\u0101 dab\u012bgs interjera dekorat\u012bvs elements. Kr\u0101sns ir apr\u012bkota ar progres\u012bvu konvekcijas sist\u0113mu, kas \u0101tri sadala siltumu telp\u0101. Uzsild\u012bts sadeg\u0161anas gaiss un terci\u0101r\u0101 gaisa padeve nodro\u0161ina t\u012bru un efekt\u012bvu deg\u0161anu. T\u0101 ir stil\u012bga m\u0113bele, kas pie\u0161\u0137irs j\u016bsu m\u0101jai m\u0101j\u012bgumu un skandin\u0101vu \u0161armu.<\/p>\n<h5>Funkcionalit\u0101te un papildapr\u012bkojums<\/h5>\n<p>Mors\u00f8 7443 ir izgatavota no mat\u0113ta melna \u010duguna, kas lieliski akumul\u0113 siltumu. Lai pan\u0101ktu v\u0113l liel\u0101ku est\u0113tiku, malkas nodal\u012bjumam var papildus ieg\u0101d\u0101ties speci\u0101las durvis. T\u0101s atk\u0101rto cokola izliekto formu un \u013cauj pasl\u0113pt malku vai citus piederumus. No kv\u0113piem aizsarg\u0101ta stikla sist\u0113ma garant\u0113, ka stikls ilgsto\u0161i paliks dzidrs. Pelnu atvilktne un iesp\u0113ja piesl\u0113gt \u0101r\u0113jo gaisa padevi padara lieto\u0161anu \u012bpa\u0161i komfortablu.<\/p>\n","protected":false},"excerpt":{"rendered":"<p>Tips: Konvekcijas \u010duguna kr\u0101sns<br \/>\nJauda: 4,3 kW<br \/>\nAugstums: 997 mm<br \/>\nPlatums: 440 mm<br \/>\nDzi\u013cums: 377 mm<br \/>\nSvars: 113,5 kg<br \/>\nApsild\u0101m\u0101 plat\u012bba: l\u012bdz 105 m\u00b2 (atkar\u012bb\u0101 no izol\u0101cijas)<br \/>\n\u012apa\u0161\u012bbas: Panor\u0101mas stikls, malkas nodal\u012bjums, terci\u0101r\u0101 gaisa sist\u0113ma, t\u012bra stikla tehnolo\u0123ija<\/p>\n","protected":false},"featured_media":8514,"comment_status":"closed","ping_status":"closed","template":"","meta":[],"product_brand":[],"product_cat":[211],"product_tag":[],"class_list":{"0":"post-8521","1":"product","2":"type-product","3":"status-publish","4":"has-post-thumbnail","6":"product_cat-kaminkrasnis","8":"first","9":"instock","10":"taxable","11":"shipping-taxable","12":"purchasable","13":"product-type-simple"},"yoast_head":"<!-- This site is optimized with the Yoast SEO plugin v27.5 - https:\/\/yoast.com\/product\/yoast-seo-wordpress\/ -->\n<title>\u010cuguna kr\u0101sns Mors\u00f8 7443 \u2013 180 gr\u0101du uguns panor\u0101ma<\/title>\n<meta name=\"description\" content=\"\u010cuguna kr\u0101sns Mors\u00f8 7443 ar malkas nodal\u012bjumu un panor\u0101mas stiklu. Kompakts dizains un efekt\u012bva apkure maz\u0101k\u0101m telp\u0101m.\" \/>\n<meta name=\"robots\" content=\"index, follow, max-snippet:-1, max-image-preview:large, max-video-preview:-1\" \/>\n<link rel=\"canonical\" href=\"https:\/\/morsobaltic.com\/lv\/produktas\/morso-7443-krasns-ar-malkas-nodalijumu\/\" \/>\n<meta property=\"og:locale\" content=\"lv_LV\" \/>\n<meta property=\"og:type\" content=\"article\" \/>\n<meta property=\"og:title\" content=\"\u010cuguna kr\u0101sns Mors\u00f8 7443 \u2013 180 gr\u0101du uguns panor\u0101ma\" \/>\n<meta property=\"og:description\" content=\"\u010cuguna kr\u0101sns Mors\u00f8 7443 ar malkas nodal\u012bjumu un panor\u0101mas stiklu. Kompakts dizains un efekt\u012bva apkure maz\u0101k\u0101m telp\u0101m.\" \/>\n<meta property=\"og:url\" content=\"https:\/\/morsobaltic.com\/lv\/produktas\/morso-7443-krasns-ar-malkas-nodalijumu\/\" \/>\n<meta property=\"og:site_name\" content=\"MORSO Baltic\" \/>\n<meta property=\"article:modified_time\" content=\"2026-04-15T19:53:44+00:00\" \/>\n<meta property=\"og:image\" content=\"https:\/\/morsobaltic.com\/wp-content\/uploads\/2026\/04\/0_7443m-b19954a0.webp\" \/>\n\t<meta property=\"og:image:width\" content=\"768\" \/>\n\t<meta property=\"og:image:height\" content=\"768\" \/>\n\t<meta property=\"og:image:type\" content=\"image\/webp\" \/>\n<meta name=\"twitter:card\" content=\"summary_large_image\" \/>\n<meta name=\"twitter:label1\" content=\"Est. reading time\" \/>\n\t<meta name=\"twitter:data1\" content=\"2 minutes\" \/>\n<script type=\"application\/ld+json\" class=\"yoast-schema-graph\">{\"@context\":\"https:\\\/\\\/schema.org\",\"@graph\":[{\"@type\":\"WebPage\",\"@id\":\"https:\\\/\\\/morsobaltic.com\\\/lv\\\/produktas\\\/morso-7443-krasns-ar-malkas-nodalijumu\\\/\",\"url\":\"https:\\\/\\\/morsobaltic.com\\\/lv\\\/produktas\\\/morso-7443-krasns-ar-malkas-nodalijumu\\\/\",\"name\":\"\u010cuguna kr\u0101sns Mors\u00f8 7443 \u2013 180 gr\u0101du uguns panor\u0101ma\",\"isPartOf\":{\"@id\":\"https:\\\/\\\/morsobaltic.com\\\/lv\\\/#website\"},\"primaryImageOfPage\":{\"@id\":\"https:\\\/\\\/morsobaltic.com\\\/lv\\\/produktas\\\/morso-7443-krasns-ar-malkas-nodalijumu\\\/#primaryimage\"},\"image\":{\"@id\":\"https:\\\/\\\/morsobaltic.com\\\/lv\\\/produktas\\\/morso-7443-krasns-ar-malkas-nodalijumu\\\/#primaryimage\"},\"thumbnailUrl\":\"https:\\\/\\\/morsobaltic.com\\\/wp-content\\\/uploads\\\/2026\\\/04\\\/0_7443m-b19954a0.webp\",\"datePublished\":\"2026-04-15T19:50:32+00:00\",\"dateModified\":\"2026-04-15T19:53:44+00:00\",\"description\":\"\u010cuguna kr\u0101sns Mors\u00f8 7443 ar malkas nodal\u012bjumu un panor\u0101mas stiklu. Kompakts dizains un efekt\u012bva apkure maz\u0101k\u0101m telp\u0101m.\",\"breadcrumb\":{\"@id\":\"https:\\\/\\\/morsobaltic.com\\\/lv\\\/produktas\\\/morso-7443-krasns-ar-malkas-nodalijumu\\\/#breadcrumb\"},\"inLanguage\":\"lv-LV\",\"potentialAction\":[{\"@type\":\"ReadAction\",\"target\":[\"https:\\\/\\\/morsobaltic.com\\\/lv\\\/produktas\\\/morso-7443-krasns-ar-malkas-nodalijumu\\\/\"]}]},{\"@type\":\"ImageObject\",\"inLanguage\":\"lv-LV\",\"@id\":\"https:\\\/\\\/morsobaltic.com\\\/lv\\\/produktas\\\/morso-7443-krasns-ar-malkas-nodalijumu\\\/#primaryimage\",\"url\":\"https:\\\/\\\/morsobaltic.com\\\/wp-content\\\/uploads\\\/2026\\\/04\\\/0_7443m-b19954a0.webp\",\"contentUrl\":\"https:\\\/\\\/morsobaltic.com\\\/wp-content\\\/uploads\\\/2026\\\/04\\\/0_7443m-b19954a0.webp\",\"width\":768,\"height\":768},{\"@type\":\"BreadcrumbList\",\"@id\":\"https:\\\/\\\/morsobaltic.com\\\/lv\\\/produktas\\\/morso-7443-krasns-ar-malkas-nodalijumu\\\/#breadcrumb\",\"itemListElement\":[{\"@type\":\"ListItem\",\"position\":1,\"name\":\"Home\",\"item\":\"https:\\\/\\\/morsobaltic.com\\\/lv\\\/\"},{\"@type\":\"ListItem\",\"position\":2,\"name\":\"Veikals\",\"item\":\"https:\\\/\\\/morsobaltic.com\\\/parduotuve\\\/\"},{\"@type\":\"ListItem\",\"position\":3,\"name\":\"Mors\u00f8 7443 \u2013 kr\u0101sns ar malkas nodal\u012bjumu\"}]},{\"@type\":\"WebSite\",\"@id\":\"https:\\\/\\\/morsobaltic.com\\\/lv\\\/#website\",\"url\":\"https:\\\/\\\/morsobaltic.com\\\/lv\\\/\",\"name\":\"MORSO Baltic\",\"description\":\"\",\"alternateName\":\"MORSOBALTIC\",\"potentialAction\":[{\"@type\":\"SearchAction\",\"target\":{\"@type\":\"EntryPoint\",\"urlTemplate\":\"https:\\\/\\\/morsobaltic.com\\\/lv\\\/?s={search_term_string}\"},\"query-input\":{\"@type\":\"PropertyValueSpecification\",\"valueRequired\":true,\"valueName\":\"search_term_string\"}}],\"inLanguage\":\"lv-LV\"}]}<\/script>\n<!-- \/ Yoast SEO plugin. -->","yoast_head_json":{"title":"\u010cuguna kr\u0101sns Mors\u00f8 7443 \u2013 180 gr\u0101du uguns panor\u0101ma","description":"\u010cuguna kr\u0101sns Mors\u00f8 7443 ar malkas nodal\u012bjumu un panor\u0101mas stiklu. Kompakts dizains un efekt\u012bva apkure maz\u0101k\u0101m telp\u0101m.","robots":{"index":"index","follow":"follow","max-snippet":"max-snippet:-1","max-image-preview":"max-image-preview:large","max-video-preview":"max-video-preview:-1"},"canonical":"https:\/\/morsobaltic.com\/lv\/produktas\/morso-7443-krasns-ar-malkas-nodalijumu\/","og_locale":"lv_LV","og_type":"article","og_title":"\u010cuguna kr\u0101sns Mors\u00f8 7443 \u2013 180 gr\u0101du uguns panor\u0101ma","og_description":"\u010cuguna kr\u0101sns Mors\u00f8 7443 ar malkas nodal\u012bjumu un panor\u0101mas stiklu. Kompakts dizains un efekt\u012bva apkure maz\u0101k\u0101m telp\u0101m.","og_url":"https:\/\/morsobaltic.com\/lv\/produktas\/morso-7443-krasns-ar-malkas-nodalijumu\/","og_site_name":"MORSO Baltic","article_modified_time":"2026-04-15T19:53:44+00:00","og_image":[{"width":768,"height":768,"url":"https:\/\/morsobaltic.com\/wp-content\/uploads\/2026\/04\/0_7443m-b19954a0.webp","type":"image\/webp"}],"twitter_card":"summary_large_image","twitter_misc":{"Est. reading time":"2 minutes"},"schema":{"@context":"https:\/\/schema.org","@graph":[{"@type":"WebPage","@id":"https:\/\/morsobaltic.com\/lv\/produktas\/morso-7443-krasns-ar-malkas-nodalijumu\/","url":"https:\/\/morsobaltic.com\/lv\/produktas\/morso-7443-krasns-ar-malkas-nodalijumu\/","name":"\u010cuguna kr\u0101sns Mors\u00f8 7443 \u2013 180 gr\u0101du uguns panor\u0101ma","isPartOf":{"@id":"https:\/\/morsobaltic.com\/lv\/#website"},"primaryImageOfPage":{"@id":"https:\/\/morsobaltic.com\/lv\/produktas\/morso-7443-krasns-ar-malkas-nodalijumu\/#primaryimage"},"image":{"@id":"https:\/\/morsobaltic.com\/lv\/produktas\/morso-7443-krasns-ar-malkas-nodalijumu\/#primaryimage"},"thumbnailUrl":"https:\/\/morsobaltic.com\/wp-content\/uploads\/2026\/04\/0_7443m-b19954a0.webp","datePublished":"2026-04-15T19:50:32+00:00","dateModified":"2026-04-15T19:53:44+00:00","description":"\u010cuguna kr\u0101sns Mors\u00f8 7443 ar malkas nodal\u012bjumu un panor\u0101mas stiklu. Kompakts dizains un efekt\u012bva apkure maz\u0101k\u0101m telp\u0101m.","breadcrumb":{"@id":"https:\/\/morsobaltic.com\/lv\/produktas\/morso-7443-krasns-ar-malkas-nodalijumu\/#breadcrumb"},"inLanguage":"lv-LV","potentialAction":[{"@type":"ReadAction","target":["https:\/\/morsobaltic.com\/lv\/produktas\/morso-7443-krasns-ar-malkas-nodalijumu\/"]}]},{"@type":"ImageObject","inLanguage":"lv-LV","@id":"https:\/\/morsobaltic.com\/lv\/produktas\/morso-7443-krasns-ar-malkas-nodalijumu\/#primaryimage","url":"https:\/\/morsobaltic.com\/wp-content\/uploads\/2026\/04\/0_7443m-b19954a0.webp","contentUrl":"https:\/\/morsobaltic.com\/wp-content\/uploads\/2026\/04\/0_7443m-b19954a0.webp","width":768,"height":768},{"@type":"BreadcrumbList","@id":"https:\/\/morsobaltic.com\/lv\/produktas\/morso-7443-krasns-ar-malkas-nodalijumu\/#breadcrumb","itemListElement":[{"@type":"ListItem","position":1,"name":"Home","item":"https:\/\/morsobaltic.com\/lv\/"},{"@type":"ListItem","position":2,"name":"Veikals","item":"https:\/\/morsobaltic.com\/parduotuve\/"},{"@type":"ListItem","position":3,"name":"Mors\u00f8 7443 \u2013 kr\u0101sns ar malkas nodal\u012bjumu"}]},{"@type":"WebSite","@id":"https:\/\/morsobaltic.com\/lv\/#website","url":"https:\/\/morsobaltic.com\/lv\/","name":"MORSO Baltic","description":"","alternateName":"MORSOBALTIC","potentialAction":[{"@type":"SearchAction","target":{"@type":"EntryPoint","urlTemplate":"https:\/\/morsobaltic.com\/lv\/?s={search_term_string}"},"query-input":{"@type":"PropertyValueSpecification","valueRequired":true,"valueName":"search_term_string"}}],"inLanguage":"lv-LV"}]}},"_links":{"self":[{"href":"https:\/\/morsobaltic.com\/lv\/wp-json\/wp\/v2\/product\/8521","targetHints":{"allow":["GET"]}}],"collection":[{"href":"https:\/\/morsobaltic.com\/lv\/wp-json\/wp\/v2\/product"}],"about":[{"href":"https:\/\/morsobaltic.com\/lv\/wp-json\/wp\/v2\/types\/product"}],"replies":[{"embeddable":true,"href":"https:\/\/morsobaltic.com\/lv\/wp-json\/wp\/v2\/comments?post=8521"}],"wp:featuredmedia":[{"embeddable":true,"href":"https:\/\/morsobaltic.com\/lv\/wp-json\/wp\/v2\/media\/8514"}],"wp:attachment":[{"href":"https:\/\/morsobaltic.com\/lv\/wp-json\/wp\/v2\/media?parent=8521"}],"wp:term":[{"taxonomy":"product_brand","embeddable":true,"href":"https:\/\/morsobaltic.com\/lv\/wp-json\/wp\/v2\/product_brand?post=8521"},{"taxonomy":"product_cat","embeddable":true,"href":"https:\/\/morsobaltic.com\/lv\/wp-json\/wp\/v2\/product_cat?post=8521"},{"taxonomy":"product_tag","embeddable":true,"href":"https:\/\/morsobaltic.com\/lv\/wp-json\/wp\/v2\/product_tag?post=8521"}],"curies":[{"name":"wp","href":"https:\/\/api.w.org\/{rel}","templated":true}]}}