{"id":8557,"date":"2026-04-15T20:30:36","date_gmt":"2026-04-15T20:30:36","guid":{"rendered":"https:\/\/morsobaltic.com\/produktas\/morso-krosneliu-silumos-akumuliacija\/"},"modified":"2026-04-15T20:33:17","modified_gmt":"2026-04-15T20:33:17","slug":"morso-siltuma-akumulacija","status":"publish","type":"product","link":"https:\/\/morsobaltic.com\/lv\/produktas\/morso-siltuma-akumulacija\/","title":{"rendered":"Mors\u00f8 siltuma akumul\u0101cija"},"content":{"rendered":"<h4>Mors\u00f8 sist\u0113mas \u2013 efekt\u012bva ener\u0123ijas izmanto\u0161ana<\/h4>\n<p>\u0160is process \u013cauj v\u0113l efekt\u012bv\u0101k izmantot malkas kr\u0101sns rad\u012bto ener\u0123iju un baud\u012bt siltumu daudzas stundas p\u0113c uguns nodzi\u0161anas. Aug\u0161\u0113jos modu\u013cos uzst\u0101d\u012btie \u012bpa\u0161ie akmens elementi absorb\u0113 deg\u0161anas laik\u0101 radu\u0161os ener\u0123iju un l\u0113ni atdod to apk\u0101rt\u0113j\u0101 vid\u0113. Papildus funkcion\u0101lajiem ieguvumiem \u0161\u0101da siltuma akumul\u0101cija pie\u0161\u0137ir kr\u0101snij augstu, slaidu un ekskluz\u012bvu izskatu, p\u0101rv\u0113r\u0161ot to par greznu interjera akcentu.<\/p>\n<p>Izmantojot regul\u0113\u0161anas bloku, j\u016bs varat pa\u0161i izv\u0113l\u0113ties, k\u0101 sadal\u012bt ener\u0123iju: vai nekav\u0113joties to atdot telpai, vai uzkr\u0101t akme\u0146os v\u0113l\u0101kam laikam. Tas nodro\u0161ina lab\u0101ku telpas temperat\u016bras kontroli un garant\u0113 maz\u0101ku degvielas pat\u0113ri\u0146u.<\/p>\n<h5>Risin\u0101jumi 6100 un 6800 s\u0113rij\u0101m<\/h5>\n<p>Vis\u0101m 6100 un 6800 s\u0113rijas kr\u0101sn\u012bm var pievienot aug\u0161\u0113jo moduli. Taj\u0101 tiek uzst\u0101d\u012bta \u012bpa\u0161a siltuma akumul\u0101cija ar diviem akme\u0146iem (28 kg) un regul\u0113\u0161anas ier\u012bci. Ja kr\u0101sns tiek uzst\u0101d\u012bta ar d\u016bmvada izvadu uz aizmuguri, papildus var pievienot v\u0113l vienu 7 kg akmeni. T\u0101d\u0113j\u0101di nelielas, bet efekt\u012bvas kr\u0101sns aug\u0161da\u013c\u0101 tiek uzkr\u0101ti pat 35 kg akumul\u0113jo\u0161o materi\u0101lu.<\/p>\n<h5>Risin\u0101jumi 7800 un 7900 s\u0113rij\u0101m<\/h5>\n<p>7800 un 7900 s\u0113rijas mode\u013ciem tiek pied\u0101v\u0101ti zemi vai augsti aug\u0161\u0113jie modu\u013ci. Zemaj\u0101 modul\u012b siltuma akumul\u0101cija tiek nodro\u0161in\u0101ta ar vienu akumul\u0101cijas akmeni ar regul\u0113\u0161anas funkciju. Izv\u0113loties augsto moduli, taj\u0101 tiek uzst\u0101d\u012bts akmens ar regulatoru un divi papildu standarta elementi. Tas nodro\u0161ina maksim\u0101lu ener\u0123ijas saglab\u0101\u0161anu, jo \u0161\u0101da siltuma akumul\u0101cija vienm\u0113r\u012bgi izstaro temperat\u016bru v\u0113l ilgi p\u0113c apkures beig\u0101m.<\/p>\n","protected":false},"excerpt":{"rendered":"<p>M\u0113r\u0137is: Siltuma saglab\u0101\u0161anas modulis Mors\u00f8 kr\u0101sn\u012bm<br \/>\nSader\u012bba: 6100, 6800, 7800, 7900 s\u0113rijas<br \/>\nAkumul\u0101cijas masa: No 28 l\u012bdz 35 kg<br \/>\n\u012apa\u0161\u012bbas: Siltuma pl\u016bsmas regul\u0113\u0161ana, l\u0113na siltuma atdeve, ekskluz\u012bvs dizains<br \/>\nIeguvumi: Maz\u0101ks degvielas pat\u0113ri\u0146\u0161, stabila m\u0101jas temperat\u016bra, stil\u012bgs augstais korpuss<\/p>\n","protected":false},"featured_media":8549,"comment_status":"closed","ping_status":"closed","template":"","meta":[],"product_brand":[],"product_cat":[223,134],"product_tag":[],"class_list":{"0":"post-8557","1":"product","2":"type-product","3":"status-publish","4":"has-post-thumbnail","6":"product_cat-citi","7":"product_cat-kaminkrasnis-piederumi","9":"first","10":"instock","11":"taxable","12":"shipping-taxable","13":"product-type-simple"},"yoast_head":"<!-- This site is optimized with the Yoast SEO plugin v27.5 - https:\/\/yoast.com\/product\/yoast-seo-wordpress\/ -->\n<title>Mors\u00f8 kr\u0101\u0161\u0146u siltuma akumul\u0101cija \u2013 MORSO Baltic<\/title>\n<meta name=\"description\" content=\"Mors\u00f8 piederumi 6100, 6800, 7800 un 7900 s\u0113rij\u0101m. Akumul\u0101cijas akme\u0146i \u013cauj baud\u012bt siltumu v\u0113l ilg\u0101k p\u0113c p\u0113d\u0113j\u0101s malkas ielik\u0161anas.\" \/>\n<meta name=\"robots\" content=\"index, follow, max-snippet:-1, max-image-preview:large, max-video-preview:-1\" \/>\n<link rel=\"canonical\" href=\"https:\/\/morsobaltic.com\/lv\/produktas\/morso-siltuma-akumulacija\/\" \/>\n<meta property=\"og:locale\" content=\"lv_LV\" \/>\n<meta property=\"og:type\" content=\"article\" \/>\n<meta property=\"og:title\" content=\"Mors\u00f8 kr\u0101\u0161\u0146u siltuma akumul\u0101cija \u2013 MORSO Baltic\" \/>\n<meta property=\"og:description\" content=\"Mors\u00f8 piederumi 6100, 6800, 7800 un 7900 s\u0113rij\u0101m. Akumul\u0101cijas akme\u0146i \u013cauj baud\u012bt siltumu v\u0113l ilg\u0101k p\u0113c p\u0113d\u0113j\u0101s malkas ielik\u0161anas.\" \/>\n<meta property=\"og:url\" content=\"https:\/\/morsobaltic.com\/lv\/produktas\/morso-siltuma-akumulacija\/\" \/>\n<meta property=\"og:site_name\" content=\"MORSO Baltic\" \/>\n<meta property=\"article:modified_time\" content=\"2026-04-15T20:33:17+00:00\" \/>\n<meta property=\"og:image\" content=\"https:\/\/morsobaltic.com\/wp-content\/uploads\/2026\/04\/0_6143_frit_front_varmetop_heatstorage-b8e4709c.webp\" \/>\n\t<meta property=\"og:image:width\" content=\"768\" \/>\n\t<meta property=\"og:image:height\" content=\"768\" \/>\n\t<meta property=\"og:image:type\" content=\"image\/webp\" \/>\n<meta name=\"twitter:card\" content=\"summary_large_image\" \/>\n<meta name=\"twitter:label1\" content=\"Est. reading time\" \/>\n\t<meta name=\"twitter:data1\" content=\"2 minutes\" \/>\n<script type=\"application\/ld+json\" class=\"yoast-schema-graph\">{\"@context\":\"https:\\\/\\\/schema.org\",\"@graph\":[{\"@type\":\"WebPage\",\"@id\":\"https:\\\/\\\/morsobaltic.com\\\/lv\\\/produktas\\\/morso-siltuma-akumulacija\\\/\",\"url\":\"https:\\\/\\\/morsobaltic.com\\\/lv\\\/produktas\\\/morso-siltuma-akumulacija\\\/\",\"name\":\"Mors\u00f8 kr\u0101\u0161\u0146u siltuma akumul\u0101cija \u2013 MORSO Baltic\",\"isPartOf\":{\"@id\":\"https:\\\/\\\/morsobaltic.com\\\/lv\\\/#website\"},\"primaryImageOfPage\":{\"@id\":\"https:\\\/\\\/morsobaltic.com\\\/lv\\\/produktas\\\/morso-siltuma-akumulacija\\\/#primaryimage\"},\"image\":{\"@id\":\"https:\\\/\\\/morsobaltic.com\\\/lv\\\/produktas\\\/morso-siltuma-akumulacija\\\/#primaryimage\"},\"thumbnailUrl\":\"https:\\\/\\\/morsobaltic.com\\\/wp-content\\\/uploads\\\/2026\\\/04\\\/0_6143_frit_front_varmetop_heatstorage-b8e4709c.webp\",\"datePublished\":\"2026-04-15T20:30:36+00:00\",\"dateModified\":\"2026-04-15T20:33:17+00:00\",\"description\":\"Mors\u00f8 piederumi 6100, 6800, 7800 un 7900 s\u0113rij\u0101m. Akumul\u0101cijas akme\u0146i \u013cauj baud\u012bt siltumu v\u0113l ilg\u0101k p\u0113c p\u0113d\u0113j\u0101s malkas ielik\u0161anas.\",\"breadcrumb\":{\"@id\":\"https:\\\/\\\/morsobaltic.com\\\/lv\\\/produktas\\\/morso-siltuma-akumulacija\\\/#breadcrumb\"},\"inLanguage\":\"lv-LV\",\"potentialAction\":[{\"@type\":\"ReadAction\",\"target\":[\"https:\\\/\\\/morsobaltic.com\\\/lv\\\/produktas\\\/morso-siltuma-akumulacija\\\/\"]}]},{\"@type\":\"ImageObject\",\"inLanguage\":\"lv-LV\",\"@id\":\"https:\\\/\\\/morsobaltic.com\\\/lv\\\/produktas\\\/morso-siltuma-akumulacija\\\/#primaryimage\",\"url\":\"https:\\\/\\\/morsobaltic.com\\\/wp-content\\\/uploads\\\/2026\\\/04\\\/0_6143_frit_front_varmetop_heatstorage-b8e4709c.webp\",\"contentUrl\":\"https:\\\/\\\/morsobaltic.com\\\/wp-content\\\/uploads\\\/2026\\\/04\\\/0_6143_frit_front_varmetop_heatstorage-b8e4709c.webp\",\"width\":768,\"height\":768},{\"@type\":\"BreadcrumbList\",\"@id\":\"https:\\\/\\\/morsobaltic.com\\\/lv\\\/produktas\\\/morso-siltuma-akumulacija\\\/#breadcrumb\",\"itemListElement\":[{\"@type\":\"ListItem\",\"position\":1,\"name\":\"Home\",\"item\":\"https:\\\/\\\/morsobaltic.com\\\/lv\\\/\"},{\"@type\":\"ListItem\",\"position\":2,\"name\":\"Veikals\",\"item\":\"https:\\\/\\\/morsobaltic.com\\\/parduotuve\\\/\"},{\"@type\":\"ListItem\",\"position\":3,\"name\":\"Mors\u00f8 siltuma akumul\u0101cija\"}]},{\"@type\":\"WebSite\",\"@id\":\"https:\\\/\\\/morsobaltic.com\\\/lv\\\/#website\",\"url\":\"https:\\\/\\\/morsobaltic.com\\\/lv\\\/\",\"name\":\"MORSO Baltic\",\"description\":\"\",\"alternateName\":\"MORSOBALTIC\",\"potentialAction\":[{\"@type\":\"SearchAction\",\"target\":{\"@type\":\"EntryPoint\",\"urlTemplate\":\"https:\\\/\\\/morsobaltic.com\\\/lv\\\/?s={search_term_string}\"},\"query-input\":{\"@type\":\"PropertyValueSpecification\",\"valueRequired\":true,\"valueName\":\"search_term_string\"}}],\"inLanguage\":\"lv-LV\"}]}<\/script>\n<!-- \/ Yoast SEO plugin. -->","yoast_head_json":{"title":"Mors\u00f8 kr\u0101\u0161\u0146u siltuma akumul\u0101cija \u2013 MORSO Baltic","description":"Mors\u00f8 piederumi 6100, 6800, 7800 un 7900 s\u0113rij\u0101m. Akumul\u0101cijas akme\u0146i \u013cauj baud\u012bt siltumu v\u0113l ilg\u0101k p\u0113c p\u0113d\u0113j\u0101s malkas ielik\u0161anas.","robots":{"index":"index","follow":"follow","max-snippet":"max-snippet:-1","max-image-preview":"max-image-preview:large","max-video-preview":"max-video-preview:-1"},"canonical":"https:\/\/morsobaltic.com\/lv\/produktas\/morso-siltuma-akumulacija\/","og_locale":"lv_LV","og_type":"article","og_title":"Mors\u00f8 kr\u0101\u0161\u0146u siltuma akumul\u0101cija \u2013 MORSO Baltic","og_description":"Mors\u00f8 piederumi 6100, 6800, 7800 un 7900 s\u0113rij\u0101m. Akumul\u0101cijas akme\u0146i \u013cauj baud\u012bt siltumu v\u0113l ilg\u0101k p\u0113c p\u0113d\u0113j\u0101s malkas ielik\u0161anas.","og_url":"https:\/\/morsobaltic.com\/lv\/produktas\/morso-siltuma-akumulacija\/","og_site_name":"MORSO Baltic","article_modified_time":"2026-04-15T20:33:17+00:00","og_image":[{"width":768,"height":768,"url":"https:\/\/morsobaltic.com\/wp-content\/uploads\/2026\/04\/0_6143_frit_front_varmetop_heatstorage-b8e4709c.webp","type":"image\/webp"}],"twitter_card":"summary_large_image","twitter_misc":{"Est. reading time":"2 minutes"},"schema":{"@context":"https:\/\/schema.org","@graph":[{"@type":"WebPage","@id":"https:\/\/morsobaltic.com\/lv\/produktas\/morso-siltuma-akumulacija\/","url":"https:\/\/morsobaltic.com\/lv\/produktas\/morso-siltuma-akumulacija\/","name":"Mors\u00f8 kr\u0101\u0161\u0146u siltuma akumul\u0101cija \u2013 MORSO Baltic","isPartOf":{"@id":"https:\/\/morsobaltic.com\/lv\/#website"},"primaryImageOfPage":{"@id":"https:\/\/morsobaltic.com\/lv\/produktas\/morso-siltuma-akumulacija\/#primaryimage"},"image":{"@id":"https:\/\/morsobaltic.com\/lv\/produktas\/morso-siltuma-akumulacija\/#primaryimage"},"thumbnailUrl":"https:\/\/morsobaltic.com\/wp-content\/uploads\/2026\/04\/0_6143_frit_front_varmetop_heatstorage-b8e4709c.webp","datePublished":"2026-04-15T20:30:36+00:00","dateModified":"2026-04-15T20:33:17+00:00","description":"Mors\u00f8 piederumi 6100, 6800, 7800 un 7900 s\u0113rij\u0101m. Akumul\u0101cijas akme\u0146i \u013cauj baud\u012bt siltumu v\u0113l ilg\u0101k p\u0113c p\u0113d\u0113j\u0101s malkas ielik\u0161anas.","breadcrumb":{"@id":"https:\/\/morsobaltic.com\/lv\/produktas\/morso-siltuma-akumulacija\/#breadcrumb"},"inLanguage":"lv-LV","potentialAction":[{"@type":"ReadAction","target":["https:\/\/morsobaltic.com\/lv\/produktas\/morso-siltuma-akumulacija\/"]}]},{"@type":"ImageObject","inLanguage":"lv-LV","@id":"https:\/\/morsobaltic.com\/lv\/produktas\/morso-siltuma-akumulacija\/#primaryimage","url":"https:\/\/morsobaltic.com\/wp-content\/uploads\/2026\/04\/0_6143_frit_front_varmetop_heatstorage-b8e4709c.webp","contentUrl":"https:\/\/morsobaltic.com\/wp-content\/uploads\/2026\/04\/0_6143_frit_front_varmetop_heatstorage-b8e4709c.webp","width":768,"height":768},{"@type":"BreadcrumbList","@id":"https:\/\/morsobaltic.com\/lv\/produktas\/morso-siltuma-akumulacija\/#breadcrumb","itemListElement":[{"@type":"ListItem","position":1,"name":"Home","item":"https:\/\/morsobaltic.com\/lv\/"},{"@type":"ListItem","position":2,"name":"Veikals","item":"https:\/\/morsobaltic.com\/parduotuve\/"},{"@type":"ListItem","position":3,"name":"Mors\u00f8 siltuma akumul\u0101cija"}]},{"@type":"WebSite","@id":"https:\/\/morsobaltic.com\/lv\/#website","url":"https:\/\/morsobaltic.com\/lv\/","name":"MORSO Baltic","description":"","alternateName":"MORSOBALTIC","potentialAction":[{"@type":"SearchAction","target":{"@type":"EntryPoint","urlTemplate":"https:\/\/morsobaltic.com\/lv\/?s={search_term_string}"},"query-input":{"@type":"PropertyValueSpecification","valueRequired":true,"valueName":"search_term_string"}}],"inLanguage":"lv-LV"}]}},"_links":{"self":[{"href":"https:\/\/morsobaltic.com\/lv\/wp-json\/wp\/v2\/product\/8557","targetHints":{"allow":["GET"]}}],"collection":[{"href":"https:\/\/morsobaltic.com\/lv\/wp-json\/wp\/v2\/product"}],"about":[{"href":"https:\/\/morsobaltic.com\/lv\/wp-json\/wp\/v2\/types\/product"}],"replies":[{"embeddable":true,"href":"https:\/\/morsobaltic.com\/lv\/wp-json\/wp\/v2\/comments?post=8557"}],"wp:featuredmedia":[{"embeddable":true,"href":"https:\/\/morsobaltic.com\/lv\/wp-json\/wp\/v2\/media\/8549"}],"wp:attachment":[{"href":"https:\/\/morsobaltic.com\/lv\/wp-json\/wp\/v2\/media?parent=8557"}],"wp:term":[{"taxonomy":"product_brand","embeddable":true,"href":"https:\/\/morsobaltic.com\/lv\/wp-json\/wp\/v2\/product_brand?post=8557"},{"taxonomy":"product_cat","embeddable":true,"href":"https:\/\/morsobaltic.com\/lv\/wp-json\/wp\/v2\/product_cat?post=8557"},{"taxonomy":"product_tag","embeddable":true,"href":"https:\/\/morsobaltic.com\/lv\/wp-json\/wp\/v2\/product_tag?post=8557"}],"curies":[{"name":"wp","href":"https:\/\/api.w.org\/{rel}","templated":true}]}}